{"id":7600,"date":"2025-11-17T13:05:24","date_gmt":"2025-11-17T17:05:24","guid":{"rendered":"https:\/\/tropiques-atrium.fr\/scene-nationale\/?page_id=7600"},"modified":"2025-11-18T13:05:49","modified_gmt":"2025-11-18T17:05:49","slug":"classe-theatre-jeunes-les-formateurs","status":"publish","type":"page","link":"https:\/\/tropiques-atrium.fr\/scene-nationale\/classe-theatre-jeunes-les-formateurs\/","title":{"rendered":"Classe Th\u00e9\u00e2tre Jeunes : Les formateurs"},"content":{"rendered":"\t\t<div data-elementor-type=\"wp-page\" data-elementor-id=\"7600\" class=\"elementor elementor-7600\" data-elementor-post-type=\"page\">\n\t\t\t\t<div class=\"elementor-element elementor-element-32d9ace9 e-flex e-con-boxed e-con e-parent\" data-id=\"32d9ace9\" data-element_type=\"container\" data-settings=\"{&quot;background_background&quot;:&quot;classic&quot;}\">\n\t\t\t\t\t<div class=\"e-con-inner\">\n\t\t\t\t<div class=\"elementor-element elementor-element-418caaa7 elementor-widget elementor-widget-spacer\" data-id=\"418caaa7\" data-element_type=\"widget\" data-widget_type=\"spacer.default\">\n\t\t\t\t<div class=\"elementor-widget-container\">\n\t\t\t<style>\/*! elementor - v3.23.0 - 05-08-2024 *\/\n.elementor-column .elementor-spacer-inner{height:var(--spacer-size)}.e-con{--container-widget-width:100%}.e-con-inner>.elementor-widget-spacer,.e-con>.elementor-widget-spacer{width:var(--container-widget-width,var(--spacer-size));--align-self:var(--container-widget-align-self,initial);--flex-shrink:0}.e-con-inner>.elementor-widget-spacer>.elementor-widget-container,.e-con>.elementor-widget-spacer>.elementor-widget-container{height:100%;width:100%}.e-con-inner>.elementor-widget-spacer>.elementor-widget-container>.elementor-spacer,.e-con>.elementor-widget-spacer>.elementor-widget-container>.elementor-spacer{height:100%}.e-con-inner>.elementor-widget-spacer>.elementor-widget-container>.elementor-spacer>.elementor-spacer-inner,.e-con>.elementor-widget-spacer>.elementor-widget-container>.elementor-spacer>.elementor-spacer-inner{height:var(--container-widget-height,var(--spacer-size))}.e-con-inner>.elementor-widget-spacer.elementor-widget-empty,.e-con>.elementor-widget-spacer.elementor-widget-empty{position:relative;min-height:22px;min-width:22px}.e-con-inner>.elementor-widget-spacer.elementor-widget-empty .elementor-widget-empty-icon,.e-con>.elementor-widget-spacer.elementor-widget-empty .elementor-widget-empty-icon{position:absolute;top:0;bottom:0;left:0;right:0;margin:auto;padding:0;width:22px;height:22px}<\/style>\t\t<div class=\"elementor-spacer\">\n\t\t\t<div class=\"elementor-spacer-inner\"><\/div>\n\t\t<\/div>\n\t\t\t\t<\/div>\n\t\t\t\t<\/div>\n\t\t\t\t\t<\/div>\n\t\t\t\t<\/div>\n\t\t<div class=\"elementor-element elementor-element-2190664a e-flex e-con-boxed e-con e-parent\" data-id=\"2190664a\" data-element_type=\"container\">\n\t\t\t\t\t<div class=\"e-con-inner\">\n\t\t<div class=\"elementor-element elementor-element-1ad8be78 e-grid e-con-boxed e-con e-child\" data-id=\"1ad8be78\" data-element_type=\"container\" data-settings=\"{&quot;background_background&quot;:&quot;classic&quot;}\">\n\t\t\t\t\t<div class=\"e-con-inner\">\n\t\t\t\t<div class=\"elementor-element elementor-element-11cfe52e elementor-widget__width-initial elementor-widget elementor-widget-text-editor\" data-id=\"11cfe52e\" data-element_type=\"widget\" data-widget_type=\"text-editor.default\">\n\t\t\t\t<div class=\"elementor-widget-container\">\n\t\t\t<style>\/*! elementor - v3.23.0 - 05-08-2024 *\/\n.elementor-widget-text-editor.elementor-drop-cap-view-stacked .elementor-drop-cap{background-color:#69727d;color:#fff}.elementor-widget-text-editor.elementor-drop-cap-view-framed .elementor-drop-cap{color:#69727d;border:3px solid;background-color:transparent}.elementor-widget-text-editor:not(.elementor-drop-cap-view-default) .elementor-drop-cap{margin-top:8px}.elementor-widget-text-editor:not(.elementor-drop-cap-view-default) .elementor-drop-cap-letter{width:1em;height:1em}.elementor-widget-text-editor .elementor-drop-cap{float:left;text-align:center;line-height:1;font-size:50px}.elementor-widget-text-editor .elementor-drop-cap-letter{display:inline-block}<\/style>\t\t\t\t<p style=\"text-align: center;\"><!--StartFragment --><\/p><p class=\"pf0\"><span style=\"font-size: 18px;\"><strong><span class=\"cf0\">La Classe Th\u00e9\u00e2tre Jeunes de Tropiques Atrium est une formation compl\u00e8te pour d\u00e9couvrir les fondamentaux du jeu, la rigueur du plateau et les m\u00e9tiers du th\u00e9\u00e2tre aux c\u00f4t\u00e9s de professionnels reconnus.<\/span><\/strong><\/span><\/p><p style=\"text-align: center;\"><span style=\"font-size: 18px;\"><strong><!--EndFragment --><\/strong><\/span><\/p>\t\t\t\t\t\t<\/div>\n\t\t\t\t<\/div>\n\t\t\t\t<div class=\"elementor-element elementor-element-81d75ae elementor-widget__width-initial elementor-widget elementor-widget-text-editor\" data-id=\"81d75ae\" data-element_type=\"widget\" data-widget_type=\"text-editor.default\">\n\t\t\t\t<div class=\"elementor-widget-container\">\n\t\t\t\t\t\t\t<p style=\"text-align: center;\"><!--StartFragment --><\/p><p class=\"pf0\"><span style=\"font-size: 18px;\"><strong><span class=\"cf0\">Cette formation, ancr\u00e9e dans la mission d\u2019accompagnement et de professionnalisation de Tropiques Atrium, participe depuis plusieurs ann\u00e9es \u00e0 l\u2019\u00e9mergence artistique de jeunes talents martiniquais et beaucoup d\u2019anciens \u00e9l\u00e8ves poursuivent aujourd\u2019hui une carri\u00e8re artistique en Martinique et ailleurs.<\/span><\/strong><\/span><\/p><p style=\"text-align: center;\"><span style=\"font-size: 18px;\"><strong><!--EndFragment --><\/strong><\/span><\/p>\t\t\t\t\t\t<\/div>\n\t\t\t\t<\/div>\n\t\t\t\t\t<\/div>\n\t\t\t\t<\/div>\n\t\t<div class=\"elementor-element elementor-element-1fbf8347 e-con-full e-flex e-con e-child\" data-id=\"1fbf8347\" data-element_type=\"container\">\n\t\t\t\t<div class=\"elementor-element elementor-element-91d2a44 elementor-widget elementor-widget-spacer\" data-id=\"91d2a44\" data-element_type=\"widget\" data-widget_type=\"spacer.default\">\n\t\t\t\t<div class=\"elementor-widget-container\">\n\t\t\t\t\t<div class=\"elementor-spacer\">\n\t\t\t<div class=\"elementor-spacer-inner\"><\/div>\n\t\t<\/div>\n\t\t\t\t<\/div>\n\t\t\t\t<\/div>\n\t\t\t\t<\/div>\n\t\t\t\t\t<\/div>\n\t\t\t\t<\/div>\n\t\t<div class=\"elementor-element elementor-element-23aea016 e-flex e-con-boxed e-con e-parent\" data-id=\"23aea016\" data-element_type=\"container\">\n\t\t\t\t\t<div class=\"e-con-inner\">\n\t\t\t\t<div class=\"elementor-element elementor-element-34edab1d elementor-widget elementor-widget-heading\" data-id=\"34edab1d\" data-element_type=\"widget\" data-widget_type=\"heading.default\">\n\t\t\t\t<div class=\"elementor-widget-container\">\n\t\t\t<style>\/*! elementor - v3.23.0 - 05-08-2024 *\/\n.elementor-heading-title{padding:0;margin:0;line-height:1}.elementor-widget-heading .elementor-heading-title[class*=elementor-size-]>a{color:inherit;font-size:inherit;line-height:inherit}.elementor-widget-heading .elementor-heading-title.elementor-size-small{font-size:15px}.elementor-widget-heading .elementor-heading-title.elementor-size-medium{font-size:19px}.elementor-widget-heading .elementor-heading-title.elementor-size-large{font-size:29px}.elementor-widget-heading .elementor-heading-title.elementor-size-xl{font-size:39px}.elementor-widget-heading .elementor-heading-title.elementor-size-xxl{font-size:59px}<\/style><h1 class=\"elementor-heading-title elementor-size-default\">Les formateurs :<\/h1>\t\t<\/div>\n\t\t\t\t<\/div>\n\t\t\t\t\t<\/div>\n\t\t\t\t<\/div>\n\t\t<div class=\"elementor-element elementor-element-578e8b23 e-flex e-con-boxed e-con e-parent\" data-id=\"578e8b23\" data-element_type=\"container\">\n\t\t\t\t\t<div class=\"e-con-inner\">\n\t\t<div class=\"elementor-element elementor-element-169b9361 e-con-full e-flex e-con e-child\" data-id=\"169b9361\" data-element_type=\"container\">\n\t\t\t\t<div class=\"elementor-element elementor-element-545f7233 elementor-widget elementor-widget-heading\" data-id=\"545f7233\" data-element_type=\"widget\" data-widget_type=\"heading.default\">\n\t\t\t\t<div class=\"elementor-widget-container\">\n\t\t\t<h3 class=\"elementor-heading-title elementor-size-default\">Jos\u00e9 Dalmat<\/h3>\t\t<\/div>\n\t\t\t\t<\/div>\n\t\t\t\t<div class=\"elementor-element elementor-element-5da6f04a elementor-widget elementor-widget-text-editor\" data-id=\"5da6f04a\" data-element_type=\"widget\" data-widget_type=\"text-editor.default\">\n\t\t\t\t<div class=\"elementor-widget-container\">\n\t\t\t\t\t\t\t<p>Jos\u00e9 Dalmat est un com\u00e9dien et artiste pluridisciplinaire martiniquais, form\u00e9 aupr\u00e8s de grands noms du th\u00e9\u00e2tre et actif depuis 1982 sur sc\u00e8ne, aux Antilles et en France.<br \/>Jos\u00e9 Dalmat d\u00e9bute sa carri\u00e8re en 1982 au Th\u00e9\u00e2tre de la Soif Nouvelle\/CDR en Martinique, o\u00f9 il joue une vingtaine de pi\u00e8ces vari\u00e9es allant du r\u00e9pertoire classique, comme Antigone de Sophocle mise en sc\u00e8ne de Ren\u00e9 LOYON &#8211; Th\u00e9\u00e2tre Soif Nouvelle , \u00e0 des cr\u00e9ations contemporaines telles que L\u2019ENFANT DES PASSAGES, d\u2019Ina CESAIRE, mise en sc\u00e8ne Annick JUSTIN JOSEPH Th\u00e9\u00e2tre de la Soif Nouvelle<\/p><p>Il perfectionne son art aupr\u00e8s de metteurs en sc\u00e8ne renomm\u00e9s venus en Martinique, parmi lesquels Pierre Vial, Philippe Adrien, Jean Marie Winling, Pierre Debauche, Med Hondo ou Wol\u00e9 Soyinka, avec qui il part en tourn\u00e9e en Europe et en Afrique en 1986.<br \/>\u00c0 partir de 1989, Jos\u00e9 Dalmat s\u2019installe principalement en France, poursuivant sa formation au sein de l\u2019\u00c9cole Internationale de Th\u00e9\u00e2tre Jacques LECOQ \u00e0 Paris pendant trois ans, mais \u00e9galement au Th\u00e9\u00e2tre du Soleil dirig\u00e9 par Ariane Mnouchkine. Il est Titulaire d\u2019une Licence d\u2019Etudes Th\u00e9\u00e2trale (Sorbonne III).<br \/>Il continue \u00e0 d\u00e9velopper ses talents de conteur, animateur radio et d\u2019artiste<br \/>P\u00e9dagogue, tout en intervenant r\u00e9guli\u00e8rement en milieu scolaire pour partager sa passion du th\u00e9\u00e2tre et sensibiliser les jeunes aux arts dramatiques.<\/p><p>Ainsi, son parcours est marqu\u00e9 par une combinaison de pratique sc\u00e9nique, d\u2019enseignement artistique, et de mise en sc\u00e8ne, t\u00e9moignage de son engagement durable dans la diffusion et la transmission du th\u00e9\u00e2tre tant en Martinique qu\u2019en France et \u00e0 l\u2019\u00e9tranger.<\/p>\t\t\t\t\t\t<\/div>\n\t\t\t\t<\/div>\n\t\t\t\t<\/div>\n\t\t<div class=\"elementor-element elementor-element-1399f38a e-con-full e-flex e-con e-child\" data-id=\"1399f38a\" data-element_type=\"container\">\n\t\t\t\t<div class=\"elementor-element elementor-element-23c07a00 elementor-widget elementor-widget-image\" data-id=\"23c07a00\" data-element_type=\"widget\" data-widget_type=\"image.default\">\n\t\t\t\t<div class=\"elementor-widget-container\">\n\t\t\t<style>\/*! elementor - v3.23.0 - 05-08-2024 *\/\n.elementor-widget-image{text-align:center}.elementor-widget-image a{display:inline-block}.elementor-widget-image a img[src$=\".svg\"]{width:48px}.elementor-widget-image img{vertical-align:middle;display:inline-block}<\/style>\t\t\t\t\t\t\t\t\t\t<img fetchpriority=\"high\" decoding=\"async\" width=\"658\" height=\"658\" src=\"https:\/\/tropiques-atrium.fr\/scene-nationale\/wp-content\/uploads\/sites\/13\/2025\/11\/Jose-Dalmat-Formation-atelier-jeunes-Tropiques-Atrium-2.jpg\" class=\"attachment-large size-large wp-image-7603\" alt=\"\" srcset=\"https:\/\/tropiques-atrium.fr\/scene-nationale\/wp-content\/uploads\/sites\/13\/2025\/11\/Jose-Dalmat-Formation-atelier-jeunes-Tropiques-Atrium-2.jpg 658w, https:\/\/tropiques-atrium.fr\/scene-nationale\/wp-content\/uploads\/sites\/13\/2025\/11\/Jose-Dalmat-Formation-atelier-jeunes-Tropiques-Atrium-2-300x300.jpg 300w, https:\/\/tropiques-atrium.fr\/scene-nationale\/wp-content\/uploads\/sites\/13\/2025\/11\/Jose-Dalmat-Formation-atelier-jeunes-Tropiques-Atrium-2-150x150.jpg 150w, https:\/\/tropiques-atrium.fr\/scene-nationale\/wp-content\/uploads\/sites\/13\/2025\/11\/Jose-Dalmat-Formation-atelier-jeunes-Tropiques-Atrium-2-585x585.jpg 585w, https:\/\/tropiques-atrium.fr\/scene-nationale\/wp-content\/uploads\/sites\/13\/2025\/11\/Jose-Dalmat-Formation-atelier-jeunes-Tropiques-Atrium-2-220x220.jpg 220w, https:\/\/tropiques-atrium.fr\/scene-nationale\/wp-content\/uploads\/sites\/13\/2025\/11\/Jose-Dalmat-Formation-atelier-jeunes-Tropiques-Atrium-2-80x80.jpg 80w\" sizes=\"(max-width: 658px) 100vw, 658px\" \/>\t\t\t\t\t\t\t\t\t\t\t\t\t<\/div>\n\t\t\t\t<\/div>\n\t\t\t\t<\/div>\n\t\t\t\t\t<\/div>\n\t\t\t\t<\/div>\n\t\t<div class=\"elementor-element elementor-element-38c38305 e-flex e-con-boxed e-con e-parent\" data-id=\"38c38305\" data-element_type=\"container\">\n\t\t\t\t\t<div class=\"e-con-inner\">\n\t\t<div class=\"elementor-element elementor-element-2b2be661 e-con-full e-flex e-con e-child\" data-id=\"2b2be661\" data-element_type=\"container\">\n\t\t\t\t<div class=\"elementor-element elementor-element-69fc406f elementor-widget elementor-widget-image\" data-id=\"69fc406f\" data-element_type=\"widget\" data-widget_type=\"image.default\">\n\t\t\t\t<div class=\"elementor-widget-container\">\n\t\t\t\t\t\t\t\t\t\t\t\t\t<img decoding=\"async\" width=\"1024\" height=\"1024\" src=\"https:\/\/tropiques-atrium.fr\/scene-nationale\/wp-content\/uploads\/sites\/13\/2025\/11\/Rita-Ravier-Formation-atelier-jeunes-Tropiques-Atrium-1024x1024.jpg\" class=\"attachment-large size-large wp-image-7605\" alt=\"\" srcset=\"https:\/\/tropiques-atrium.fr\/scene-nationale\/wp-content\/uploads\/sites\/13\/2025\/11\/Rita-Ravier-Formation-atelier-jeunes-Tropiques-Atrium-1024x1024.jpg 1024w, https:\/\/tropiques-atrium.fr\/scene-nationale\/wp-content\/uploads\/sites\/13\/2025\/11\/Rita-Ravier-Formation-atelier-jeunes-Tropiques-Atrium-300x300.jpg 300w, https:\/\/tropiques-atrium.fr\/scene-nationale\/wp-content\/uploads\/sites\/13\/2025\/11\/Rita-Ravier-Formation-atelier-jeunes-Tropiques-Atrium-150x150.jpg 150w, https:\/\/tropiques-atrium.fr\/scene-nationale\/wp-content\/uploads\/sites\/13\/2025\/11\/Rita-Ravier-Formation-atelier-jeunes-Tropiques-Atrium-768x768.jpg 768w, https:\/\/tropiques-atrium.fr\/scene-nationale\/wp-content\/uploads\/sites\/13\/2025\/11\/Rita-Ravier-Formation-atelier-jeunes-Tropiques-Atrium-585x585.jpg 585w, https:\/\/tropiques-atrium.fr\/scene-nationale\/wp-content\/uploads\/sites\/13\/2025\/11\/Rita-Ravier-Formation-atelier-jeunes-Tropiques-Atrium-220x220.jpg 220w, https:\/\/tropiques-atrium.fr\/scene-nationale\/wp-content\/uploads\/sites\/13\/2025\/11\/Rita-Ravier-Formation-atelier-jeunes-Tropiques-Atrium-80x80.jpg 80w, https:\/\/tropiques-atrium.fr\/scene-nationale\/wp-content\/uploads\/sites\/13\/2025\/11\/Rita-Ravier-Formation-atelier-jeunes-Tropiques-Atrium.jpg 1462w\" sizes=\"(max-width: 1024px) 100vw, 1024px\" \/>\t\t\t\t\t\t\t\t\t\t\t\t\t<\/div>\n\t\t\t\t<\/div>\n\t\t\t\t<\/div>\n\t\t<div class=\"elementor-element elementor-element-29b67e01 e-con-full e-flex e-con e-child\" data-id=\"29b67e01\" data-element_type=\"container\">\n\t\t\t\t<div class=\"elementor-element elementor-element-30f74ab0 elementor-widget elementor-widget-heading\" data-id=\"30f74ab0\" data-element_type=\"widget\" data-widget_type=\"heading.default\">\n\t\t\t\t<div class=\"elementor-widget-container\">\n\t\t\t<h3 class=\"elementor-heading-title elementor-size-default\">Rita Ravier\n<\/h3>\t\t<\/div>\n\t\t\t\t<\/div>\n\t\t\t\t<div class=\"elementor-element elementor-element-1d6a5463 elementor-widget elementor-widget-text-editor\" data-id=\"1d6a5463\" data-element_type=\"widget\" data-widget_type=\"text-editor.default\">\n\t\t\t\t<div class=\"elementor-widget-container\">\n\t\t\t\t\t\t\t<p>Form\u00e9e au Centre des Arts de la Sc\u00e8ne (Centre d&#8217;arts pluridisciplinaire) \u00e0 Paris, elle commence en tant que danseuse interpr\u00e8te, chanteuse et com\u00e9dienne avec la Compagnie Dif\u00e9 Kako (2002-2019), poursuit avec Kiwat Cie\u00a0et depuis 2012 avec d&#8217;autres compagnies de danse professionnelles implant\u00e9es en Martinique\u00a0: Compagnie Idylle de Murielle Bedot, Compagnie Yonn D\u00e9 Moun de Jean-F\u00e9lix Za\u00efre, Compagnie Kam\u00e9l\u00e9onite de Marl\u00e8ne Myrtil. Tour \u00e0 tour chanteuse et choriste, elle s&#8217;exercera avec \u201cFaratouba\u201d (Afro world music, 6 ans), \u201cHm..Hm\u201d (afro-musette, 4 ans), \u201cOrchestre Dif\u00e9 Kako\u201d (cara\u00efb\u00e9en, 4 ans) et participera \u00e0 la cr\u00e9ation de plusieurs albums. En Martinique, elle renoue avec le chant avec la formation Kamoata de Laurent Ph\u00e9nis. Elle continue en tant qu\u2019artiste dramatique \u00a0et s&#8217;\u00e9panouit depuis son retour en Martinique avec des cr\u00e9ations th\u00e9\u00e2trales des compagnies : Cie R\u00e9zylians, Th\u00e9\u00e2tre de la Ruche, compagnie T.R.A.C.K, Compagnie Bleus et ardoise, Compagnie Ile Aim\u00e9e, Compagnie Kant \u00e9 Kant, Compagnie La Thym\u00e9l\u00e9, Dala Company. Tout en restant artiste interpr\u00e8te au sein de diverses compagnies, elle cr\u00e9e sa propre compagnie \u00ab\u00a0Insolites\u00a0\u00bb en 2016 avec la pi\u00e8ce \u00ab\u00a0\u00d4 fil de soi\u00a0\u00bb. En 2020, elle se lance dans une 2i\u00e8me cr\u00e9ation chor\u00e9graphique pour sa compagnie Insolites.<\/p><p>Elle plonge dans le cin\u00e9ma en tant qu\u2019actrice dans plusieurs courts m\u00e9trages\u00a0: Tom et Dom de Fabien R\u00e9ymond, O\u00f9 est le m\u00e2le de Teddy Albert, Pikiline de St\u00e8ve Siracuse, Mal Nonm de Yannis Ste Rose et plusieurs de Cadice Cin\u00e9 Woul\u00e8.<\/p><p>\u00a0Elle s\u2019engage aupr\u00e8s de Culture Egalit\u00e9, association f\u00e9ministe, en tant que metteuse en sc\u00e8ne de th\u00e9\u00e2tre de rue et de d\u00e9ambulations th\u00e9\u00e2tralis\u00e9es. Et d\u2019associations culturelles telle que l\u2019AM4 en \u00a0tant que chor\u00e9graphe durant 7 ans de Latwoup AM4, groupe de danse de recherche chor\u00e9graphique autour du D.K.B, danmi\u00e9, Kalenda, B\u00e8l\u00e8.<\/p><p>Elle est aussi intervenante p\u00e9dagogique danse\/th\u00e9\u00e2tre et intervient en milieu scolaire et en\u00a0 milieu institutionnel.<\/p><p>Elle poursuit sa voie en tant que voix off en pr\u00eatant sa voix \u00e0 des documentaires, des douches num\u00e9riques mus\u00e9ales, \u00a0des films institutionnels et des dessins d\u2019animation.<\/p><p>Elle travaille aussi \u00e0 la mise en sc\u00e8ne de concerts et concepts artistiques \u00a0: Mal\u00e9\u00efka, Konfiti piman ; <span data-olk-copy-source=\"MessageBody\">Demwazel Dys<\/span>, Emosion B\u00e8l\u00e8, La Slamada.<\/p>\t\t\t\t\t\t<\/div>\n\t\t\t\t<\/div>\n\t\t\t\t<\/div>\n\t\t\t\t\t<\/div>\n\t\t\t\t<\/div>\n\t\t<div class=\"elementor-element elementor-element-eb14472 e-flex e-con-boxed e-con e-parent\" data-id=\"eb14472\" data-element_type=\"container\">\n\t\t\t\t\t<div class=\"e-con-inner\">\n\t\t<div class=\"elementor-element elementor-element-ec2e945 e-con-full e-flex e-con e-child\" data-id=\"ec2e945\" data-element_type=\"container\">\n\t\t\t\t<div class=\"elementor-element elementor-element-6e3a44d elementor-widget elementor-widget-heading\" data-id=\"6e3a44d\" data-element_type=\"widget\" data-widget_type=\"heading.default\">\n\t\t\t\t<div class=\"elementor-widget-container\">\n\t\t\t<h3 class=\"elementor-heading-title elementor-size-default\">Arielle Bloesch\n<\/h3>\t\t<\/div>\n\t\t\t\t<\/div>\n\t\t\t\t<div class=\"elementor-element elementor-element-36198f6 elementor-widget elementor-widget-text-editor\" data-id=\"36198f6\" data-element_type=\"widget\" data-widget_type=\"text-editor.default\">\n\t\t\t\t<div class=\"elementor-widget-container\">\n\t\t\t\t\t\t\t<p><!--StartFragment --><\/p><p class=\"pf0\"><span class=\"cf0\">Arielle <\/span><span class=\"cf0\">Bloesch<\/span><span class=\"cf0\">, n\u00e9e \u00e0 Lausanne (Suisse), se forme \u00e0 Paris \u00e0 l\u2019Ecole Jacques Lecoq, Alain Knapp et \u00e0 la Belle-de-Mai. Apr\u00e8s un parcours de com\u00e9dienne, elle s\u2019oriente rapidement vers la mise en sc\u00e8ne et la p\u00e9dagogie.<\/span><\/p><p class=\"pf0\"><span class=\"cf0\">AUTRICE :<br \/><\/span><span class=\"cf0\">Parall\u00e8lement, elle \u00e9crit des nouvelles (\u00ab Maman Louis \u00bb, <\/span><span class=\"cf0\">Ed.VWA<\/span><span class=\"cf0\"> 1988) et des pi\u00e8ces de th\u00e9\u00e2tre. Depuis 2000 en Martinique, elle y \u00e9crit \u00ab Port d\u2019\u00e2mes \u00bb, \u00ab Un p\u00e8re et manque \u00bb (Ed. <\/span><span class=\"cf0\">Lansman<\/span><span class=\"cf0\">), \u00ab Deux <\/span><span class=\"cf0\">soeurs<\/span><span class=\"cf0\">, un souffle, trois poussi\u00e8res \u00bb (cr\u00e9\u00e9 en R\u00e9publique du Congo, Cie \u00ab Les Mille Saveurs \u00bb), \u00ab <\/span><span class=\"cf0\">S\u00e9s\u00e9<\/span><span class=\"cf0\">, ou la vengeance d\u2019un corps sec \u00bb, \u00ab Anatole dans la tourmente du Morne Siphon \u00bb, adaptation du roman de Sabine <\/span><span class=\"cf0\">Andrivon<\/span><span class=\"cf0\">-Milton, cr\u00e9\u00e9 en 2019, repris en 2021.<\/span><\/p><p class=\"pf0\"><span class=\"cf0\">Elle est membre du Bureau de l\u2019Association \u00ab <\/span><span class=\"cf0\">Etc_Cara\u00efbe<\/span><span class=\"cf0\"> \u00bb (\u00ab Ecritures Th\u00e9\u00e2trales Contemporaines en Cara\u00efbe \u00bb), avec laquelle elle chemine depuis 2005 comme metteuse en sc\u00e8ne, dramaturge, p\u00e9dagogue, interface auteurs\u2026<\/span><\/p><p class=\"pf0\"><span class=\"cf0\">METTEUSE EN SCENE :<br \/><\/span><span class=\"cf0\">En Martinique, elle cr\u00e9e la Cie Les <\/span><span class=\"cf0\">Berlick<\/span><span class=\"cf0\"> et monte \u00ab La nuit carib\u00e9enne \u00bb d\u2019Alfred Alexandre en 2010 (CMAC\/ Tourn\u00e9e sur le territoire\/ FESMAN \u00e0 Dakar) et \u00ab Anatole dans la tourmente du Morne Siphon \u00bb pour le Festival des Petites Formes de Tropiques Atrium Sc\u00e8ne Nationale en 2019, repris en 2021 pour le Festival <\/span><span class=\"cf0\">Grif<\/span><span class=\"cf0\"> an <\/span><span class=\"cf0\">T\u00e8<\/span><span class=\"cf0\"> de Tropiques Atrium SN. Avec l\u2019association <\/span><span class=\"cf0\">Korz\u00e9mo<\/span><span class=\"cf0\">, elle met en sc\u00e8ne en 2022 une pi\u00e8ce pour le jeune public : \u00ab <\/span><span class=\"cf0\">Mange-moi<\/span><span class=\"cf0\"> \u00bb de Nathalie Papin, jou\u00e9e sur le territoire et au Festival d\u2019Avignon.<\/span><\/p><p class=\"pf0\"><span class=\"cf0\">Elle collabore \u00e0 de nombreuses cr\u00e9ations avec Jos\u00e9 <\/span><span class=\"cf0\">Ex\u00e9lis<\/span><span class=\"cf0\">, <span data-olk-copy-source=\"MessageBody\">Hassane Kassi Kouyat\u00e9<\/span><\/span><span class=\"cf0\">, Fran\u00e7oise Do, Yvan <\/span><span class=\"cf0\">Lab\u00e9jof<\/span><span class=\"cf0\">, Estelle Butin, Alexandra <\/span><span class=\"cf0\">D\u00e9glise<\/span><span class=\"cf0\">, <\/span><span class=\"cf0\">Steffy<\/span><span class=\"cf0\"> Glissant, <\/span><span class=\"cf0\">Kant&amp;Kant<\/span><span class=\"cf0\">, <\/span><span class=\"cf0\">Anne-Alex<\/span><span class=\"cf0\"> Psych\u00e9\u2026<\/span><\/p><p class=\"pf0\"><span class=\"cf0\">PEDAGOGUE :<br \/><\/span><span class=\"cf0\">Elle a tr\u00e8s t\u00f4t \u00e0 <\/span><span class=\"cf0\">coeur<\/span><span class=\"cf0\"> de transmettre son exp\u00e9rience artistique animant des ateliers de th\u00e9\u00e2tre en France et en Suisse. Depuis 2005, elle enseigne le th\u00e9\u00e2tre et l\u2019\u00e9criture dramatique en Martinique dans les coll\u00e8ges, lyc\u00e9es, pour les professeurs, \u00e0 Tropiques Atrium Sc\u00e8ne Nationale, et aux <\/span><span class=\"cf0\">Trois-\u00celets<\/span><span class=\"cf0\"> pour les enfants\/ados\/ adultes\/<\/span><span class=\"cf0\">gran<\/span> <span class=\"cf0\">moun<\/span><span class=\"cf0\"> o\u00f9 elle est soutenue par la Ville et par la DAC Martinique.<\/span><\/p><p><!--EndFragment --><\/p>\t\t\t\t\t\t<\/div>\n\t\t\t\t<\/div>\n\t\t\t\t<\/div>\n\t\t<div class=\"elementor-element elementor-element-ce6cf52 e-con-full e-flex e-con e-child\" data-id=\"ce6cf52\" data-element_type=\"container\">\n\t\t\t\t<div class=\"elementor-element elementor-element-02c807f elementor-widget elementor-widget-image\" data-id=\"02c807f\" data-element_type=\"widget\" data-widget_type=\"image.default\">\n\t\t\t\t<div class=\"elementor-widget-container\">\n\t\t\t\t\t\t\t\t\t\t\t\t\t<img decoding=\"async\" width=\"1024\" height=\"1024\" src=\"https:\/\/tropiques-atrium.fr\/scene-nationale\/wp-content\/uploads\/sites\/13\/2023\/11\/Arielle-Bloesch-Formation-atelier-jeunes-Tropiques-Atrium-1-1024x1024.jpg\" class=\"attachment-large size-large wp-image-7610\" alt=\"\" srcset=\"https:\/\/tropiques-atrium.fr\/scene-nationale\/wp-content\/uploads\/sites\/13\/2023\/11\/Arielle-Bloesch-Formation-atelier-jeunes-Tropiques-Atrium-1-1024x1024.jpg 1024w, https:\/\/tropiques-atrium.fr\/scene-nationale\/wp-content\/uploads\/sites\/13\/2023\/11\/Arielle-Bloesch-Formation-atelier-jeunes-Tropiques-Atrium-1-300x300.jpg 300w, https:\/\/tropiques-atrium.fr\/scene-nationale\/wp-content\/uploads\/sites\/13\/2023\/11\/Arielle-Bloesch-Formation-atelier-jeunes-Tropiques-Atrium-1-150x150.jpg 150w, https:\/\/tropiques-atrium.fr\/scene-nationale\/wp-content\/uploads\/sites\/13\/2023\/11\/Arielle-Bloesch-Formation-atelier-jeunes-Tropiques-Atrium-1-768x768.jpg 768w, https:\/\/tropiques-atrium.fr\/scene-nationale\/wp-content\/uploads\/sites\/13\/2023\/11\/Arielle-Bloesch-Formation-atelier-jeunes-Tropiques-Atrium-1-585x585.jpg 585w, https:\/\/tropiques-atrium.fr\/scene-nationale\/wp-content\/uploads\/sites\/13\/2023\/11\/Arielle-Bloesch-Formation-atelier-jeunes-Tropiques-Atrium-1-220x220.jpg 220w, https:\/\/tropiques-atrium.fr\/scene-nationale\/wp-content\/uploads\/sites\/13\/2023\/11\/Arielle-Bloesch-Formation-atelier-jeunes-Tropiques-Atrium-1-80x80.jpg 80w, https:\/\/tropiques-atrium.fr\/scene-nationale\/wp-content\/uploads\/sites\/13\/2023\/11\/Arielle-Bloesch-Formation-atelier-jeunes-Tropiques-Atrium-1.jpg 1066w\" sizes=\"(max-width: 1024px) 100vw, 1024px\" \/>\t\t\t\t\t\t\t\t\t\t\t\t\t<\/div>\n\t\t\t\t<\/div>\n\t\t\t\t<\/div>\n\t\t\t\t\t<\/div>\n\t\t\t\t<\/div>\n\t\t\t\t<\/div>\n\t\t","protected":false},"excerpt":{"rendered":"<p>La Classe Th\u00e9\u00e2tre Jeunes de Tropiques Atrium est une formation compl\u00e8te pour d\u00e9couvrir les fondamentaux du jeu, la rigueur du&#8230;<\/p>\n","protected":false},"author":2,"featured_media":0,"parent":0,"menu_order":0,"comment_status":"closed","ping_status":"closed","template":"","meta":{"footnotes":""},"_links":{"self":[{"href":"https:\/\/tropiques-atrium.fr\/scene-nationale\/wp-json\/wp\/v2\/pages\/7600"}],"collection":[{"href":"https:\/\/tropiques-atrium.fr\/scene-nationale\/wp-json\/wp\/v2\/pages"}],"about":[{"href":"https:\/\/tropiques-atrium.fr\/scene-nationale\/wp-json\/wp\/v2\/types\/page"}],"author":[{"embeddable":true,"href":"https:\/\/tropiques-atrium.fr\/scene-nationale\/wp-json\/wp\/v2\/users\/2"}],"replies":[{"embeddable":true,"href":"https:\/\/tropiques-atrium.fr\/scene-nationale\/wp-json\/wp\/v2\/comments?post=7600"}],"version-history":[{"count":10,"href":"https:\/\/tropiques-atrium.fr\/scene-nationale\/wp-json\/wp\/v2\/pages\/7600\/revisions"}],"predecessor-version":[{"id":7620,"href":"https:\/\/tropiques-atrium.fr\/scene-nationale\/wp-json\/wp\/v2\/pages\/7600\/revisions\/7620"}],"wp:attachment":[{"href":"https:\/\/tropiques-atrium.fr\/scene-nationale\/wp-json\/wp\/v2\/media?parent=7600"}],"curies":[{"name":"wp","href":"https:\/\/api.w.org\/{rel}","templated":true}]}}