{"id":2649,"date":"2023-11-24T11:18:04","date_gmt":"2023-11-24T15:18:04","guid":{"rendered":"https:\/\/tropiques-atrium.fr\/scene-nationale\/?page_id=2649"},"modified":"2023-11-24T11:27:41","modified_gmt":"2023-11-24T15:27:41","slug":"la-danse","status":"publish","type":"page","link":"https:\/\/tropiques-atrium.fr\/scene-nationale\/spectacle-vivant\/la-danse\/","title":{"rendered":"La danse"},"content":{"rendered":"\t\t<div data-elementor-type=\"wp-page\" data-elementor-id=\"2649\" class=\"elementor elementor-2649\" data-elementor-post-type=\"page\">\n\t\t\t\t<div class=\"elementor-element elementor-element-96aacb7 e-flex e-con-boxed e-con e-parent\" data-id=\"96aacb7\" data-element_type=\"container\">\n\t\t\t\t\t<div class=\"e-con-inner\">\n\t\t\t\t<div class=\"elementor-element elementor-element-18b5e62 elementor-widget elementor-widget-shortcode\" data-id=\"18b5e62\" data-element_type=\"widget\" data-widget_type=\"shortcode.default\">\n\t\t\t\t<div class=\"elementor-widget-container\">\n\t\t\t\t\t<div class=\"elementor-shortcode\"><!-- EventON Calendar --><div id='evcal_calendar_847' class='ajde_evcal_calendar sev cev color esty_2 etttc_custom ajax_loading_cal' data-cal=''><div id='evcal_head' class='calendar_header ' ><div class='evo_cal_above evodfx evofx_dr_r marb5 evofx_ww'><button class='cal_head_btn evo-gototoday-btn' style='' data-mo='4' data-yr='2026' data-dy='' aria-label='Go to today'>Current Month<\/button><\/div><div class='evo_cal_above_content'><\/div><div class='evo_header_title '><div class='evo_header_mo evodfx evofx_ai_c'><div class='evo_loading_bar_holder h100 noMinH swipe' style=''><div class='evo_loading_bar wid_80% hi_40px' style='width:80%; height:40px; '><\/div><\/div><\/div><\/div><\/div><div id='eventon_loadbar_section'><div id='eventon_loadbar'><\/div><\/div><!-- Events List --><div class='evo_events_list_box'><div id='evcal_list' class='eventon_events_list '><div class='evo_loading_bar_holder h100 loading_e swipe' style=''><div class='nest nest1 e'><div class='nesthold r g10'><div class='nest nest2 e1'><div class='evo_loading_bar wid_100px hi_95px' style='width:100px; height:95px; '><\/div><\/div><div class='nest nest2 e2'><div class='evo_loading_bar wid_50% hi_55px' style='width:50%; height:55px; '><\/div><div class='evo_loading_bar wid_90% hi_30px' style='width:90%; height:30px; '><\/div><\/div><\/div><\/div><div class='nest nest1 e'><div class='nesthold r g10'><div class='nest nest2 e1'><div class='evo_loading_bar wid_100px hi_95px' style='width:100px; height:95px; '><\/div><\/div><div class='nest nest2 e2'><div class='evo_loading_bar wid_50% hi_55px' style='width:50%; height:55px; '><\/div><div class='evo_loading_bar wid_90% hi_30px' style='width:90%; height:30px; '><\/div><\/div><\/div><\/div><div class='nest nest1 e'><div class='nesthold r g10'><div class='nest nest2 e1'><div class='evo_loading_bar wid_100px hi_95px' style='width:100px; height:95px; '><\/div><\/div><div class='nest nest2 e2'><div class='evo_loading_bar wid_50% hi_55px' style='width:50%; height:55px; '><\/div><div class='evo_loading_bar wid_90% hi_30px' style='width:90%; height:30px; '><\/div><\/div><\/div><\/div><\/div>\t\t\t<\/div>\r\n\t\t\t<\/div><!-- evo_events_list_box -->\t\r\n\t\t\t<div class='clear'><\/div>\r\n\t\t\t\t\t \t<div id='evcal_footer' class='evo_bottom' style='display:none'>\r\n\t\t \t\t<div class='evo_cal_data' data-sc=\"{&quot;accord&quot;:&quot;no&quot;,&quot;bottom_nav&quot;:&quot;no&quot;,&quot;cal_id&quot;:&quot;&quot;,&quot;cal_init_nonajax&quot;:&quot;no&quot;,&quot;calendar_type&quot;:&quot;default&quot;,&quot;ep_fields&quot;:&quot;&quot;,&quot;etc_override&quot;:&quot;no&quot;,&quot;evc_open&quot;:&quot;no&quot;,&quot;event_count&quot;:0,&quot;event_location&quot;:&quot;all&quot;,&quot;event_order&quot;:&quot;ASC&quot;,&quot;event_organizer&quot;:&quot;all&quot;,&quot;event_parts&quot;:&quot;no&quot;,&quot;event_past_future&quot;:&quot;all&quot;,&quot;event_status&quot;:&quot;all&quot;,&quot;event_tag&quot;:&quot;all&quot;,&quot;event_type&quot;:&quot;172,&quot;,&quot;event_type_2&quot;:&quot;all&quot;,&quot;event_virtual&quot;:&quot;all&quot;,&quot;eventtop_date_style&quot;:0,&quot;eventtop_style&quot;:&quot;2&quot;,&quot;exp_jumper&quot;:&quot;no&quot;,&quot;exp_so&quot;:&quot;no&quot;,&quot;filter_relationship&quot;:&quot;AND&quot;,&quot;filter_show_set_only&quot;:&quot;no&quot;,&quot;filter_style&quot;:&quot;default&quot;,&quot;filter_type&quot;:&quot;default&quot;,&quot;filters&quot;:&quot;yes&quot;,&quot;fixed_month&quot;:&quot;4&quot;,&quot;fixed_year&quot;:&quot;2026&quot;,&quot;focus_end_date_range&quot;:&quot;1777607999&quot;,&quot;focus_start_date_range&quot;:&quot;1775016000&quot;,&quot;ft_event_priority&quot;:&quot;no&quot;,&quot;hide_arrows&quot;:&quot;no&quot;,&quot;hide_cancels&quot;:&quot;no&quot;,&quot;hide_empty_months&quot;:&quot;no&quot;,&quot;hide_end_time&quot;:&quot;no&quot;,&quot;hide_et_dn&quot;:&quot;no&quot;,&quot;hide_et_extra&quot;:&quot;no&quot;,&quot;hide_et_tags&quot;:&quot;no&quot;,&quot;hide_et_tl&quot;:&quot;no&quot;,&quot;hide_ft&quot;:&quot;no&quot;,&quot;hide_ft_img&quot;:&quot;no&quot;,&quot;hide_month_headers&quot;:&quot;no&quot;,&quot;hide_mult_occur&quot;:&quot;no&quot;,&quot;hide_past&quot;:&quot;no&quot;,&quot;hide_past_by&quot;:&quot;ee&quot;,&quot;hide_so&quot;:&quot;no&quot;,&quot;ics&quot;:&quot;no&quot;,&quot;jumper&quot;:&quot;no&quot;,&quot;jumper_count&quot;:5,&quot;jumper_offset&quot;:&quot;0&quot;,&quot;lang&quot;:&quot;L1&quot;,&quot;layout_changer&quot;:&quot;no&quot;,&quot;livenow_bar&quot;:&quot;yes&quot;,&quot;mapformat&quot;:&quot;roadmap&quot;,&quot;mapiconurl&quot;:&quot;&quot;,&quot;maps_load&quot;:&quot;yes&quot;,&quot;mapscroll&quot;:&quot;true&quot;,&quot;mapzoom&quot;:&quot;18&quot;,&quot;members_only&quot;:&quot;no&quot;,&quot;ml_priority&quot;:&quot;no&quot;,&quot;ml_toend&quot;:&quot;no&quot;,&quot;month_incre&quot;:0,&quot;number_of_months&quot;:&quot;1&quot;,&quot;only_ft&quot;:&quot;no&quot;,&quot;pec&quot;:&quot;&quot;,&quot;s&quot;:&quot;&quot;,&quot;search&quot;:&quot;&quot;,&quot;search_all&quot;:&quot;no&quot;,&quot;sep_month&quot;:&quot;no&quot;,&quot;show_et_ft_img&quot;:&quot;yes&quot;,&quot;show_limit&quot;:&quot;no&quot;,&quot;show_limit_ajax&quot;:&quot;no&quot;,&quot;show_limit_paged&quot;:1,&quot;show_limit_redir&quot;:&quot;&quot;,&quot;show_repeats&quot;:&quot;no&quot;,&quot;show_search&quot;:&quot;no&quot;,&quot;show_upcoming&quot;:0,&quot;show_year&quot;:&quot;no&quot;,&quot;social_share&quot;:&quot;no&quot;,&quot;sort_by&quot;:&quot;sort_date&quot;,&quot;tile_bg&quot;:0,&quot;tile_bg_size&quot;:&quot;full&quot;,&quot;tile_count&quot;:2,&quot;tile_height&quot;:0,&quot;tile_style&quot;:0,&quot;tiles&quot;:&quot;no&quot;,&quot;ux_val&quot;:&quot;0&quot;,&quot;view_switcher&quot;:&quot;no&quot;,&quot;wpml_l1&quot;:&quot;&quot;,&quot;wpml_l2&quot;:&quot;&quot;,&quot;wpml_l3&quot;:&quot;&quot;,&quot;x_ids&quot;:&quot;&quot;,&quot;yl_priority&quot;:&quot;no&quot;,&quot;yl_toend&quot;:&quot;no&quot;,&quot;fixed_day&quot;:&quot;7&quot;,&quot;_cver&quot;:&quot;5.0.8&quot;}\" data-filter_data=\"[]\" data-nav_data=\"{&quot;month_title&quot;:&quot;&lt;p id=&#039;evcal_cur&#039; class=&#039;evo_month_title padr10&#039;&gt; avril, 2026&lt;\\\/p&gt;&quot;,&quot;arrows&quot;:&quot;&lt;p class=&#039;evo_arrows&#039;&gt;\\r\\n\\t\\t\\t\\t\\t&lt;button id=&#039;evcal_prev&#039; class=&#039;evcal_arrows evcal_btn_prev evodfx evofx_jc_c evofx_ai_c&#039; aria-label=&#039;Previous Month&#039;&gt;&lt;i class=&#039;fa fa-chevron-left&#039; aria-hidden=&#039;true&#039;&gt;&lt;\\\/i&gt;&lt;\\\/button&gt;\\r\\n\\t\\t\\t\\t\\t&lt;button id=&#039;evcal_next&#039; class=&#039;evcal_arrows evo_arrow_next evcal_btn_next evodfx evofx_jc_c evofx_ai_c&#039; aria-label=&#039;Next Month&#039;&gt;&lt;i class=&#039;fa fa-chevron-right&#039; aria-hidden=&#039;true&#039;&gt;&lt;\\\/i&gt;&lt;\\\/button&gt;\\r\\n\\t\\t\\t\\t\\t&lt;\\\/p&gt;&quot;}\" data-od=\"{&quot;lang_no_events&quot;:&quot;No Events&quot;,&quot;cal_tz_offset&quot;:-240,&quot;cal_tz&quot;:&quot;America\\\/Caracas&quot;}\" ><\/div>\r\n\t\t \t\t<div class='evo_cal_events' data-events=\"\"><\/div>\r\n\t\t \t<\/div>\r\n\t\t\t\t\r\n\t\t\t\r\n\t\t\t\t\t\t<\/div><!-- EventON End -->\r\n\t\t\t<\/div>\n\t\t\t\t<\/div>\n\t\t\t\t<\/div>\n\t\t\t\t\t<\/div>\n\t\t\t\t<\/div>\n\t\t<div class=\"elementor-element elementor-element-238ae6d e-flex e-con-boxed e-con e-parent\" data-id=\"238ae6d\" data-element_type=\"container\">\n\t\t\t\t\t<div class=\"e-con-inner\">\n\t\t\t\t<div class=\"elementor-element elementor-element-db1cdd7 elementor-grid-3 elementor-grid-tablet-2 elementor-grid-mobile-1 elementor-posts--thumbnail-top elementor-card-shadow-yes elementor-posts__hover-gradient elementor-widget elementor-widget-posts\" data-id=\"db1cdd7\" data-element_type=\"widget\" data-settings=\"{&quot;cards_columns&quot;:&quot;3&quot;,&quot;cards_columns_tablet&quot;:&quot;2&quot;,&quot;cards_columns_mobile&quot;:&quot;1&quot;,&quot;cards_row_gap&quot;:{&quot;unit&quot;:&quot;px&quot;,&quot;size&quot;:35,&quot;sizes&quot;:[]},&quot;cards_row_gap_tablet&quot;:{&quot;unit&quot;:&quot;px&quot;,&quot;size&quot;:&quot;&quot;,&quot;sizes&quot;:[]},&quot;cards_row_gap_mobile&quot;:{&quot;unit&quot;:&quot;px&quot;,&quot;size&quot;:&quot;&quot;,&quot;sizes&quot;:[]}}\" data-widget_type=\"posts.cards\">\n\t\t\t\t<div class=\"elementor-widget-container\">\n\t\t\t<link rel=\"stylesheet\" href=\"https:\/\/tropiques-atrium.fr\/scene-nationale\/wp-content\/plugins\/elementor-pro\/assets\/css\/widget-posts.min.css?ver=1725598586\">\t\t<div class=\"elementor-posts-container elementor-posts elementor-posts--skin-cards elementor-grid\">\n\t\t\t\t<article class=\"elementor-post elementor-grid-item post-8533 post type-post status-publish format-standard has-post-thumbnail hentry category-actualites category-danse category-formations tag-masterclass\">\n\t\t\t<div class=\"elementor-post__card\">\n\t\t\t\t<a class=\"elementor-post__thumbnail__link\" href=\"https:\/\/tropiques-atrium.fr\/scene-nationale\/2026\/03\/31\/master-class-contact-improvisation\/\" tabindex=\"-1\" ><div class=\"elementor-post__thumbnail\"><img fetchpriority=\"high\" decoding=\"async\" width=\"300\" height=\"202\" src=\"https:\/\/tropiques-atrium.fr\/scene-nationale\/wp-content\/uploads\/sites\/13\/2026\/03\/Contact-improvisation-2-300x202.jpg\" class=\"attachment-medium size-medium wp-image-8536\" alt=\"\" srcset=\"https:\/\/tropiques-atrium.fr\/scene-nationale\/wp-content\/uploads\/sites\/13\/2026\/03\/Contact-improvisation-2-300x202.jpg 300w, https:\/\/tropiques-atrium.fr\/scene-nationale\/wp-content\/uploads\/sites\/13\/2026\/03\/Contact-improvisation-2-585x394.jpg 585w, https:\/\/tropiques-atrium.fr\/scene-nationale\/wp-content\/uploads\/sites\/13\/2026\/03\/Contact-improvisation-2.jpg 640w\" sizes=\"(max-width: 300px) 100vw, 300px\" \/><\/div><\/a>\n\t\t\t\t<div class=\"elementor-post__text\">\n\t\t\t\t<h3 class=\"elementor-post__title\">\n\t\t\t<a href=\"https:\/\/tropiques-atrium.fr\/scene-nationale\/2026\/03\/31\/master-class-contact-improvisation\/\" >\n\t\t\t\tMaster class Contact improvisation\t\t\t<\/a>\n\t\t<\/h3>\n\t\t\t\t<div class=\"elementor-post__excerpt\">\n\t\t\t<p>Master class de Danse anim\u00e9e par Jean-Hugues Mir\u00e9din&nbsp; Infos pratiques :&nbsp; 22, 23 et 24 avril, de 18h \u00e0 21h.Public<\/p>\n\t\t<\/div>\n\t\t\n\t\t<a class=\"elementor-post__read-more\" href=\"https:\/\/tropiques-atrium.fr\/scene-nationale\/2026\/03\/31\/master-class-contact-improvisation\/\" aria-label=\"En savoir plus sur Master class Contact improvisation\" tabindex=\"-1\" >\n\t\t\tLire la suite \u00bb\t\t<\/a>\n\n\t\t\t\t<\/div>\n\t\t\t\t<div class=\"elementor-post__meta-data\">\n\t\t\t\t\t<span class=\"elementor-post-date\">\n\t\t\t31\/03\/2026\t\t<\/span>\n\t\t\t\t<\/div>\n\t\t\t\t\t<\/div>\n\t\t<\/article>\n\t\t\t\t<article class=\"elementor-post elementor-grid-item post-8025 post type-post status-publish format-standard has-post-thumbnail hentry category-accompagnement category-actualites category-danse\">\n\t\t\t<div class=\"elementor-post__card\">\n\t\t\t\t<a class=\"elementor-post__thumbnail__link\" href=\"https:\/\/tropiques-atrium.fr\/scene-nationale\/2026\/01\/20\/ateliers-et-echanges-avec-cindy-emelie\/\" tabindex=\"-1\" ><div class=\"elementor-post__thumbnail\"><img decoding=\"async\" width=\"300\" height=\"300\" src=\"https:\/\/tropiques-atrium.fr\/scene-nationale\/wp-content\/uploads\/sites\/13\/2023\/11\/Accompagnement-Tropiques-Atrium-3-Cindy-Emelie-\u00a9Eymric-Moderne-300x300.jpg\" class=\"attachment-medium size-medium wp-image-7404\" alt=\"\" srcset=\"https:\/\/tropiques-atrium.fr\/scene-nationale\/wp-content\/uploads\/sites\/13\/2023\/11\/Accompagnement-Tropiques-Atrium-3-Cindy-Emelie-\u00a9Eymric-Moderne-300x300.jpg 300w, https:\/\/tropiques-atrium.fr\/scene-nationale\/wp-content\/uploads\/sites\/13\/2023\/11\/Accompagnement-Tropiques-Atrium-3-Cindy-Emelie-\u00a9Eymric-Moderne-1024x1024.jpg 1024w, https:\/\/tropiques-atrium.fr\/scene-nationale\/wp-content\/uploads\/sites\/13\/2023\/11\/Accompagnement-Tropiques-Atrium-3-Cindy-Emelie-\u00a9Eymric-Moderne-150x150.jpg 150w, https:\/\/tropiques-atrium.fr\/scene-nationale\/wp-content\/uploads\/sites\/13\/2023\/11\/Accompagnement-Tropiques-Atrium-3-Cindy-Emelie-\u00a9Eymric-Moderne-768x768.jpg 768w, https:\/\/tropiques-atrium.fr\/scene-nationale\/wp-content\/uploads\/sites\/13\/2023\/11\/Accompagnement-Tropiques-Atrium-3-Cindy-Emelie-\u00a9Eymric-Moderne-585x585.jpg 585w, https:\/\/tropiques-atrium.fr\/scene-nationale\/wp-content\/uploads\/sites\/13\/2023\/11\/Accompagnement-Tropiques-Atrium-3-Cindy-Emelie-\u00a9Eymric-Moderne-220x220.jpg 220w, https:\/\/tropiques-atrium.fr\/scene-nationale\/wp-content\/uploads\/sites\/13\/2023\/11\/Accompagnement-Tropiques-Atrium-3-Cindy-Emelie-\u00a9Eymric-Moderne-80x80.jpg 80w, https:\/\/tropiques-atrium.fr\/scene-nationale\/wp-content\/uploads\/sites\/13\/2023\/11\/Accompagnement-Tropiques-Atrium-3-Cindy-Emelie-\u00a9Eymric-Moderne.jpg 1280w\" sizes=\"(max-width: 300px) 100vw, 300px\" \/><\/div><\/a>\n\t\t\t\t<div class=\"elementor-post__text\">\n\t\t\t\t<h3 class=\"elementor-post__title\">\n\t\t\t<a href=\"https:\/\/tropiques-atrium.fr\/scene-nationale\/2026\/01\/20\/ateliers-et-echanges-avec-cindy-emelie\/\" >\n\t\t\t\tAteliers et \u00e9changes avec Cindy \u00c9m\u00e9lie\t\t\t<\/a>\n\t\t<\/h3>\n\t\t\t\t<div class=\"elementor-post__excerpt\">\n\t\t\t<p>Appel \u00e0 participation :Ateliers et \u00e9changes avec Cindy \u00c9m\u00e9lie Projet de cr\u00e9ation LA POLITESSE En r\u00e9sidence \u00e0 Tropiques Atrium, la<\/p>\n\t\t<\/div>\n\t\t\n\t\t<a class=\"elementor-post__read-more\" href=\"https:\/\/tropiques-atrium.fr\/scene-nationale\/2026\/01\/20\/ateliers-et-echanges-avec-cindy-emelie\/\" aria-label=\"En savoir plus sur Ateliers et \u00e9changes avec Cindy \u00c9m\u00e9lie\" tabindex=\"-1\" >\n\t\t\tLire la suite \u00bb\t\t<\/a>\n\n\t\t\t\t<\/div>\n\t\t\t\t<div class=\"elementor-post__meta-data\">\n\t\t\t\t\t<span class=\"elementor-post-date\">\n\t\t\t20\/01\/2026\t\t<\/span>\n\t\t\t\t<\/div>\n\t\t\t\t\t<\/div>\n\t\t<\/article>\n\t\t\t\t<article class=\"elementor-post elementor-grid-item post-8015 post type-post status-publish format-standard has-post-thumbnail hentry category-actualites category-danse category-spectacle-vivant\">\n\t\t\t<div class=\"elementor-post__card\">\n\t\t\t\t<a class=\"elementor-post__thumbnail__link\" href=\"https:\/\/tropiques-atrium.fr\/scene-nationale\/2026\/01\/19\/moun-bakannal\/\" tabindex=\"-1\" ><div class=\"elementor-post__thumbnail\"><img decoding=\"async\" width=\"300\" height=\"201\" src=\"https:\/\/tropiques-atrium.fr\/scene-nationale\/wp-content\/uploads\/sites\/13\/2026\/01\/Moun-Bakannal-Cie-Dife-Kako-Tropiques-Atrium-\u00a9-Akim-Mokrani-5-300x201.jpg\" class=\"attachment-medium size-medium wp-image-8017\" alt=\"\" srcset=\"https:\/\/tropiques-atrium.fr\/scene-nationale\/wp-content\/uploads\/sites\/13\/2026\/01\/Moun-Bakannal-Cie-Dife-Kako-Tropiques-Atrium-\u00a9-Akim-Mokrani-5-300x201.jpg 300w, https:\/\/tropiques-atrium.fr\/scene-nationale\/wp-content\/uploads\/sites\/13\/2026\/01\/Moun-Bakannal-Cie-Dife-Kako-Tropiques-Atrium-\u00a9-Akim-Mokrani-5-1024x688.jpg 1024w, https:\/\/tropiques-atrium.fr\/scene-nationale\/wp-content\/uploads\/sites\/13\/2026\/01\/Moun-Bakannal-Cie-Dife-Kako-Tropiques-Atrium-\u00a9-Akim-Mokrani-5-768x516.jpg 768w, https:\/\/tropiques-atrium.fr\/scene-nationale\/wp-content\/uploads\/sites\/13\/2026\/01\/Moun-Bakannal-Cie-Dife-Kako-Tropiques-Atrium-\u00a9-Akim-Mokrani-5-1536x1031.jpg 1536w, https:\/\/tropiques-atrium.fr\/scene-nationale\/wp-content\/uploads\/sites\/13\/2026\/01\/Moun-Bakannal-Cie-Dife-Kako-Tropiques-Atrium-\u00a9-Akim-Mokrani-5-585x393.jpg 585w, https:\/\/tropiques-atrium.fr\/scene-nationale\/wp-content\/uploads\/sites\/13\/2026\/01\/Moun-Bakannal-Cie-Dife-Kako-Tropiques-Atrium-\u00a9-Akim-Mokrani-5.jpg 2000w\" sizes=\"(max-width: 300px) 100vw, 300px\" \/><\/div><\/a>\n\t\t\t\t<div class=\"elementor-post__text\">\n\t\t\t\t<h3 class=\"elementor-post__title\">\n\t\t\t<a href=\"https:\/\/tropiques-atrium.fr\/scene-nationale\/2026\/01\/19\/moun-bakannal\/\" >\n\t\t\t\tMoun Bakannal\t\t\t<\/a>\n\t\t<\/h3>\n\t\t\t\t<div class=\"elementor-post__excerpt\">\n\t\t\t<p>DanseSamedi 24 janvier \u00e0 19h30Salle Frantz FanonDur\u00e9e : 1hTarif E : 25\u20ac 20\u20ac 8\u20ac Scolaire le 23 janvier \u00e0 9h<\/p>\n\t\t<\/div>\n\t\t\n\t\t<a class=\"elementor-post__read-more\" href=\"https:\/\/tropiques-atrium.fr\/scene-nationale\/2026\/01\/19\/moun-bakannal\/\" aria-label=\"En savoir plus sur Moun Bakannal\" tabindex=\"-1\" >\n\t\t\tLire la suite \u00bb\t\t<\/a>\n\n\t\t\t\t<\/div>\n\t\t\t\t<div class=\"elementor-post__meta-data\">\n\t\t\t\t\t<span class=\"elementor-post-date\">\n\t\t\t19\/01\/2026\t\t<\/span>\n\t\t\t\t<\/div>\n\t\t\t\t\t<\/div>\n\t\t<\/article>\n\t\t\t\t<article class=\"elementor-post elementor-grid-item post-7321 post type-post status-publish format-standard has-post-thumbnail hentry category-actualites category-danse category-formations tag-danse-indienne tag-masterclass\">\n\t\t\t<div class=\"elementor-post__card\">\n\t\t\t\t<a class=\"elementor-post__thumbnail__link\" href=\"https:\/\/tropiques-atrium.fr\/scene-nationale\/2025\/10\/15\/masterclass-danse-indienne-decouvrez-le-kathak-avec-sharmila-sharma\/\" tabindex=\"-1\" ><div class=\"elementor-post__thumbnail\"><img loading=\"lazy\" decoding=\"async\" width=\"300\" height=\"200\" src=\"https:\/\/tropiques-atrium.fr\/scene-nationale\/wp-content\/uploads\/sites\/13\/2025\/10\/Sharmila-Sharma-4-300x200.jpg\" class=\"attachment-medium size-medium wp-image-7323\" alt=\"\" srcset=\"https:\/\/tropiques-atrium.fr\/scene-nationale\/wp-content\/uploads\/sites\/13\/2025\/10\/Sharmila-Sharma-4-300x200.jpg 300w, https:\/\/tropiques-atrium.fr\/scene-nationale\/wp-content\/uploads\/sites\/13\/2025\/10\/Sharmila-Sharma-4-1024x683.jpg 1024w, https:\/\/tropiques-atrium.fr\/scene-nationale\/wp-content\/uploads\/sites\/13\/2025\/10\/Sharmila-Sharma-4-768x512.jpg 768w, https:\/\/tropiques-atrium.fr\/scene-nationale\/wp-content\/uploads\/sites\/13\/2025\/10\/Sharmila-Sharma-4-1536x1024.jpg 1536w, https:\/\/tropiques-atrium.fr\/scene-nationale\/wp-content\/uploads\/sites\/13\/2025\/10\/Sharmila-Sharma-4-585x390.jpg 585w, https:\/\/tropiques-atrium.fr\/scene-nationale\/wp-content\/uploads\/sites\/13\/2025\/10\/Sharmila-Sharma-4.jpg 2016w\" sizes=\"(max-width: 300px) 100vw, 300px\" \/><\/div><\/a>\n\t\t\t\t<div class=\"elementor-post__text\">\n\t\t\t\t<h3 class=\"elementor-post__title\">\n\t\t\t<a href=\"https:\/\/tropiques-atrium.fr\/scene-nationale\/2025\/10\/15\/masterclass-danse-indienne-decouvrez-le-kathak-avec-sharmila-sharma\/\" >\n\t\t\t\tMasterclass Danse Indienne : d\u00e9couvrez le Kathak avec Sharmila Sharma\t\t\t<\/a>\n\t\t<\/h3>\n\t\t\t\t<div class=\"elementor-post__excerpt\">\n\t\t\t<p>Le 17 octobre 2025De 18h \u00e0 21hTropiques Atrium Sc\u00e8ne nationaleTarif : 25\u20acPlaces limit\u00e9es Confluence entre la danse et la musique<\/p>\n\t\t<\/div>\n\t\t\n\t\t<a class=\"elementor-post__read-more\" href=\"https:\/\/tropiques-atrium.fr\/scene-nationale\/2025\/10\/15\/masterclass-danse-indienne-decouvrez-le-kathak-avec-sharmila-sharma\/\" aria-label=\"En savoir plus sur Masterclass Danse Indienne : d\u00e9couvrez le Kathak avec Sharmila Sharma\" tabindex=\"-1\" >\n\t\t\tLire la suite \u00bb\t\t<\/a>\n\n\t\t\t\t<\/div>\n\t\t\t\t<div class=\"elementor-post__meta-data\">\n\t\t\t\t\t<span class=\"elementor-post-date\">\n\t\t\t15\/10\/2025\t\t<\/span>\n\t\t\t\t<\/div>\n\t\t\t\t\t<\/div>\n\t\t<\/article>\n\t\t\t\t<article class=\"elementor-post elementor-grid-item post-7202 post type-post status-publish format-standard has-post-thumbnail hentry category-actualites category-arts-visuels category-cinema category-danse category-musique category-spectacle-vivant category-theatre\">\n\t\t\t<div class=\"elementor-post__card\">\n\t\t\t\t<a class=\"elementor-post__thumbnail__link\" href=\"https:\/\/tropiques-atrium.fr\/scene-nationale\/2025\/09\/15\/rentree-de-saison-2025-2026\/\" tabindex=\"-1\" ><div class=\"elementor-post__thumbnail\"><img loading=\"lazy\" decoding=\"async\" width=\"300\" height=\"188\" src=\"https:\/\/tropiques-atrium.fr\/scene-nationale\/wp-content\/uploads\/sites\/13\/2025\/09\/Visuel-de-saison-25-26_16x10-300x188.jpg\" class=\"attachment-medium size-medium wp-image-7203\" alt=\"\" srcset=\"https:\/\/tropiques-atrium.fr\/scene-nationale\/wp-content\/uploads\/sites\/13\/2025\/09\/Visuel-de-saison-25-26_16x10-300x188.jpg 300w, https:\/\/tropiques-atrium.fr\/scene-nationale\/wp-content\/uploads\/sites\/13\/2025\/09\/Visuel-de-saison-25-26_16x10-1024x640.jpg 1024w, https:\/\/tropiques-atrium.fr\/scene-nationale\/wp-content\/uploads\/sites\/13\/2025\/09\/Visuel-de-saison-25-26_16x10-768x480.jpg 768w, https:\/\/tropiques-atrium.fr\/scene-nationale\/wp-content\/uploads\/sites\/13\/2025\/09\/Visuel-de-saison-25-26_16x10-1536x960.jpg 1536w, https:\/\/tropiques-atrium.fr\/scene-nationale\/wp-content\/uploads\/sites\/13\/2025\/09\/Visuel-de-saison-25-26_16x10-420x265.jpg 420w, https:\/\/tropiques-atrium.fr\/scene-nationale\/wp-content\/uploads\/sites\/13\/2025\/09\/Visuel-de-saison-25-26_16x10-585x366.jpg 585w, https:\/\/tropiques-atrium.fr\/scene-nationale\/wp-content\/uploads\/sites\/13\/2025\/09\/Visuel-de-saison-25-26_16x10.jpg 2000w\" sizes=\"(max-width: 300px) 100vw, 300px\" \/><\/div><\/a>\n\t\t\t\t<div class=\"elementor-post__text\">\n\t\t\t\t<h3 class=\"elementor-post__title\">\n\t\t\t<a href=\"https:\/\/tropiques-atrium.fr\/scene-nationale\/2025\/09\/15\/rentree-de-saison-2025-2026\/\" >\n\t\t\t\tRentr\u00e9e de Saison 2025-2026\t\t\t<\/a>\n\t\t<\/h3>\n\t\t\t\t<div class=\"elementor-post__excerpt\">\n\t\t\t<p>D\u00e9but de saison sur les chapeaux de roues pour ce mois de septembre, \u00e0 Tropiques Atrium, qui vous convie \u00e0<\/p>\n\t\t<\/div>\n\t\t\n\t\t<a class=\"elementor-post__read-more\" href=\"https:\/\/tropiques-atrium.fr\/scene-nationale\/2025\/09\/15\/rentree-de-saison-2025-2026\/\" aria-label=\"En savoir plus sur Rentr\u00e9e de Saison 2025-2026\" tabindex=\"-1\" >\n\t\t\tLire la suite \u00bb\t\t<\/a>\n\n\t\t\t\t<\/div>\n\t\t\t\t<div class=\"elementor-post__meta-data\">\n\t\t\t\t\t<span class=\"elementor-post-date\">\n\t\t\t15\/09\/2025\t\t<\/span>\n\t\t\t\t<\/div>\n\t\t\t\t\t<\/div>\n\t\t<\/article>\n\t\t\t\t<article class=\"elementor-post elementor-grid-item post-7102 post type-post status-publish format-standard has-post-thumbnail hentry category-actualites category-danse\">\n\t\t\t<div class=\"elementor-post__card\">\n\t\t\t\t<a class=\"elementor-post__thumbnail__link\" href=\"https:\/\/tropiques-atrium.fr\/scene-nationale\/2025\/09\/09\/appel-a-candidatures-jumping-2\/\" tabindex=\"-1\" ><div class=\"elementor-post__thumbnail\"><img loading=\"lazy\" decoding=\"async\" width=\"300\" height=\"169\" src=\"https:\/\/tropiques-atrium.fr\/scene-nationale\/wp-content\/uploads\/sites\/13\/2025\/09\/Appel-a-Candidatures-Jumping-2025-26-Tropiques-Atrium-300x169.jpg\" class=\"attachment-medium size-medium wp-image-7104\" alt=\"\" srcset=\"https:\/\/tropiques-atrium.fr\/scene-nationale\/wp-content\/uploads\/sites\/13\/2025\/09\/Appel-a-Candidatures-Jumping-2025-26-Tropiques-Atrium-300x169.jpg 300w, https:\/\/tropiques-atrium.fr\/scene-nationale\/wp-content\/uploads\/sites\/13\/2025\/09\/Appel-a-Candidatures-Jumping-2025-26-Tropiques-Atrium-1024x576.jpg 1024w, https:\/\/tropiques-atrium.fr\/scene-nationale\/wp-content\/uploads\/sites\/13\/2025\/09\/Appel-a-Candidatures-Jumping-2025-26-Tropiques-Atrium-768x432.jpg 768w, https:\/\/tropiques-atrium.fr\/scene-nationale\/wp-content\/uploads\/sites\/13\/2025\/09\/Appel-a-Candidatures-Jumping-2025-26-Tropiques-Atrium-1536x864.jpg 1536w, https:\/\/tropiques-atrium.fr\/scene-nationale\/wp-content\/uploads\/sites\/13\/2025\/09\/Appel-a-Candidatures-Jumping-2025-26-Tropiques-Atrium-1200x675.jpg 1200w, https:\/\/tropiques-atrium.fr\/scene-nationale\/wp-content\/uploads\/sites\/13\/2025\/09\/Appel-a-Candidatures-Jumping-2025-26-Tropiques-Atrium-585x329.jpg 585w, https:\/\/tropiques-atrium.fr\/scene-nationale\/wp-content\/uploads\/sites\/13\/2025\/09\/Appel-a-Candidatures-Jumping-2025-26-Tropiques-Atrium.jpg 1920w\" sizes=\"(max-width: 300px) 100vw, 300px\" \/><\/div><\/a>\n\t\t\t\t<div class=\"elementor-post__text\">\n\t\t\t\t<h3 class=\"elementor-post__title\">\n\t\t\t<a href=\"https:\/\/tropiques-atrium.fr\/scene-nationale\/2025\/09\/09\/appel-a-candidatures-jumping-2\/\" >\n\t\t\t\tAppel \u00e0 Candidatures &#8211; Jumping #2\t\t\t<\/a>\n\t\t<\/h3>\n\t\t\t\t<div class=\"elementor-post__excerpt\">\n\t\t\t<p>Tremplin chor\u00e9graphique carib\u00e9en \u2013 Martinique Organis\u00e9e par Karukera Ballet, la seconde \u00e9dition de Jumping se d\u00e9roulera du 19 au 21<\/p>\n\t\t<\/div>\n\t\t\n\t\t<a class=\"elementor-post__read-more\" href=\"https:\/\/tropiques-atrium.fr\/scene-nationale\/2025\/09\/09\/appel-a-candidatures-jumping-2\/\" aria-label=\"En savoir plus sur Appel \u00e0 Candidatures &#8211; Jumping #2\" tabindex=\"-1\" >\n\t\t\tLire la suite \u00bb\t\t<\/a>\n\n\t\t\t\t<\/div>\n\t\t\t\t<div class=\"elementor-post__meta-data\">\n\t\t\t\t\t<span class=\"elementor-post-date\">\n\t\t\t09\/09\/2025\t\t<\/span>\n\t\t\t\t<\/div>\n\t\t\t\t\t<\/div>\n\t\t<\/article>\n\t\t\t\t<\/div>\n\t\t\n\t\t\t\t<\/div>\n\t\t\t\t<\/div>\n\t\t\t\t\t<\/div>\n\t\t\t\t<\/div>\n\t\t\t\t<\/div>\n\t\t","protected":false},"excerpt":{"rendered":"","protected":false},"author":1,"featured_media":0,"parent":2641,"menu_order":0,"comment_status":"closed","ping_status":"closed","template":"","meta":{"footnotes":""},"_links":{"self":[{"href":"https:\/\/tropiques-atrium.fr\/scene-nationale\/wp-json\/wp\/v2\/pages\/2649"}],"collection":[{"href":"https:\/\/tropiques-atrium.fr\/scene-nationale\/wp-json\/wp\/v2\/pages"}],"about":[{"href":"https:\/\/tropiques-atrium.fr\/scene-nationale\/wp-json\/wp\/v2\/types\/page"}],"author":[{"embeddable":true,"href":"https:\/\/tropiques-atrium.fr\/scene-nationale\/wp-json\/wp\/v2\/users\/1"}],"replies":[{"embeddable":true,"href":"https:\/\/tropiques-atrium.fr\/scene-nationale\/wp-json\/wp\/v2\/comments?post=2649"}],"version-history":[{"count":7,"href":"https:\/\/tropiques-atrium.fr\/scene-nationale\/wp-json\/wp\/v2\/pages\/2649\/revisions"}],"predecessor-version":[{"id":2658,"href":"https:\/\/tropiques-atrium.fr\/scene-nationale\/wp-json\/wp\/v2\/pages\/2649\/revisions\/2658"}],"up":[{"embeddable":true,"href":"https:\/\/tropiques-atrium.fr\/scene-nationale\/wp-json\/wp\/v2\/pages\/2641"}],"wp:attachment":[{"href":"https:\/\/tropiques-atrium.fr\/scene-nationale\/wp-json\/wp\/v2\/media?parent=2649"}],"curies":[{"name":"wp","href":"https:\/\/api.w.org\/{rel}","templated":true}]}}