{"id":2400,"date":"2023-11-23T20:51:07","date_gmt":"2023-11-23T20:51:07","guid":{"rendered":"https:\/\/tropiques-atrium.fr\/scene-nationale\/?page_id=2400"},"modified":"2023-11-24T09:15:34","modified_gmt":"2023-11-24T13:15:34","slug":"nos-missions","status":"publish","type":"page","link":"https:\/\/tropiques-atrium.fr\/scene-nationale\/tropiques-atrium\/projet\/nos-missions\/","title":{"rendered":"Nos missions"},"content":{"rendered":"\t\t<div data-elementor-type=\"wp-page\" data-elementor-id=\"2400\" class=\"elementor elementor-2400\" data-elementor-post-type=\"page\">\n\t\t\t\t<div class=\"elementor-element elementor-element-f9cd0cc e-con-full e-flex e-con e-parent\" data-id=\"f9cd0cc\" data-element_type=\"container\">\n\t\t<div class=\"elementor-element elementor-element-949de82 e-con-full e-flex e-con e-child\" data-id=\"949de82\" data-element_type=\"container\">\n\t\t\t\t<div class=\"elementor-element elementor-element-425691d elementor-widget elementor-widget-text-editor\" data-id=\"425691d\" data-element_type=\"widget\" data-widget_type=\"text-editor.default\">\n\t\t\t\t<div class=\"elementor-widget-container\">\n\t\t\t<style>\/*! elementor - v3.23.0 - 05-08-2024 *\/\n.elementor-widget-text-editor.elementor-drop-cap-view-stacked .elementor-drop-cap{background-color:#69727d;color:#fff}.elementor-widget-text-editor.elementor-drop-cap-view-framed .elementor-drop-cap{color:#69727d;border:3px solid;background-color:transparent}.elementor-widget-text-editor:not(.elementor-drop-cap-view-default) .elementor-drop-cap{margin-top:8px}.elementor-widget-text-editor:not(.elementor-drop-cap-view-default) .elementor-drop-cap-letter{width:1em;height:1em}.elementor-widget-text-editor .elementor-drop-cap{float:left;text-align:center;line-height:1;font-size:50px}.elementor-widget-text-editor .elementor-drop-cap-letter{display:inline-block}<\/style>\t\t\t\t<h3>Tropiques Atrium Sc\u00e8ne nationale<\/h3>\n<p>Tropiques Atrium a \u00e9t\u00e9 cr\u00e9\u00e9 en 2015. N\u00e9 de la fusion du CMAC et de L\u2019Atrium, c\u2019est un \u00c9tablissement Public de Coop\u00e9ration Culturelle (EPCC) qui b\u00e9n\u00e9ficie du label Sc\u00e8ne nationale du minist\u00e8re de la Culture et de la Communication.<\/p>\n<p>Dot\u00e9e d\u2019un budget global de 4 M\u20ac, avec une \u00e9quipe de 32 permanents (auxquels s\u2019ajoutent des intermittents), la structure programme environ 160 repr\u00e9sentations par saison.<\/p>\t\t\t\t\t\t<\/div>\n\t\t\t\t<\/div>\n\t\t\t\t<\/div>\n\t\t\t\t<\/div>\n\t\t<div class=\"elementor-element elementor-element-f421fe6 e-flex e-con-boxed e-con e-parent\" data-id=\"f421fe6\" data-element_type=\"container\">\n\t\t\t\t\t<div class=\"e-con-inner\">\n\t\t\t\t<div class=\"elementor-element elementor-element-6a57ea3 elementor-widget elementor-widget-image\" data-id=\"6a57ea3\" data-element_type=\"widget\" data-widget_type=\"image.default\">\n\t\t\t\t<div class=\"elementor-widget-container\">\n\t\t\t<style>\/*! elementor - v3.23.0 - 05-08-2024 *\/\n.elementor-widget-image{text-align:center}.elementor-widget-image a{display:inline-block}.elementor-widget-image a img[src$=\".svg\"]{width:48px}.elementor-widget-image img{vertical-align:middle;display:inline-block}<\/style>\t\t\t\t\t\t\t\t\t\t<img fetchpriority=\"high\" decoding=\"async\" width=\"300\" height=\"300\" src=\"https:\/\/tropiques-atrium.fr\/scene-nationale\/wp-content\/uploads\/sites\/13\/2023\/11\/LogoCTM-300x300.jpg\" class=\"attachment-medium size-medium wp-image-2546\" alt=\"\" srcset=\"https:\/\/tropiques-atrium.fr\/scene-nationale\/wp-content\/uploads\/sites\/13\/2023\/11\/LogoCTM-300x300.jpg 300w, https:\/\/tropiques-atrium.fr\/scene-nationale\/wp-content\/uploads\/sites\/13\/2023\/11\/LogoCTM-150x150.jpg 150w, https:\/\/tropiques-atrium.fr\/scene-nationale\/wp-content\/uploads\/sites\/13\/2023\/11\/LogoCTM-768x768.jpg 768w, https:\/\/tropiques-atrium.fr\/scene-nationale\/wp-content\/uploads\/sites\/13\/2023\/11\/LogoCTM-585x585.jpg 585w, https:\/\/tropiques-atrium.fr\/scene-nationale\/wp-content\/uploads\/sites\/13\/2023\/11\/LogoCTM-220x220.jpg 220w, https:\/\/tropiques-atrium.fr\/scene-nationale\/wp-content\/uploads\/sites\/13\/2023\/11\/LogoCTM-80x80.jpg 80w, https:\/\/tropiques-atrium.fr\/scene-nationale\/wp-content\/uploads\/sites\/13\/2023\/11\/LogoCTM.jpg 900w\" sizes=\"(max-width: 300px) 100vw, 300px\" \/>\t\t\t\t\t\t\t\t\t\t\t\t\t<\/div>\n\t\t\t\t<\/div>\n\t\t\t\t<div class=\"elementor-element elementor-element-a28ee84 elementor-widget elementor-widget-image\" data-id=\"a28ee84\" data-element_type=\"widget\" data-widget_type=\"image.default\">\n\t\t\t\t<div class=\"elementor-widget-container\">\n\t\t\t\t\t\t\t\t\t\t\t\t\t<img decoding=\"async\" width=\"300\" height=\"297\" src=\"https:\/\/tropiques-atrium.fr\/scene-nationale\/wp-content\/uploads\/sites\/13\/2023\/11\/Prefet_de_la_Martinique.svg-300x297.png\" class=\"attachment-medium size-medium wp-image-2547\" alt=\"\" srcset=\"https:\/\/tropiques-atrium.fr\/scene-nationale\/wp-content\/uploads\/sites\/13\/2023\/11\/Prefet_de_la_Martinique.svg-300x297.png 300w, https:\/\/tropiques-atrium.fr\/scene-nationale\/wp-content\/uploads\/sites\/13\/2023\/11\/Prefet_de_la_Martinique.svg-1024x1012.png 1024w, https:\/\/tropiques-atrium.fr\/scene-nationale\/wp-content\/uploads\/sites\/13\/2023\/11\/Prefet_de_la_Martinique.svg-150x150.png 150w, https:\/\/tropiques-atrium.fr\/scene-nationale\/wp-content\/uploads\/sites\/13\/2023\/11\/Prefet_de_la_Martinique.svg-768x759.png 768w, https:\/\/tropiques-atrium.fr\/scene-nationale\/wp-content\/uploads\/sites\/13\/2023\/11\/Prefet_de_la_Martinique.svg-80x80.png 80w, https:\/\/tropiques-atrium.fr\/scene-nationale\/wp-content\/uploads\/sites\/13\/2023\/11\/Prefet_de_la_Martinique.svg-585x578.png 585w, https:\/\/tropiques-atrium.fr\/scene-nationale\/wp-content\/uploads\/sites\/13\/2023\/11\/Prefet_de_la_Martinique.svg.png 1200w\" sizes=\"(max-width: 300px) 100vw, 300px\" \/>\t\t\t\t\t\t\t\t\t\t\t\t\t<\/div>\n\t\t\t\t<\/div>\n\t\t<div class=\"elementor-element elementor-element-343fd37 e-con-full e-flex e-con e-child\" data-id=\"343fd37\" data-element_type=\"container\">\n\t\t\t\t<div class=\"elementor-element elementor-element-5f1fbc6 elementor-widget elementor-widget-text-editor\" data-id=\"5f1fbc6\" data-element_type=\"widget\" data-widget_type=\"text-editor.default\">\n\t\t\t\t<div class=\"elementor-widget-container\">\n\t\t\t\t\t\t\t<h3>Collectivit\u00e9s partenaires<\/h3><p>La Collectivit\u00e9 Territoriale de Martinique (70%), l\u2019\u00c9tat (30%) et ponctuellement des Municipalit\u00e9s.<br \/>La structure fait aussi appel \u00e0 des m\u00e9c\u00e8nes ou sponsors pour accompagner ses projets et accro\u00eetre son rayonnement.<\/p>\t\t\t\t\t\t<\/div>\n\t\t\t\t<\/div>\n\t\t\t\t<\/div>\n\t\t\t\t\t<\/div>\n\t\t\t\t<\/div>\n\t\t<div class=\"elementor-element elementor-element-362c863 e-flex e-con-boxed e-con e-parent\" data-id=\"362c863\" data-element_type=\"container\">\n\t\t\t\t\t<div class=\"e-con-inner\">\n\t\t\t\t<div class=\"elementor-element elementor-element-675b9bc elementor-widget__width-initial elementor-widget elementor-widget-image\" data-id=\"675b9bc\" data-element_type=\"widget\" data-widget_type=\"image.default\">\n\t\t\t\t<div class=\"elementor-widget-container\">\n\t\t\t\t\t\t\t\t\t\t\t\t\t<img decoding=\"async\" width=\"1024\" height=\"768\" src=\"https:\/\/tropiques-atrium.fr\/scene-nationale\/wp-content\/uploads\/sites\/13\/2023\/11\/tropiques-atrium-fort-de-france-1024x768.jpg\" class=\"attachment-large size-large wp-image-2558\" alt=\"\" srcset=\"https:\/\/tropiques-atrium.fr\/scene-nationale\/wp-content\/uploads\/sites\/13\/2023\/11\/tropiques-atrium-fort-de-france-1024x768.jpg 1024w, https:\/\/tropiques-atrium.fr\/scene-nationale\/wp-content\/uploads\/sites\/13\/2023\/11\/tropiques-atrium-fort-de-france-300x225.jpg 300w, https:\/\/tropiques-atrium.fr\/scene-nationale\/wp-content\/uploads\/sites\/13\/2023\/11\/tropiques-atrium-fort-de-france-768x576.jpg 768w, https:\/\/tropiques-atrium.fr\/scene-nationale\/wp-content\/uploads\/sites\/13\/2023\/11\/tropiques-atrium-fort-de-france-1536x1152.jpg 1536w, https:\/\/tropiques-atrium.fr\/scene-nationale\/wp-content\/uploads\/sites\/13\/2023\/11\/tropiques-atrium-fort-de-france-585x439.jpg 585w, https:\/\/tropiques-atrium.fr\/scene-nationale\/wp-content\/uploads\/sites\/13\/2023\/11\/tropiques-atrium-fort-de-france.jpg 1800w\" sizes=\"(max-width: 1024px) 100vw, 1024px\" \/>\t\t\t\t\t\t\t\t\t\t\t\t\t<\/div>\n\t\t\t\t<\/div>\n\t\t<div class=\"elementor-element elementor-element-076d204 e-con-full e-flex e-con e-child\" data-id=\"076d204\" data-element_type=\"container\">\n\t\t\t\t<div class=\"elementor-element elementor-element-57cfe0c elementor-widget elementor-widget-text-editor\" data-id=\"57cfe0c\" data-element_type=\"widget\" data-widget_type=\"text-editor.default\">\n\t\t\t\t<div class=\"elementor-widget-container\">\n\t\t\t\t\t\t\t<h3>Equipement<\/h3><p>Ouvert en 1998, il comprend 2 salles :<\/p><p>Aim\u00e9 C\u00e9saire (958 places),<br \/>Frantz Fanon (276 places).<br \/>3 espaces d\u00e9di\u00e9s \u00e0 la cr\u00e9ation et\/ou r\u00e9p\u00e9titions,<br \/>2 lieux d\u00e9di\u00e9s aux arts plastiques, num\u00e9riques et visuels.<br \/>1 bar-restaurant.<br \/>1 studio<br \/>4 chambres pour les r\u00e9sidences d\u2019artistes<br \/>1 \u00e9quipement modulaire mobile.<\/p>\t\t\t\t\t\t<\/div>\n\t\t\t\t<\/div>\n\t\t\t\t<\/div>\n\t\t\t\t\t<\/div>\n\t\t\t\t<\/div>\n\t\t<div class=\"elementor-element elementor-element-1fcadf7 e-flex e-con-boxed e-con e-parent\" data-id=\"1fcadf7\" data-element_type=\"container\">\n\t\t\t\t\t<div class=\"e-con-inner\">\n\t\t<div class=\"elementor-element elementor-element-003ef4c e-con-full e-flex e-con e-child\" data-id=\"003ef4c\" data-element_type=\"container\">\n\t\t\t\t<div class=\"elementor-element elementor-element-ba01414 elementor-widget elementor-widget-text-editor\" data-id=\"ba01414\" data-element_type=\"widget\" data-widget_type=\"text-editor.default\">\n\t\t\t\t<div class=\"elementor-widget-container\">\n\t\t\t\t\t\t\t<h3>Notre projet artistique<\/h3><p>L\u2019action de Tropiques Atrium tient compte de la situation artistique et culturelle de son territoire de pr\u00e9dilection, de ses probl\u00e9matiques et de ses enjeux, tout en \u00e9tant connecte\u0301 au monde.<\/p><p>La formation, l\u2019accompagnement des artistes, la pe\u0301ne\u0301tration et l\u2019animation des r\u00e9seaux, le renforcement du maillage partenarial, l\u2019\u00e9ducation artistique et culturelle, la territorialisation de l\u2019action culturelle, la mixit\u00e9\u0301 des publics, une pluridisciplinarit\u00e9\u0301 assum\u00e9e et la qualit\u00e9\u0301 de la programmation sont autant de poutres porteuses de l\u2019architecture de notre projet.<\/p><p>L\u2019action culturelle est un formidable vecteur universel d\u2019\u00e9galit\u00e9\u0301. Nous devons maintenir haut l\u2019\u00e9tendard de l\u2019action culturelle, tel un \u00e9l\u00e9ment vital d\u2019un bien-\u00eatre collectif et d\u2019une socie\u0301te\u0301 dynamique. Nous devons contribuer a\u0300 cr\u00e9er cette grande et plurielle communaut\u00e9\u0301 culturelle que composent le public, les professionnels, les amateurs, les b\u00e9n\u00e9voles, les institutions et le m\u00e9c\u00e9nat. Nous devons d\u00e9montrer la n\u00e9cessite\u0301 d\u2019un enracinement et d\u2019une connaissance profonde de son identit\u00e9\u0301 afin de pouvoir tendre, sans vaciller, vers l\u2019Universel, \u00e9cartant ainsi tout risque d\u2019enfermement st\u00e9rile et d\u00e9g\u00e9n\u00e9rescent.<\/p>\t\t\t\t\t\t<\/div>\n\t\t\t\t<\/div>\n\t\t\t\t<\/div>\n\t\t\t\t\t<\/div>\n\t\t\t\t<\/div>\n\t\t<div class=\"elementor-element elementor-element-381ecb5 e-flex e-con-boxed e-con e-parent\" data-id=\"381ecb5\" data-element_type=\"container\">\n\t\t\t\t\t<div class=\"e-con-inner\">\n\t\t<div class=\"elementor-element elementor-element-1cd4d21 e-con-full e-flex e-con e-child\" data-id=\"1cd4d21\" data-element_type=\"container\">\n\t\t\t\t<div class=\"elementor-element elementor-element-f5c4e1a elementor-widget elementor-widget-text-editor\" data-id=\"f5c4e1a\" data-element_type=\"widget\" data-widget_type=\"text-editor.default\">\n\t\t\t\t<div class=\"elementor-widget-container\">\n\t\t\t\t\t\t\t<h3>Collaborations avec d\u2019autres sc\u00e8nes nationales et\/ou r\u00e9seaux<\/h3><p>En Martinique avec les structures culturelles et patrimoniales de la CTM, les offices de la culture, les municipalit\u00e9s.<br \/>En Guadeloupe, avec L\u2019Artchipel Sc\u00e8ne nationale, le M\u00e9morial ACTe le CEDAC ou le Centre Sonis pour la co-diffusion de spectacles. En Martinique avec le Domaine de Fonds Saint-Jacques, le Domaine de la Pagerie, le CDST, des structures et des municipalit\u00e9s.<br \/>Avec l\u2019Institut fran\u00e7ais, l\u2019ONDA, la Coordination des Alliances fran\u00e7aises de la Cara\u00efbe, l\u2019Association des Sc\u00e8nes nationales,le Festival des Francophonie en Limousin, la Cit\u00e9 internationale des Arts, le Centro Le\u00f3n \u00e0 Saint-Domingue, le LaboCulture, le Faso Danse Th\u00e9\u00e2tre de Belgique, le NTE \u00e0 Montr\u00e9al pour la production et diffusion internationale de spectacles. Avec La Termiti\u00e8re, Centre de d\u00e9veloppement chor\u00e9graphique et le Festival Les R\u00e9cr\u00e9\u00e2trales \u00e0 Ouagadougou pour des \u00e9changes, formations et r\u00e9sidences d\u2019artistes.<\/p>\t\t\t\t\t\t<\/div>\n\t\t\t\t<\/div>\n\t\t\t\t<div class=\"elementor-element elementor-element-b9d697e elementor-widget elementor-widget-spacer\" data-id=\"b9d697e\" data-element_type=\"widget\" data-widget_type=\"spacer.default\">\n\t\t\t\t<div class=\"elementor-widget-container\">\n\t\t\t<style>\/*! elementor - v3.23.0 - 05-08-2024 *\/\n.elementor-column .elementor-spacer-inner{height:var(--spacer-size)}.e-con{--container-widget-width:100%}.e-con-inner>.elementor-widget-spacer,.e-con>.elementor-widget-spacer{width:var(--container-widget-width,var(--spacer-size));--align-self:var(--container-widget-align-self,initial);--flex-shrink:0}.e-con-inner>.elementor-widget-spacer>.elementor-widget-container,.e-con>.elementor-widget-spacer>.elementor-widget-container{height:100%;width:100%}.e-con-inner>.elementor-widget-spacer>.elementor-widget-container>.elementor-spacer,.e-con>.elementor-widget-spacer>.elementor-widget-container>.elementor-spacer{height:100%}.e-con-inner>.elementor-widget-spacer>.elementor-widget-container>.elementor-spacer>.elementor-spacer-inner,.e-con>.elementor-widget-spacer>.elementor-widget-container>.elementor-spacer>.elementor-spacer-inner{height:var(--container-widget-height,var(--spacer-size))}.e-con-inner>.elementor-widget-spacer.elementor-widget-empty,.e-con>.elementor-widget-spacer.elementor-widget-empty{position:relative;min-height:22px;min-width:22px}.e-con-inner>.elementor-widget-spacer.elementor-widget-empty .elementor-widget-empty-icon,.e-con>.elementor-widget-spacer.elementor-widget-empty .elementor-widget-empty-icon{position:absolute;top:0;bottom:0;left:0;right:0;margin:auto;padding:0;width:22px;height:22px}<\/style>\t\t<div class=\"elementor-spacer\">\n\t\t\t<div class=\"elementor-spacer-inner\"><\/div>\n\t\t<\/div>\n\t\t\t\t<\/div>\n\t\t\t\t<\/div>\n\t\t\t\t<\/div>\n\t\t\t\t\t<\/div>\n\t\t\t\t<\/div>\n\t\t<div class=\"elementor-element elementor-element-77e25c7 e-flex e-con-boxed e-con e-parent\" data-id=\"77e25c7\" data-element_type=\"container\">\n\t\t\t\t\t<div class=\"e-con-inner\">\n\t\t<div class=\"elementor-element elementor-element-81910e2 e-con-full e-flex e-con e-child\" data-id=\"81910e2\" data-element_type=\"container\">\n\t\t\t\t<div class=\"elementor-element elementor-element-b8e50a9 elementor-widget elementor-widget-image\" data-id=\"b8e50a9\" data-element_type=\"widget\" data-widget_type=\"image.default\">\n\t\t\t\t<div class=\"elementor-widget-container\">\n\t\t\t\t\t\t\t\t\t\t\t\t\t<img loading=\"lazy\" decoding=\"async\" width=\"1024\" height=\"329\" src=\"https:\/\/tropiques-atrium.fr\/scene-nationale\/wp-content\/uploads\/sites\/13\/2023\/11\/Logo-Tropiques-Atrium-1020x381-1-1024x329.jpg\" class=\"attachment-large size-large wp-image-2278\" alt=\"\" srcset=\"https:\/\/tropiques-atrium.fr\/scene-nationale\/wp-content\/uploads\/sites\/13\/2023\/11\/Logo-Tropiques-Atrium-1020x381-1-1024x329.jpg 1024w, https:\/\/tropiques-atrium.fr\/scene-nationale\/wp-content\/uploads\/sites\/13\/2023\/11\/Logo-Tropiques-Atrium-1020x381-1-300x97.jpg 300w, https:\/\/tropiques-atrium.fr\/scene-nationale\/wp-content\/uploads\/sites\/13\/2023\/11\/Logo-Tropiques-Atrium-1020x381-1-768x247.jpg 768w, https:\/\/tropiques-atrium.fr\/scene-nationale\/wp-content\/uploads\/sites\/13\/2023\/11\/Logo-Tropiques-Atrium-1020x381-1-585x188.jpg 585w, https:\/\/tropiques-atrium.fr\/scene-nationale\/wp-content\/uploads\/sites\/13\/2023\/11\/Logo-Tropiques-Atrium-1020x381-1.jpg 1200w\" sizes=\"(max-width: 1024px) 100vw, 1024px\" \/>\t\t\t\t\t\t\t\t\t\t\t\t\t<\/div>\n\t\t\t\t<\/div>\n\t\t\t\t<\/div>\n\t\t<div class=\"elementor-element elementor-element-a94b1b2 e-con-full e-flex e-con e-child\" data-id=\"a94b1b2\" data-element_type=\"container\">\n\t\t\t\t<div class=\"elementor-element elementor-element-6d0c8af elementor-widget elementor-widget-text-editor\" data-id=\"6d0c8af\" data-element_type=\"widget\" data-widget_type=\"text-editor.default\">\n\t\t\t\t<div class=\"elementor-widget-container\">\n\t\t\t\t\t\t\t<h3>Un label, des missions, un r\u00e9seau<\/h3><p>Les Sc\u00e8nes nationales partagent un socle de missions communes :<\/p><p>soutenir la cr\u00e9ation artistique, \u00eatre un moteur dans l\u2019am\u00e9nagement culturel des territoires, d\u00e9velopper une offre culturelle aupr\u00e8s de l\u2019ensemble des populations et mener un travail de sensibilisation \u00e0 l\u2019art et la culture.<br \/>Leurs programmations pluridisciplinaires refl\u00e8tent les principaux courants de la cr\u00e9ation actuelle fran\u00e7aise et internationale. Certaines Sc\u00e8nes nationales, dont Tropiques Atrium, font vivre un cin\u00e9ma d\u2019art et essai, alternatif, ouvert sur le Monde.<\/p><p>En chiffres<br \/>Avec 74 structures, c\u2019est le 1er r\u00e9seau de production et de diffusion du spectacle vivant en France avec chaque saison 3,5 millions de spectateurs sur pr\u00e8s de 3 500 manifestations. Cr\u00e9\u00e9e en 1990, l\u2019Association des Sc\u00e8nes nationales est un centre-ressources sur le label.<\/p><p>Infos : www.scenes-nationales.fr<\/p>\t\t\t\t\t\t<\/div>\n\t\t\t\t<\/div>\n\t\t\t\t<\/div>\n\t\t\t\t\t<\/div>\n\t\t\t\t<\/div>\n\t\t\t\t<\/div>\n\t\t","protected":false},"excerpt":{"rendered":"<p>Tropiques Atrium Sc\u00e8ne nationale Tropiques Atrium a \u00e9t\u00e9 cr\u00e9\u00e9 en 2015. N\u00e9 de la fusion du CMAC et de L\u2019Atrium,&#8230;<\/p>\n","protected":false},"author":1,"featured_media":0,"parent":2394,"menu_order":0,"comment_status":"closed","ping_status":"closed","template":"","meta":{"footnotes":""},"_links":{"self":[{"href":"https:\/\/tropiques-atrium.fr\/scene-nationale\/wp-json\/wp\/v2\/pages\/2400"}],"collection":[{"href":"https:\/\/tropiques-atrium.fr\/scene-nationale\/wp-json\/wp\/v2\/pages"}],"about":[{"href":"https:\/\/tropiques-atrium.fr\/scene-nationale\/wp-json\/wp\/v2\/types\/page"}],"author":[{"embeddable":true,"href":"https:\/\/tropiques-atrium.fr\/scene-nationale\/wp-json\/wp\/v2\/users\/1"}],"replies":[{"embeddable":true,"href":"https:\/\/tropiques-atrium.fr\/scene-nationale\/wp-json\/wp\/v2\/comments?post=2400"}],"version-history":[{"count":40,"href":"https:\/\/tropiques-atrium.fr\/scene-nationale\/wp-json\/wp\/v2\/pages\/2400\/revisions"}],"predecessor-version":[{"id":2561,"href":"https:\/\/tropiques-atrium.fr\/scene-nationale\/wp-json\/wp\/v2\/pages\/2400\/revisions\/2561"}],"up":[{"embeddable":true,"href":"https:\/\/tropiques-atrium.fr\/scene-nationale\/wp-json\/wp\/v2\/pages\/2394"}],"wp:attachment":[{"href":"https:\/\/tropiques-atrium.fr\/scene-nationale\/wp-json\/wp\/v2\/media?parent=2400"}],"curies":[{"name":"wp","href":"https:\/\/api.w.org\/{rel}","templated":true}]}}