{"id":2386,"date":"2023-11-23T20:41:16","date_gmt":"2023-11-23T20:41:16","guid":{"rendered":"https:\/\/tropiques-atrium.fr\/scene-nationale\/?page_id=2386"},"modified":"2023-11-24T09:17:17","modified_gmt":"2023-11-24T13:17:17","slug":"editorial","status":"publish","type":"page","link":"https:\/\/tropiques-atrium.fr\/scene-nationale\/tropiques-atrium\/projet\/editorial\/","title":{"rendered":"Editorial"},"content":{"rendered":"\t\t<div data-elementor-type=\"wp-page\" data-elementor-id=\"2386\" class=\"elementor elementor-2386\" data-elementor-post-type=\"page\">\n\t\t\t\t<div class=\"elementor-element elementor-element-ae5159f e-flex e-con-boxed e-con e-parent\" data-id=\"ae5159f\" data-element_type=\"container\">\n\t\t\t\t\t<div class=\"e-con-inner\">\n\t\t<div class=\"elementor-element elementor-element-def8ab8 e-con-full e-flex e-con e-child\" data-id=\"def8ab8\" data-element_type=\"container\">\n\t\t\t\t<div class=\"elementor-element elementor-element-cbf8ee3 elementor-widget elementor-widget-image\" data-id=\"cbf8ee3\" data-element_type=\"widget\" data-widget_type=\"image.default\">\n\t\t\t\t<div class=\"elementor-widget-container\">\n\t\t\t<style>\/*! elementor - v3.23.0 - 05-08-2024 *\/\n.elementor-widget-image{text-align:center}.elementor-widget-image a{display:inline-block}.elementor-widget-image a img[src$=\".svg\"]{width:48px}.elementor-widget-image img{vertical-align:middle;display:inline-block}<\/style>\t\t\t\t\t\t\t\t\t\t<img fetchpriority=\"high\" decoding=\"async\" width=\"1024\" height=\"813\" src=\"https:\/\/tropiques-atrium.fr\/scene-nationale\/wp-content\/uploads\/sites\/13\/2023\/11\/manuel-cesaire-atrium-1024x813.jpeg\" class=\"attachment-large size-large wp-image-2562\" alt=\"\" srcset=\"https:\/\/tropiques-atrium.fr\/scene-nationale\/wp-content\/uploads\/sites\/13\/2023\/11\/manuel-cesaire-atrium-1024x813.jpeg 1024w, https:\/\/tropiques-atrium.fr\/scene-nationale\/wp-content\/uploads\/sites\/13\/2023\/11\/manuel-cesaire-atrium-300x238.jpeg 300w, https:\/\/tropiques-atrium.fr\/scene-nationale\/wp-content\/uploads\/sites\/13\/2023\/11\/manuel-cesaire-atrium-768x610.jpeg 768w, https:\/\/tropiques-atrium.fr\/scene-nationale\/wp-content\/uploads\/sites\/13\/2023\/11\/manuel-cesaire-atrium-585x465.jpeg 585w, https:\/\/tropiques-atrium.fr\/scene-nationale\/wp-content\/uploads\/sites\/13\/2023\/11\/manuel-cesaire-atrium.jpeg 1084w\" sizes=\"(max-width: 1024px) 100vw, 1024px\" \/>\t\t\t\t\t\t\t\t\t\t\t\t\t<\/div>\n\t\t\t\t<\/div>\n\t\t\t\t<div class=\"elementor-element elementor-element-d3c5f9a elementor-widget elementor-widget-text-editor\" data-id=\"d3c5f9a\" data-element_type=\"widget\" data-widget_type=\"text-editor.default\">\n\t\t\t\t<div class=\"elementor-widget-container\">\n\t\t\t<style>\/*! elementor - v3.23.0 - 05-08-2024 *\/\n.elementor-widget-text-editor.elementor-drop-cap-view-stacked .elementor-drop-cap{background-color:#69727d;color:#fff}.elementor-widget-text-editor.elementor-drop-cap-view-framed .elementor-drop-cap{color:#69727d;border:3px solid;background-color:transparent}.elementor-widget-text-editor:not(.elementor-drop-cap-view-default) .elementor-drop-cap{margin-top:8px}.elementor-widget-text-editor:not(.elementor-drop-cap-view-default) .elementor-drop-cap-letter{width:1em;height:1em}.elementor-widget-text-editor .elementor-drop-cap{float:left;text-align:center;line-height:1;font-size:50px}.elementor-widget-text-editor .elementor-drop-cap-letter{display:inline-block}<\/style>\t\t\t\t<p><strong>Manuel C\u00e9saire<\/strong><br \/>Directeur, Tropiques Atrium Sc\u00e8ne nationale<\/p>\t\t\t\t\t\t<\/div>\n\t\t\t\t<\/div>\n\t\t\t\t<\/div>\n\t\t<div class=\"elementor-element elementor-element-a92953b e-con-full e-flex e-con e-child\" data-id=\"a92953b\" data-element_type=\"container\">\n\t\t\t\t<div class=\"elementor-element elementor-element-038e493 elementor-widget elementor-widget-text-editor\" data-id=\"038e493\" data-element_type=\"widget\" data-widget_type=\"text-editor.default\">\n\t\t\t\t<div class=\"elementor-widget-container\">\n\t\t\t\t\t\t\t<p><span style=\"font-size: 21px;\"><strong>Syncr\u00e9tismes\u2026<\/strong><\/span><\/p><p>Entrecroisement de m\u00e9moires, entrelacement de cultures, amalgame de savoir-faire, concert d\u2019esth\u00e9tismes, crois\u00e9e des influences, la saison artistique 2019\/2020 sera syncr\u00e9tique et pluridisciplinaire. En th\u00e9\u00e2tre, musique ou danse, le r\u00e9pertoire sera convoqu\u00e9 et revisit\u00e9, les d\u00e9marches contemporaines investiront les planches, en toute d\u00e9complexion, hardiesse et impertinence. Non pas un syncr\u00e9tisme subi mais un syncr\u00e9tisme accoucheur de synth\u00e8ses cr\u00e9atives et d\u2019humanisme inspirant.<\/p><p>Les identit\u00e9s artistiques seront convi\u00e9es, les r\u00e9cits populaires d\u00e9clam\u00e9s, les tranches de vie d\u00e9crypt\u00e9es, sans fronti\u00e8re, sans barri\u00e8re, sans enfermement et en tutoyant l\u2019universalit\u00e9 des mots, des maux, des esp\u00e9rances conqu\u00e9rantes et de l\u2019alt\u00e9rit\u00e9 gourmande et assum\u00e9e.<\/p><p>Le cin\u00e9ma r\u00e9investira les salles \u00e0 Tropiques Atrium et hors-les-murs avec une programmation exigeante et la volont\u00e9 d\u2019\u00eatre un acteur de la redynamisation d\u2019un r\u00e9seau cin\u00e9matographique carib\u00e9en. Les Arts visuels feront d\u00e9couvrir de nouveaux talents tout en mettant en lumi\u00e8re ceux qui ont fait et font encore la richesse des Arts contemporains martiniquais, carib\u00e9ens et internationaux.<\/p><p>Les festivals ponctueront la saison : Martinique Jazz Festival, La Ribotte des petits, Festival des Petites Formes, Biennale internationale de Danse et Rencontres Cin\u00e9mas Martinique.<\/p><p>Chacun de ces temps forts sera d\u00e9clin\u00e9 en salle, dans le cadre de Territoires en culture et vers les scolaires.<\/p><p>Le cirque occupera une place significative cette saison avec un temps fort Cirq\u2019ulez, il y a tout \u00e0 voir, en mars. Le conte et la po\u00e9sie rejoindront le cercle pluridisciplinaire. La musique classique r\u00e9v\u00e9lera des envol\u00e9es sublim\u00e9es par un lyrisme complice.<\/p><p>La formation sera \u00e9galement pluridisciplinaire.<\/p><p>Autour de la formation th\u00e9\u00e2trale des jeunes, accessible d\u00e8s la classe de 2nde, d\u2019autres actions de formation seront adress\u00e9es aux professionnels et aux amateurs. Tropiques Atrium continuera d\u2019accompagner les artistes par le biais de r\u00e9sidences de cr\u00e9ation, r\u00e9sidences de projets et r\u00e9sidences tremplins.<\/p><p>Connect\u00e9s \u00e0 notre soci\u00e9t\u00e9 et conscients des enjeux et probl\u00e9matiques de son \u00e9volution, Tropiques Atrium accueillera des conf\u00e9renciers qui \u00e9claireront et enrichiront nos d\u00e9bats. Nous accueillerons plusieurs r\u00e9sidences crois\u00e9es, conf\u00e9rences et projections sous le label Africa 2020.<\/p><p>Nous continuons \u00e0 \u00e9tablir des passerelles afin de faciliter la circulation des artistes martiniquais, en concr\u00e9tisant de v\u00e9ritables \u00e9changes (R\u00e9p. Dominicaine, Ha\u00efti, Cuba, Qu\u00e9bec, Burkina Faso, S\u00e9n\u00e9gal, OECS\u2026). Nous nous inscrivons aussi dans un r\u00e9seau professionnel (Institut fran\u00e7ais, Association des Sc\u00e8nes nationales, ONDA, Cit\u00e9 internationale des Arts, Africa Simply the Best, Les R\u00e9cr\u00e9atr\u00e2les \u2026).<\/p><p>Nous remercions nos partenaires institutionnels, la Collectivit\u00e9 Territoriale de Martinique, la DAC et le Minist\u00e8re de la Culture pour leur soutien infaillible, notre Conseil d\u2019Administration, nos partenaires priv\u00e9s, les artistes et le public.<\/p><p>Nous souhaitons que cette nouvelle saison soit sous le signe d\u2019un syncr\u00e9tisme nourrissant, invitant au voyage, se moquant des fronti\u00e8res et des langues, v\u00e9ritable liant humain, ramification culturelle, abreuvant d\u2019humanisme chaque territoire visit\u00e9.<\/p><p>Un syncr\u00e9tisme rythmant inlassablement le feuillage des flamboyants du refus de l\u2019avilissement ; un syncr\u00e9tisme vert\u00e9bral des ensoleillements annonciateurs d\u2019avenir.<\/p><p>L\u2019\u00e9quipe de Tropiques Atrium vous souhaite une flamboyante saison culturelle !<\/p>\t\t\t\t\t\t<\/div>\n\t\t\t\t<\/div>\n\t\t\t\t<\/div>\n\t\t<div class=\"elementor-element elementor-element-93c83dc e-con-full e-flex e-con e-child\" data-id=\"93c83dc\" data-element_type=\"container\">\n\t\t\t\t<\/div>\n\t\t\t\t\t<\/div>\n\t\t\t\t<\/div>\n\t\t\t\t<\/div>\n\t\t","protected":false},"excerpt":{"rendered":"<p>Manuel C\u00e9saireDirecteur, Tropiques Atrium Sc\u00e8ne nationale Syncr\u00e9tismes\u2026 Entrecroisement de m\u00e9moires, entrelacement de cultures, amalgame de savoir-faire, concert d\u2019esth\u00e9tismes, crois\u00e9e des&#8230;<\/p>\n","protected":false},"author":1,"featured_media":0,"parent":2394,"menu_order":0,"comment_status":"closed","ping_status":"closed","template":"","meta":{"footnotes":""},"_links":{"self":[{"href":"https:\/\/tropiques-atrium.fr\/scene-nationale\/wp-json\/wp\/v2\/pages\/2386"}],"collection":[{"href":"https:\/\/tropiques-atrium.fr\/scene-nationale\/wp-json\/wp\/v2\/pages"}],"about":[{"href":"https:\/\/tropiques-atrium.fr\/scene-nationale\/wp-json\/wp\/v2\/types\/page"}],"author":[{"embeddable":true,"href":"https:\/\/tropiques-atrium.fr\/scene-nationale\/wp-json\/wp\/v2\/users\/1"}],"replies":[{"embeddable":true,"href":"https:\/\/tropiques-atrium.fr\/scene-nationale\/wp-json\/wp\/v2\/comments?post=2386"}],"version-history":[{"count":10,"href":"https:\/\/tropiques-atrium.fr\/scene-nationale\/wp-json\/wp\/v2\/pages\/2386\/revisions"}],"predecessor-version":[{"id":2565,"href":"https:\/\/tropiques-atrium.fr\/scene-nationale\/wp-json\/wp\/v2\/pages\/2386\/revisions\/2565"}],"up":[{"embeddable":true,"href":"https:\/\/tropiques-atrium.fr\/scene-nationale\/wp-json\/wp\/v2\/pages\/2394"}],"wp:attachment":[{"href":"https:\/\/tropiques-atrium.fr\/scene-nationale\/wp-json\/wp\/v2\/media?parent=2386"}],"curies":[{"name":"wp","href":"https:\/\/api.w.org\/{rel}","templated":true}]}}