{"id":2302,"date":"2023-11-23T19:43:53","date_gmt":"2023-11-23T19:43:53","guid":{"rendered":"https:\/\/tropiques-atrium.fr\/scene-nationale\/?page_id=2302"},"modified":"2023-11-23T20:21:59","modified_gmt":"2023-11-23T20:21:59","slug":"contacts","status":"publish","type":"page","link":"https:\/\/tropiques-atrium.fr\/scene-nationale\/tropiques-atrium\/pratique\/contacts\/","title":{"rendered":"Contacts"},"content":{"rendered":"\t\t<div data-elementor-type=\"wp-page\" data-elementor-id=\"2302\" class=\"elementor elementor-2302\" data-elementor-post-type=\"page\">\n\t\t\t\t<div class=\"elementor-element elementor-element-2112037 e-flex e-con-boxed e-con e-parent\" data-id=\"2112037\" data-element_type=\"container\">\n\t\t\t\t\t<div class=\"e-con-inner\">\n\t\t\t\t<div class=\"elementor-element elementor-element-8df093b elementor-widget elementor-widget-shortcode\" data-id=\"8df093b\" data-element_type=\"widget\" data-widget_type=\"shortcode.default\">\n\t\t\t\t<div class=\"elementor-widget-container\">\n\t\t\t\t\t<div class=\"elementor-shortcode\"><div class=\"forminator-ui forminator-custom-form forminator-custom-form-2328 forminator-design--flat  forminator_ajax\" data-forminator-render=\"0\" data-form=\"forminator-module-2328\" data-uid=\"69e8a671ce61a\"><br\/><\/div><form\r\n\t\t\t\tid=\"forminator-module-2328\"\r\n\t\t\t\tclass=\"forminator-ui forminator-custom-form forminator-custom-form-2328 forminator-design--flat  forminator_ajax\"\r\n\t\t\t\tmethod=\"post\"\r\n\t\t\t\tdata-forminator-render=\"0\"\r\n\t\t\t\tdata-form-id=\"2328\"\r\n\t\t\t\t data-color-option=\"default\" data-design=\"flat\" data-grid=\"open\" style=\"display: none;\"\r\n\t\t\t\tdata-uid=\"69e8a671ce61a\"\r\n\t\t\t><div role=\"alert\" aria-live=\"polite\" class=\"forminator-response-message forminator-error\" aria-hidden=\"true\"><\/div><div class=\"forminator-row\"><div id=\"name-1\" class=\"forminator-field-name forminator-col forminator-col-12 \"><div class=\"forminator-field\"><label for=\"forminator-field-name-1_69e8a671ce61a\" id=\"forminator-field-name-1_69e8a671ce61a-label\" class=\"forminator-label\">Votre nom complet <span class=\"forminator-required\">*<\/span><\/label><input type=\"text\" name=\"name-1\" value=\"\" placeholder=\"Eric Poldin\" id=\"forminator-field-name-1_69e8a671ce61a\" class=\"forminator-input forminator-name--field\" aria-required=\"true\" autocomplete=\"name\" \/><\/div><\/div><\/div><div class=\"forminator-row\"><div id=\"email-1\" class=\"forminator-field-email forminator-col forminator-col-12 \"><div class=\"forminator-field\"><label for=\"forminator-field-email-1_69e8a671ce61a\" id=\"forminator-field-email-1_69e8a671ce61a-label\" class=\"forminator-label\">Adresse email <span class=\"forminator-required\">*<\/span><\/label><input type=\"email\" name=\"email-1\" value=\"\" placeholder=\"eric@mail.com\" id=\"forminator-field-email-1_69e8a671ce61a\" class=\"forminator-input forminator-email--field\" data-required=\"true\" aria-required=\"true\" autocomplete=\"email\" \/><\/div><\/div><\/div><div class=\"forminator-row\"><div id=\"phone-1\" class=\"forminator-field-phone forminator-col forminator-col-12 \"><div class=\"forminator-field\"><label for=\"forminator-field-phone-1_69e8a671ce61a\" id=\"forminator-field-phone-1_69e8a671ce61a-label\" class=\"forminator-label\">Coordonn\u00e9es t\u00e9l\u00e9phoniques<\/label><input type=\"text\" name=\"phone-1\" value=\"\" placeholder=\"(facultatif)\" id=\"forminator-field-phone-1_69e8a671ce61a\" class=\"forminator-input forminator-field--phone\" data-required=\"\" aria-required=\"false\" autocomplete=\"off\" \/><\/div><\/div><\/div><div class=\"forminator-row\"><div id=\"textarea-1\" class=\"forminator-field-textarea forminator-col forminator-col-12 \"><div class=\"forminator-field\"><label for=\"forminator-field-textarea-1_69e8a671ce61a\" id=\"forminator-field-textarea-1_69e8a671ce61a-label\" class=\"forminator-label\">Votre message <span class=\"forminator-required\">*<\/span><\/label><textarea name=\"textarea-1\" placeholder=\"R\u00e9digez votre message ici...\" id=\"forminator-field-textarea-1_69e8a671ce61a\" class=\"forminator-textarea\" rows=\"6\" style=\"min-height:140px;\" maxlength=\"800\" ><\/textarea><span id=\"forminator-field-textarea-1_69e8a671ce61a-description\" class=\"forminator-description\"><span data-limit=\"800\" data-type=\"characters\" data-editor=\"\">0 \/ 800<\/span><\/span><\/div><\/div><\/div><div class=\"forminator-row\"><div id=\"captcha-1\" class=\"forminator-field-captcha forminator-col forminator-col-12 \"><div class=\"forminator-captcha-left forminator-g-recaptcha recaptcha-invisible\" data-theme=\"light\" data-badge=\"inline\" data-sitekey=\"6Lc_kB0pAAAAAPhOMT9mP4RihrIhefXF4NGpkgmV\" data-size=\"invisible\"><\/div> <\/div><\/div><input type=\"hidden\" name=\"referer_url\" value=\"\" \/><div class=\"forminator-row forminator-row-last\"><div class=\"forminator-col\"><div class=\"forminator-field\"><button class=\"forminator-button forminator-button-submit\">Envoyer votre message<\/button><\/div><\/div><\/div><input type=\"hidden\" id=\"forminator_nonce\" name=\"forminator_nonce\" value=\"052eeafb6c\" \/><input type=\"hidden\" name=\"_wp_http_referer\" value=\"\/scene-nationale\/wp-json\/wp\/v2\/pages\/2302\" \/><input type=\"hidden\" name=\"form_id\" value=\"2328\"><input type=\"hidden\" name=\"page_id\" value=\"2302\"><input type=\"hidden\" name=\"form_type\" value=\"default\"><input type=\"hidden\" name=\"current_url\" value=\"https:\/\/tropiques-atrium.fr\/scene-nationale\/tropiques-atrium\/pratique\/contacts\/\"><input type=\"hidden\" name=\"render_id\" value=\"0\"><input type=\"hidden\" name=\"action\" value=\"forminator_submit_form_custom-forms\"><\/form><\/div>\n\t\t\t\t<\/div>\n\t\t\t\t<\/div>\n\t\t\t\t\t<\/div>\n\t\t\t\t<\/div>\n\t\t<div class=\"elementor-element elementor-element-a28ff8f e-flex e-con-boxed e-con e-parent\" data-id=\"a28ff8f\" data-element_type=\"container\">\n\t\t\t\t\t<div class=\"e-con-inner\">\n\t\t\t\t<div class=\"elementor-element elementor-element-6609d08 elementor-widget-divider--view-line elementor-widget elementor-widget-divider\" data-id=\"6609d08\" data-element_type=\"widget\" data-widget_type=\"divider.default\">\n\t\t\t\t<div class=\"elementor-widget-container\">\n\t\t\t<style>\/*! elementor - v3.23.0 - 05-08-2024 *\/\n.elementor-widget-divider{--divider-border-style:none;--divider-border-width:1px;--divider-color:#0c0d0e;--divider-icon-size:20px;--divider-element-spacing:10px;--divider-pattern-height:24px;--divider-pattern-size:20px;--divider-pattern-url:none;--divider-pattern-repeat:repeat-x}.elementor-widget-divider .elementor-divider{display:flex}.elementor-widget-divider .elementor-divider__text{font-size:15px;line-height:1;max-width:95%}.elementor-widget-divider .elementor-divider__element{margin:0 var(--divider-element-spacing);flex-shrink:0}.elementor-widget-divider .elementor-icon{font-size:var(--divider-icon-size)}.elementor-widget-divider .elementor-divider-separator{display:flex;margin:0;direction:ltr}.elementor-widget-divider--view-line_icon .elementor-divider-separator,.elementor-widget-divider--view-line_text .elementor-divider-separator{align-items:center}.elementor-widget-divider--view-line_icon .elementor-divider-separator:after,.elementor-widget-divider--view-line_icon .elementor-divider-separator:before,.elementor-widget-divider--view-line_text .elementor-divider-separator:after,.elementor-widget-divider--view-line_text .elementor-divider-separator:before{display:block;content:\"\";border-block-end:0;flex-grow:1;border-block-start:var(--divider-border-width) var(--divider-border-style) var(--divider-color)}.elementor-widget-divider--element-align-left .elementor-divider .elementor-divider-separator>.elementor-divider__svg:first-of-type{flex-grow:0;flex-shrink:100}.elementor-widget-divider--element-align-left .elementor-divider-separator:before{content:none}.elementor-widget-divider--element-align-left .elementor-divider__element{margin-left:0}.elementor-widget-divider--element-align-right .elementor-divider .elementor-divider-separator>.elementor-divider__svg:last-of-type{flex-grow:0;flex-shrink:100}.elementor-widget-divider--element-align-right .elementor-divider-separator:after{content:none}.elementor-widget-divider--element-align-right .elementor-divider__element{margin-right:0}.elementor-widget-divider--element-align-start .elementor-divider .elementor-divider-separator>.elementor-divider__svg:first-of-type{flex-grow:0;flex-shrink:100}.elementor-widget-divider--element-align-start .elementor-divider-separator:before{content:none}.elementor-widget-divider--element-align-start .elementor-divider__element{margin-inline-start:0}.elementor-widget-divider--element-align-end .elementor-divider .elementor-divider-separator>.elementor-divider__svg:last-of-type{flex-grow:0;flex-shrink:100}.elementor-widget-divider--element-align-end .elementor-divider-separator:after{content:none}.elementor-widget-divider--element-align-end .elementor-divider__element{margin-inline-end:0}.elementor-widget-divider:not(.elementor-widget-divider--view-line_text):not(.elementor-widget-divider--view-line_icon) .elementor-divider-separator{border-block-start:var(--divider-border-width) var(--divider-border-style) var(--divider-color)}.elementor-widget-divider--separator-type-pattern{--divider-border-style:none}.elementor-widget-divider--separator-type-pattern.elementor-widget-divider--view-line .elementor-divider-separator,.elementor-widget-divider--separator-type-pattern:not(.elementor-widget-divider--view-line) .elementor-divider-separator:after,.elementor-widget-divider--separator-type-pattern:not(.elementor-widget-divider--view-line) .elementor-divider-separator:before,.elementor-widget-divider--separator-type-pattern:not([class*=elementor-widget-divider--view]) .elementor-divider-separator{width:100%;min-height:var(--divider-pattern-height);-webkit-mask-size:var(--divider-pattern-size) 100%;mask-size:var(--divider-pattern-size) 100%;-webkit-mask-repeat:var(--divider-pattern-repeat);mask-repeat:var(--divider-pattern-repeat);background-color:var(--divider-color);-webkit-mask-image:var(--divider-pattern-url);mask-image:var(--divider-pattern-url)}.elementor-widget-divider--no-spacing{--divider-pattern-size:auto}.elementor-widget-divider--bg-round{--divider-pattern-repeat:round}.rtl .elementor-widget-divider .elementor-divider__text{direction:rtl}.e-con-inner>.elementor-widget-divider,.e-con>.elementor-widget-divider{width:var(--container-widget-width,100%);--flex-grow:var(--container-widget-flex-grow)}<\/style>\t\t<div class=\"elementor-divider\">\n\t\t\t<span class=\"elementor-divider-separator\">\n\t\t\t\t\t\t<\/span>\n\t\t<\/div>\n\t\t\t\t<\/div>\n\t\t\t\t<\/div>\n\t\t\t\t<div class=\"elementor-element elementor-element-e8a2a39 elementor-widget elementor-widget-heading\" data-id=\"e8a2a39\" data-element_type=\"widget\" data-widget_type=\"heading.default\">\n\t\t\t\t<div class=\"elementor-widget-container\">\n\t\t\t<style>\/*! elementor - v3.23.0 - 05-08-2024 *\/\n.elementor-heading-title{padding:0;margin:0;line-height:1}.elementor-widget-heading .elementor-heading-title[class*=elementor-size-]>a{color:inherit;font-size:inherit;line-height:inherit}.elementor-widget-heading .elementor-heading-title.elementor-size-small{font-size:15px}.elementor-widget-heading .elementor-heading-title.elementor-size-medium{font-size:19px}.elementor-widget-heading .elementor-heading-title.elementor-size-large{font-size:29px}.elementor-widget-heading .elementor-heading-title.elementor-size-xl{font-size:39px}.elementor-widget-heading .elementor-heading-title.elementor-size-xxl{font-size:59px}<\/style><h2 class=\"elementor-heading-title elementor-size-default\">Notre \u00e9quipe\n<\/h2>\t\t<\/div>\n\t\t\t\t<\/div>\n\t\t\t\t\t<\/div>\n\t\t\t\t<\/div>\n\t\t<div class=\"elementor-element elementor-element-668ada6 e-flex e-con-boxed e-con e-parent\" data-id=\"668ada6\" data-element_type=\"container\">\n\t\t\t\t\t<div class=\"e-con-inner\">\n\t\t\t\t<div class=\"elementor-element elementor-element-cc720d8 elementor-widget elementor-widget-text-editor\" data-id=\"cc720d8\" data-element_type=\"widget\" data-widget_type=\"text-editor.default\">\n\t\t\t\t<div class=\"elementor-widget-container\">\n\t\t\t<style>\/*! elementor - v3.23.0 - 05-08-2024 *\/\n.elementor-widget-text-editor.elementor-drop-cap-view-stacked .elementor-drop-cap{background-color:#69727d;color:#fff}.elementor-widget-text-editor.elementor-drop-cap-view-framed .elementor-drop-cap{color:#69727d;border:3px solid;background-color:transparent}.elementor-widget-text-editor:not(.elementor-drop-cap-view-default) .elementor-drop-cap{margin-top:8px}.elementor-widget-text-editor:not(.elementor-drop-cap-view-default) .elementor-drop-cap-letter{width:1em;height:1em}.elementor-widget-text-editor .elementor-drop-cap{float:left;text-align:center;line-height:1;font-size:50px}.elementor-widget-text-editor .elementor-drop-cap-letter{display:inline-block}<\/style>\t\t\t\t<p><b>Manuel C\u00e9saire<\/b> &#8211; Directeur<br \/><b>Corinne Badian<\/b> &#8211; Responsable de la Formation \u2013 Assistante de direction \u2013 <a href=\"mailto:cbadian@tropiques-atrium.fr\">cbadian@tropiques-atrium.fr<\/a><\/p><p><b>St\u00e9phane Berger<\/b> &#8211; Administrateur<br \/><b>Tessa Permal<\/b> &#8211; Responsable d\u2019administration \u2013 tpermal@tropiques-atrium.fr<br \/><b>Julie Abalain<\/b> &#8211; Responsable du d\u00e9veloppement et des productions \u2013 jabalain@tropiques-atrium.fr<br \/><b>Marcelle Pennont<\/b> &#8211; Responsable des Arts Visuels et de Territoire en Culture \u2013 mpennont@tropiques-atrium.fr<br \/><b>Nathalie Banar\u00e9<\/b> &#8211; Charg\u00e9e de production \u2013 nbanare@tropiques-atrium.fr<\/p><p><b>Maguy Barclais<\/b> &#8211; Comptable principale<br \/><b>Karen Meslien<\/b> &#8211;\u00a0 Gestionnaire de paye<br \/><b>Myrtha Gromat <\/b>&#8211;\u00a0Comptable des d\u00e9penses et recettes<\/p><p><b>Fr\u00e9d\u00e9ric Thaly<\/b> &#8211;\u00a0 Responsable de la communication \u2013 fthaly@tropiques-atrium.fr<br \/><b>Mary-Klod Marie-Nelly<\/b> &#8211; Charg\u00e9e des supports de communication \u2013 mnelly@tropiques-atrium.fr<br \/><b>Steve Z\u00e9bina<\/b> &#8211; Responsable P\u00f4le cin\u00e9ma \u2013 szebina@tropiques-atrium.fr<br \/><b>Keith Guitteaud<\/b> &#8211; Community Manager \u2013 kguitteaud@tropiques-atrium.fr<\/p><p><i>Strat\u00e9gies de communication \u2013 coordination du P\u00f4le cin\u00e9ma \u2013 Partenariats : recrutement \u00e0 venir<\/i><\/p><p><b>Val\u00e9rie Rouf <\/b>&#8211;\u00a0 Communication interne \u2013 Planning des studios et des h\u00e9bergements \u2013 vrouf@tropiques-atrium.fr<\/p><p><b>Jean-Jos\u00e9 Pellan<\/b> &#8211;\u00a0Responsable du p\u00f4le M\u00e9diation et Relations publiques \u2013 jjosepellan@tropiques-atrium.fr<br \/><b>Lynda Voltat<\/b> &#8211;\u00a0 Charg\u00e9e de relations avec les publics sp\u00e9cifiques \u2013 lvoltat@tropiques-atrium.fr<br \/><b>Rose-H\u00e9l\u00e8ne Marie-Sainte<\/b> &#8211; Billettiste \u2013 Accueil des publics<br \/><b>Denrick Douge <\/b>&#8211; Billettiste \u2013 H\u00f4te d\u2019accueil<\/p><p><b>Dominique Douge <\/b>&#8211; Directeur technique \u2013 ddouge@tropiques-atrium.fr<br \/><b>L\u00e9once Nandor<\/b> &#8211; Assistant de la direction technique \u2013 lnandor@tropiques-atrium.fr<br \/><b>Serge B\u00e9raud<\/b> &#8211; Directeur technique adjoint d\u00e9l\u00e9gu\u00e9 \u00e0 la production \u2013 sberaud@tropiques-attrium.fr<br \/><b>Laurent Laban<\/b> &#8211; R\u00e9gisseur g\u00e9n\u00e9ral \u2013 llaban@tropiques-atrium.fr<br \/><b>Raymond Saint-Aim\u00e9<\/b> &#8211; R\u00e9gisseur g\u00e9n\u00e9ral \u2013 rsaintaime@tropiques-atrium.fr<\/p><p><b>William Vahala<\/b> &#8211; R\u00e9gisseur b\u00e2timent et salle mobile \u2013 Construction d\u00e9cor<br \/><b>Tony Raynaud<\/b> &#8211; Electricien \u2013 Construction d\u00e9cor<br \/><b>Ars\u00e8ne Hirep<\/b> &#8211; Agent d\u2019entretien et Catering<\/p><p><b>Jean-Luc Elisabeth<\/b> &#8211; Agent de liaison<\/p><p><i>Ainsi que les techniciens intermittents du spectacle, les contr\u00f4leurs, h\u00f4tesses d\u2019accueil et les vacataires n\u00e9cessaires au bon d\u00e9roulement des spectacles et \u00e0 la vie de la structure.<\/i><\/p><p><b>\u00a0<\/b><\/p><p><b>Conseil d\u2019Administration<\/b><\/p><p>Repr\u00e9sentants de la Collectivit\u00e9 Territoriale de Martinique &#8211;\u00a0<b>Jean-Claude Duverger <\/b>(Pr\u00e9sident),\u00a0<b>Manuela Clem-Bertholo, Marie-Ange Ravin, Marie-Frantz Tinot, Michelle Monrose, Nadia Accus-Adaine &amp; Sandra Valentin<\/b><\/p><p>Repr\u00e9sentants de l\u2019\u00c9tat &#8211;\u00a0<b>Laurence Gola de Monchy <\/b>(Secr\u00e9taire g\u00e9n\u00e9rale de la Pr\u00e9fecture), <b>Agn\u00e8s Bretel, Christophe Pomez &amp; Nathalie Mons\u00a0<\/b>(repr\u00e9sent\u00e9e par Camille Ullindah)<\/p><p>Personnalit\u00e9s qualifi\u00e9es &#8211;\u00a0<b>Raphaella B\u00e9-Grosmangin &amp; Serge Vert-Pr\u00e9<\/b><\/p><p><span style=\"text-align: var(--text-align);\">Repr\u00e9sentant du personnel &#8211;\u00a0<\/span><b style=\"text-align: var(--text-align);\">Steve Z\u00e9bina<\/b><\/p>\t\t\t\t\t\t<\/div>\n\t\t\t\t<\/div>\n\t\t\t\t\t<\/div>\n\t\t\t\t<\/div>\n\t\t\t\t<\/div>\n\t\t","protected":false},"excerpt":{"rendered":"<p>Notre \u00e9quipe Manuel C\u00e9saire &#8211; DirecteurCorinne Badian &#8211; Responsable de la Formation \u2013 Assistante de direction \u2013 cbadian@tropiques-atrium.fr St\u00e9phane Berger&#8230;<\/p>\n","protected":false},"author":1,"featured_media":0,"parent":2346,"menu_order":0,"comment_status":"closed","ping_status":"closed","template":"","meta":{"footnotes":""},"_links":{"self":[{"href":"https:\/\/tropiques-atrium.fr\/scene-nationale\/wp-json\/wp\/v2\/pages\/2302"}],"collection":[{"href":"https:\/\/tropiques-atrium.fr\/scene-nationale\/wp-json\/wp\/v2\/pages"}],"about":[{"href":"https:\/\/tropiques-atrium.fr\/scene-nationale\/wp-json\/wp\/v2\/types\/page"}],"author":[{"embeddable":true,"href":"https:\/\/tropiques-atrium.fr\/scene-nationale\/wp-json\/wp\/v2\/users\/1"}],"replies":[{"embeddable":true,"href":"https:\/\/tropiques-atrium.fr\/scene-nationale\/wp-json\/wp\/v2\/comments?post=2302"}],"version-history":[{"count":34,"href":"https:\/\/tropiques-atrium.fr\/scene-nationale\/wp-json\/wp\/v2\/pages\/2302\/revisions"}],"predecessor-version":[{"id":2341,"href":"https:\/\/tropiques-atrium.fr\/scene-nationale\/wp-json\/wp\/v2\/pages\/2302\/revisions\/2341"}],"up":[{"embeddable":true,"href":"https:\/\/tropiques-atrium.fr\/scene-nationale\/wp-json\/wp\/v2\/pages\/2346"}],"wp:attachment":[{"href":"https:\/\/tropiques-atrium.fr\/scene-nationale\/wp-json\/wp\/v2\/media?parent=2302"}],"curies":[{"name":"wp","href":"https:\/\/api.w.org\/{rel}","templated":true}]}}