{"id":190,"date":"2020-06-18T03:02:19","date_gmt":"2020-06-18T01:02:19","guid":{"rendered":"https:\/\/tropiques-atrium.fr\/fete-de-la-musique\/?page_id=190"},"modified":"2020-06-18T03:06:39","modified_gmt":"2020-06-18T01:06:39","slug":"merci","status":"publish","type":"page","link":"https:\/\/tropiques-atrium.fr\/fete-de-la-musique\/merci\/","title":{"rendered":"Merci !"},"content":{"rendered":"\t\t<div data-elementor-type=\"wp-page\" data-elementor-id=\"190\" class=\"elementor elementor-190\" data-elementor-post-type=\"page\">\n\t\t\t\t\t\t<section class=\"elementor-section elementor-top-section elementor-element elementor-element-ffae72a elementor-section-height-min-height elementor-section-boxed elementor-section-height-default elementor-section-items-middle\" data-id=\"ffae72a\" data-element_type=\"section\" data-settings=\"{&quot;background_background&quot;:&quot;classic&quot;}\">\n\t\t\t\t\t\t<div class=\"elementor-container elementor-column-gap-default\">\n\t\t\t\t\t<div class=\"elementor-column elementor-col-100 elementor-top-column elementor-element elementor-element-eef81d7\" data-id=\"eef81d7\" data-element_type=\"column\">\n\t\t\t<div class=\"elementor-widget-wrap elementor-element-populated\">\n\t\t\t\t\t\t<div class=\"elementor-element elementor-element-0c2936b elementor-widget elementor-widget-heading\" data-id=\"0c2936b\" data-element_type=\"widget\" data-widget_type=\"heading.default\">\n\t\t\t\t<div class=\"elementor-widget-container\">\n\t\t\t<h2 class=\"elementor-heading-title elementor-size-default\">MERCI !<\/h2>\t\t<\/div>\n\t\t\t\t<\/div>\n\t\t\t\t<div class=\"elementor-element elementor-element-0757c46 elementor-widget elementor-widget-text-editor\" data-id=\"0757c46\" data-element_type=\"widget\" data-widget_type=\"text-editor.default\">\n\t\t\t\t<div class=\"elementor-widget-container\">\n\t\t\t\t\t\t\t<p>Votre message a \u00e9t\u00e9 re\u00e7u.<\/p><p>Vous recevrez les informations de Tropiques-Atrium li\u00e9es \u00e0 la musique.<\/p>\t\t\t\t\t\t<\/div>\n\t\t\t\t<\/div>\n\t\t\t\t<div class=\"elementor-element elementor-element-b92b75f elementor-button-warning elementor-align-center elementor-widget elementor-widget-button\" data-id=\"b92b75f\" data-element_type=\"widget\" data-widget_type=\"button.default\">\n\t\t\t\t<div class=\"elementor-widget-container\">\n\t\t\t\t\t<div class=\"elementor-button-wrapper\">\n\t\t\t<a class=\"elementor-button elementor-button-link elementor-size-sm\" href=\"https:\/\/tropiques-atrium.fr\/fete-de-la-musique\/\">\n\t\t\t\t\t\t<span class=\"elementor-button-content-wrapper\">\n\t\t\t\t\t\t<span class=\"elementor-button-icon\">\n\t\t\t\t<i aria-hidden=\"true\" class=\"far fa-arrow-alt-circle-left\"><\/i>\t\t\t<\/span>\n\t\t\t\t\t\t\t\t\t<span class=\"elementor-button-text\">RETOUR<\/span>\n\t\t\t\t\t<\/span>\n\t\t\t\t\t<\/a>\n\t\t<\/div>\n\t\t\t\t<\/div>\n\t\t\t\t<\/div>\n\t\t\t\t\t<\/div>\n\t\t<\/div>\n\t\t\t\t\t<\/div>\n\t\t<\/section>\n\t\t\t\t<\/div>\n\t\t","protected":false},"excerpt":{"rendered":"<p>MERCI ! Votre message a \u00e9t\u00e9 re\u00e7u. Vous recevrez les informations de Tropiques-Atrium li\u00e9es \u00e0 la musique. RETOUR<\/p>\n","protected":false},"author":1,"featured_media":0,"parent":0,"menu_order":0,"comment_status":"closed","ping_status":"closed","template":"elementor_header_footer","meta":{"footnotes":""},"yoast_head":"<!-- This site is optimized with the Yoast SEO plugin v22.0 - https:\/\/yoast.com\/wordpress\/plugins\/seo\/ -->\n<title>Merci ! - La F\u00eate de la Musique<\/title>\n<meta name=\"robots\" content=\"index, follow, max-snippet:-1, max-image-preview:large, max-video-preview:-1\" \/>\n<link rel=\"canonical\" href=\"https:\/\/tropiques-atrium.fr\/fete-de-la-musique\/merci\/\" \/>\n<meta property=\"og:locale\" content=\"fr_FR\" \/>\n<meta property=\"og:type\" content=\"article\" \/>\n<meta property=\"og:title\" content=\"Merci ! - La F\u00eate de la Musique\" \/>\n<meta property=\"og:description\" content=\"MERCI ! Votre message a \u00e9t\u00e9 re\u00e7u. Vous recevrez les informations de Tropiques-Atrium li\u00e9es \u00e0 la musique. RETOUR\" \/>\n<meta property=\"og:url\" content=\"https:\/\/tropiques-atrium.fr\/fete-de-la-musique\/merci\/\" \/>\n<meta property=\"og:site_name\" content=\"La F\u00eate de la Musique\" \/>\n<meta property=\"article:modified_time\" content=\"2020-06-18T01:06:39+00:00\" \/>\n<meta name=\"twitter:card\" content=\"summary_large_image\" \/>\n<!-- \/ Yoast SEO plugin. -->","yoast_head_json":{"title":"Merci ! - La F\u00eate de la Musique","robots":{"index":"index","follow":"follow","max-snippet":"max-snippet:-1","max-image-preview":"max-image-preview:large","max-video-preview":"max-video-preview:-1"},"canonical":"https:\/\/tropiques-atrium.fr\/fete-de-la-musique\/merci\/","og_locale":"fr_FR","og_type":"article","og_title":"Merci ! - La F\u00eate de la Musique","og_description":"MERCI ! Votre message a \u00e9t\u00e9 re\u00e7u. Vous recevrez les informations de Tropiques-Atrium li\u00e9es \u00e0 la musique. RETOUR","og_url":"https:\/\/tropiques-atrium.fr\/fete-de-la-musique\/merci\/","og_site_name":"La F\u00eate de la Musique","article_modified_time":"2020-06-18T01:06:39+00:00","twitter_card":"summary_large_image","schema":{"@context":"https:\/\/schema.org","@graph":[{"@type":"WebPage","@id":"https:\/\/tropiques-atrium.fr\/fete-de-la-musique\/merci\/","url":"https:\/\/tropiques-atrium.fr\/fete-de-la-musique\/merci\/","name":"Merci ! - La F\u00eate de la Musique","isPartOf":{"@id":"https:\/\/tropiques-atrium.fr\/fete-de-la-musique\/#website"},"datePublished":"2020-06-18T01:02:19+00:00","dateModified":"2020-06-18T01:06:39+00:00","breadcrumb":{"@id":"https:\/\/tropiques-atrium.fr\/fete-de-la-musique\/merci\/#breadcrumb"},"inLanguage":"fr-FR","potentialAction":[{"@type":"ReadAction","target":["https:\/\/tropiques-atrium.fr\/fete-de-la-musique\/merci\/"]}]},{"@type":"BreadcrumbList","@id":"https:\/\/tropiques-atrium.fr\/fete-de-la-musique\/merci\/#breadcrumb","itemListElement":[{"@type":"ListItem","position":1,"name":"Accueil","item":"https:\/\/tropiques-atrium.fr\/fete-de-la-musique\/"},{"@type":"ListItem","position":2,"name":"Merci !"}]},{"@type":"WebSite","@id":"https:\/\/tropiques-atrium.fr\/fete-de-la-musique\/#website","url":"https:\/\/tropiques-atrium.fr\/fete-de-la-musique\/","name":"La F\u00eate de la Musique","description":"","publisher":{"@id":"https:\/\/tropiques-atrium.fr\/fete-de-la-musique\/#organization"},"potentialAction":[{"@type":"SearchAction","target":{"@type":"EntryPoint","urlTemplate":"https:\/\/tropiques-atrium.fr\/fete-de-la-musique\/?s={search_term_string}"},"query-input":"required name=search_term_string"}],"inLanguage":"fr-FR"},{"@type":"Organization","@id":"https:\/\/tropiques-atrium.fr\/fete-de-la-musique\/#organization","name":"La F\u00eate de la Musique","url":"https:\/\/tropiques-atrium.fr\/fete-de-la-musique\/","logo":{"@type":"ImageObject","inLanguage":"fr-FR","@id":"https:\/\/tropiques-atrium.fr\/fete-de-la-musique\/#\/schema\/logo\/image\/","url":"https:\/\/tropiques-atrium.fr\/fete-de-la-musique\/wp-content\/uploads\/sites\/6\/2020\/06\/logo_tropiques_atrium_400px.png","contentUrl":"https:\/\/tropiques-atrium.fr\/fete-de-la-musique\/wp-content\/uploads\/sites\/6\/2020\/06\/logo_tropiques_atrium_400px.png","width":300,"height":150,"caption":"La F\u00eate de la Musique"},"image":{"@id":"https:\/\/tropiques-atrium.fr\/fete-de-la-musique\/#\/schema\/logo\/image\/"}}]}},"amp_enabled":false,"_links":{"self":[{"href":"https:\/\/tropiques-atrium.fr\/fete-de-la-musique\/wp-json\/wp\/v2\/pages\/190"}],"collection":[{"href":"https:\/\/tropiques-atrium.fr\/fete-de-la-musique\/wp-json\/wp\/v2\/pages"}],"about":[{"href":"https:\/\/tropiques-atrium.fr\/fete-de-la-musique\/wp-json\/wp\/v2\/types\/page"}],"author":[{"embeddable":true,"href":"https:\/\/tropiques-atrium.fr\/fete-de-la-musique\/wp-json\/wp\/v2\/users\/1"}],"replies":[{"embeddable":true,"href":"https:\/\/tropiques-atrium.fr\/fete-de-la-musique\/wp-json\/wp\/v2\/comments?post=190"}],"version-history":[{"count":2,"href":"https:\/\/tropiques-atrium.fr\/fete-de-la-musique\/wp-json\/wp\/v2\/pages\/190\/revisions"}],"predecessor-version":[{"id":192,"href":"https:\/\/tropiques-atrium.fr\/fete-de-la-musique\/wp-json\/wp\/v2\/pages\/190\/revisions\/192"}],"wp:attachment":[{"href":"https:\/\/tropiques-atrium.fr\/fete-de-la-musique\/wp-json\/wp\/v2\/media?parent=190"}],"curies":[{"name":"wp","href":"https:\/\/api.w.org\/{rel}","templated":true}]}}