{"id":263,"date":"2021-11-20T19:40:54","date_gmt":"2021-11-20T18:40:54","guid":{"rendered":"https:\/\/tropiques-atrium.fr\/emergence\/?page_id=263"},"modified":"2021-11-26T15:22:18","modified_gmt":"2021-11-26T14:22:18","slug":"classe-theatre-jeunes","status":"publish","type":"page","link":"https:\/\/tropiques-atrium.fr\/emergence\/classe-theatre-jeunes\/","title":{"rendered":"Classe th\u00e9atre jeunes"},"content":{"rendered":"\t\t<div data-elementor-type=\"wp-page\" data-elementor-id=\"263\" class=\"elementor elementor-263\" data-elementor-post-type=\"page\">\n\t\t\t\t\t\t<section class=\"elementor-section elementor-top-section elementor-element elementor-element-3f3b5da9 elementor-section-content-middle elementor-section-boxed elementor-section-height-default elementor-section-height-default\" data-id=\"3f3b5da9\" data-element_type=\"section\" data-settings=\"{&quot;background_background&quot;:&quot;classic&quot;}\">\n\t\t\t\t\t\t<div class=\"elementor-container elementor-column-gap-no\">\n\t\t\t\t\t<div class=\"elementor-column elementor-col-100 elementor-top-column elementor-element elementor-element-269a2e1b\" data-id=\"269a2e1b\" data-element_type=\"column\">\n\t\t\t<div class=\"elementor-widget-wrap elementor-element-populated\">\n\t\t\t\t\t\t<div class=\"elementor-element elementor-element-1a56f191 elementor-widget elementor-widget-heading\" data-id=\"1a56f191\" data-element_type=\"widget\" data-widget_type=\"heading.default\">\n\t\t\t\t<div class=\"elementor-widget-container\">\n\t\t\t<h2 class=\"elementor-heading-title elementor-size-default\">Classe th\u00e9\u00e2tre jeunes<\/h2>\t\t<\/div>\n\t\t\t\t<\/div>\n\t\t\t\t<div class=\"elementor-element elementor-element-d5f29b0 elementor-widget elementor-widget-text-editor\" data-id=\"d5f29b0\" data-element_type=\"widget\" data-widget_type=\"text-editor.default\">\n\t\t\t\t<div class=\"elementor-widget-container\">\n\t\t\t\t\t\t\t<p>La Classe Th\u00e9\u00e2tre de Tropiques Atrium est une formation th\u00e9\u00e2trale de type initiale et pr\u00e9paratoire, r\u00e9serv\u00e9e aux jeunes \u00e0 partir de 15 ans. Cette formation encadr\u00e9e par 6 formateurs martiniquais (com\u00e9diens, metteurs en sc\u00e8ne, chor\u00e9graphe, professeur de chant, universitaire\u2026) est un cursus sur 3 ans, \u00e0 raison de 6 heures\/semaine. Elle a vocation \u00e0 pr\u00e9parer aux m\u00e9tiers du th\u00e9\u00e2tre \u00e0 aux concours d\u2019entr\u00e9e des \u00e9coles sup\u00e9rieures de Th\u00e9\u00e2tre.<br><b><i><span style=\"color: var( --e-global-color-text );\">Directrice p\u00e9dagogique : St\u00e9phanie Lo\u00efk&nbsp;<br><\/span><span style=\"color: var( --e-global-color-text );\">Formateurs : Axel Arth\u00e9ron, Jos\u00e9 Dalmat, Rita Ravier, Josy Michalon et Roselyne Cyrille.<\/span><\/i><\/b><\/p>\t\t\t\t\t\t<\/div>\n\t\t\t\t<\/div>\n\t\t\t\t<div class=\"elementor-element elementor-element-1519b78c elementor-align-center elementor-widget elementor-widget-lottie\" data-id=\"1519b78c\" data-element_type=\"widget\" data-settings=\"{&quot;source_json&quot;:{&quot;url&quot;:&quot;https:\\\/\\\/tropiques-atrium.fr\\\/emergence\\\/wp-content\\\/uploads\\\/sites\\\/10\\\/2021\\\/11\\\/58261-arrow-jump-down-lottie.json&quot;,&quot;id&quot;:157,&quot;size&quot;:&quot;&quot;},&quot;source&quot;:&quot;media_file&quot;,&quot;caption_source&quot;:&quot;none&quot;,&quot;link_to&quot;:&quot;none&quot;,&quot;trigger&quot;:&quot;arriving_to_viewport&quot;,&quot;viewport&quot;:{&quot;unit&quot;:&quot;%&quot;,&quot;size&quot;:&quot;&quot;,&quot;sizes&quot;:{&quot;start&quot;:0,&quot;end&quot;:100}},&quot;play_speed&quot;:{&quot;unit&quot;:&quot;px&quot;,&quot;size&quot;:1,&quot;sizes&quot;:[]},&quot;start_point&quot;:{&quot;unit&quot;:&quot;%&quot;,&quot;size&quot;:0,&quot;sizes&quot;:[]},&quot;end_point&quot;:{&quot;unit&quot;:&quot;%&quot;,&quot;size&quot;:100,&quot;sizes&quot;:[]},&quot;renderer&quot;:&quot;svg&quot;}\" data-widget_type=\"lottie.default\">\n\t\t\t\t<div class=\"elementor-widget-container\">\n\t\t\t<div class=\"e-lottie__container\"><div class=\"e-lottie__animation\"><\/div><\/div>\t\t<\/div>\n\t\t\t\t<\/div>\n\t\t\t\t\t<\/div>\n\t\t<\/div>\n\t\t\t\t\t<\/div>\n\t\t<\/section>\n\t\t\t\t<section class=\"elementor-section elementor-top-section elementor-element elementor-element-46b043bb elementor-section-boxed elementor-section-height-default elementor-section-height-default\" data-id=\"46b043bb\" data-element_type=\"section\" data-settings=\"{&quot;background_background&quot;:&quot;classic&quot;,&quot;background_motion_fx_motion_fx_scrolling&quot;:&quot;yes&quot;,&quot;background_motion_fx_opacity_effect&quot;:&quot;yes&quot;,&quot;background_motion_fx_opacity_range&quot;:{&quot;unit&quot;:&quot;%&quot;,&quot;size&quot;:&quot;&quot;,&quot;sizes&quot;:{&quot;start&quot;:39,&quot;end&quot;:58}},&quot;motion_fx_motion_fx_scrolling&quot;:&quot;yes&quot;,&quot;background_motion_fx_opacity_direction&quot;:&quot;out-in&quot;,&quot;background_motion_fx_opacity_level&quot;:{&quot;unit&quot;:&quot;px&quot;,&quot;size&quot;:10,&quot;sizes&quot;:[]},&quot;background_motion_fx_devices&quot;:[&quot;desktop&quot;,&quot;tablet&quot;,&quot;mobile&quot;],&quot;motion_fx_devices&quot;:[&quot;desktop&quot;,&quot;tablet&quot;,&quot;mobile&quot;]}\">\n\t\t\t\t\t\t<div class=\"elementor-container elementor-column-gap-default\">\n\t\t\t\t\t<div class=\"elementor-column elementor-col-100 elementor-top-column elementor-element elementor-element-76daf665\" data-id=\"76daf665\" data-element_type=\"column\">\n\t\t\t<div class=\"elementor-widget-wrap elementor-element-populated\">\n\t\t\t\t\t\t<div class=\"elementor-element elementor-element-14c0c491 elementor-widget elementor-widget-video\" data-id=\"14c0c491\" data-element_type=\"widget\" data-settings=\"{&quot;youtube_url&quot;:&quot;https:\\\/\\\/youtu.be\\\/H5W8m4SSKtI&quot;,&quot;modestbranding&quot;:&quot;yes&quot;,&quot;motion_fx_motion_fx_scrolling&quot;:&quot;yes&quot;,&quot;motion_fx_scale_effect&quot;:&quot;yes&quot;,&quot;motion_fx_scale_speed&quot;:{&quot;unit&quot;:&quot;px&quot;,&quot;size&quot;:3,&quot;sizes&quot;:[]},&quot;motion_fx_scale_range&quot;:{&quot;unit&quot;:&quot;%&quot;,&quot;size&quot;:&quot;&quot;,&quot;sizes&quot;:{&quot;start&quot;:15,&quot;end&quot;:75}},&quot;motion_fx_devices&quot;:[&quot;desktop&quot;,&quot;tablet&quot;],&quot;motion_fx_range&quot;:&quot;viewport&quot;,&quot;video_type&quot;:&quot;youtube&quot;,&quot;controls&quot;:&quot;yes&quot;,&quot;motion_fx_scale_direction&quot;:&quot;out-in&quot;}\" data-widget_type=\"video.default\">\n\t\t\t\t<div class=\"elementor-widget-container\">\n\t\t\t\t\t<div class=\"elementor-wrapper elementor-open-inline\">\n\t\t\t<div class=\"elementor-video\"><\/div>\t\t<\/div>\n\t\t\t\t<\/div>\n\t\t\t\t<\/div>\n\t\t\t\t\t<\/div>\n\t\t<\/div>\n\t\t\t\t\t<\/div>\n\t\t<\/section>\n\t\t\t\t<\/div>\n\t\t","protected":false},"excerpt":{"rendered":"<p>Classe th\u00e9\u00e2tre jeunes La Classe Th\u00e9\u00e2tre de Tropiques Atrium est une formation th\u00e9\u00e2trale de type initiale et pr\u00e9paratoire, r\u00e9serv\u00e9e aux jeunes \u00e0 partir de 15 ans. Cette formation encadr\u00e9e par 6 formateurs martiniquais (com\u00e9diens, metteurs en sc\u00e8ne, chor\u00e9graphe, professeur de chant, universitaire\u2026) est un cursus sur 3 ans, \u00e0 raison de 6 heures\/semaine. Elle a &#8230; <a title=\"Classe th\u00e9atre jeunes\" class=\"read-more\" href=\"https:\/\/tropiques-atrium.fr\/emergence\/classe-theatre-jeunes\/\" aria-label=\"Plus sur Classe th\u00e9atre jeunes\">Lire plus<\/a><\/p>\n","protected":false},"author":1,"featured_media":0,"parent":0,"menu_order":0,"comment_status":"closed","ping_status":"closed","template":"elementor_header_footer","meta":{"footnotes":""},"yoast_head":"<!-- This site is optimized with the Yoast SEO plugin v22.0 - https:\/\/yoast.com\/wordpress\/plugins\/seo\/ -->\n<title>Classe th\u00e9atre jeunes - Emergence<\/title>\n<meta name=\"robots\" content=\"index, follow, max-snippet:-1, max-image-preview:large, max-video-preview:-1\" \/>\n<link rel=\"canonical\" href=\"https:\/\/tropiques-atrium.fr\/emergence\/classe-theatre-jeunes\/\" \/>\n<meta property=\"og:locale\" content=\"fr_FR\" \/>\n<meta property=\"og:type\" content=\"article\" \/>\n<meta property=\"og:title\" content=\"Classe th\u00e9atre jeunes - Emergence\" \/>\n<meta property=\"og:description\" content=\"Classe th\u00e9\u00e2tre jeunes La Classe Th\u00e9\u00e2tre de Tropiques Atrium est une formation th\u00e9\u00e2trale de type initiale et pr\u00e9paratoire, r\u00e9serv\u00e9e aux jeunes \u00e0 partir de 15 ans. Cette formation encadr\u00e9e par 6 formateurs martiniquais (com\u00e9diens, metteurs en sc\u00e8ne, chor\u00e9graphe, professeur de chant, universitaire\u2026) est un cursus sur 3 ans, \u00e0 raison de 6 heures\/semaine. Elle a ... Lire plus\" \/>\n<meta property=\"og:url\" content=\"https:\/\/tropiques-atrium.fr\/emergence\/classe-theatre-jeunes\/\" \/>\n<meta property=\"og:site_name\" content=\"Emergence\" \/>\n<meta property=\"article:modified_time\" content=\"2021-11-26T14:22:18+00:00\" \/>\n<meta name=\"twitter:card\" content=\"summary_large_image\" \/>\n<meta name=\"twitter:label1\" content=\"Dur\u00e9e de lecture estim\u00e9e\" \/>\n\t<meta name=\"twitter:data1\" content=\"1 minute\" \/>\n<!-- \/ Yoast SEO plugin. -->","yoast_head_json":{"title":"Classe th\u00e9atre jeunes - Emergence","robots":{"index":"index","follow":"follow","max-snippet":"max-snippet:-1","max-image-preview":"max-image-preview:large","max-video-preview":"max-video-preview:-1"},"canonical":"https:\/\/tropiques-atrium.fr\/emergence\/classe-theatre-jeunes\/","og_locale":"fr_FR","og_type":"article","og_title":"Classe th\u00e9atre jeunes - Emergence","og_description":"Classe th\u00e9\u00e2tre jeunes La Classe Th\u00e9\u00e2tre de Tropiques Atrium est une formation th\u00e9\u00e2trale de type initiale et pr\u00e9paratoire, r\u00e9serv\u00e9e aux jeunes \u00e0 partir de 15 ans. Cette formation encadr\u00e9e par 6 formateurs martiniquais (com\u00e9diens, metteurs en sc\u00e8ne, chor\u00e9graphe, professeur de chant, universitaire\u2026) est un cursus sur 3 ans, \u00e0 raison de 6 heures\/semaine. Elle a ... Lire plus","og_url":"https:\/\/tropiques-atrium.fr\/emergence\/classe-theatre-jeunes\/","og_site_name":"Emergence","article_modified_time":"2021-11-26T14:22:18+00:00","twitter_card":"summary_large_image","twitter_misc":{"Dur\u00e9e de lecture estim\u00e9e":"1 minute"},"schema":{"@context":"https:\/\/schema.org","@graph":[{"@type":"WebPage","@id":"https:\/\/tropiques-atrium.fr\/emergence\/classe-theatre-jeunes\/","url":"https:\/\/tropiques-atrium.fr\/emergence\/classe-theatre-jeunes\/","name":"Classe th\u00e9atre jeunes - Emergence","isPartOf":{"@id":"https:\/\/tropiques-atrium.fr\/emergence\/#website"},"datePublished":"2021-11-20T18:40:54+00:00","dateModified":"2021-11-26T14:22:18+00:00","breadcrumb":{"@id":"https:\/\/tropiques-atrium.fr\/emergence\/classe-theatre-jeunes\/#breadcrumb"},"inLanguage":"fr-FR","potentialAction":[{"@type":"ReadAction","target":["https:\/\/tropiques-atrium.fr\/emergence\/classe-theatre-jeunes\/"]}]},{"@type":"BreadcrumbList","@id":"https:\/\/tropiques-atrium.fr\/emergence\/classe-theatre-jeunes\/#breadcrumb","itemListElement":[{"@type":"ListItem","position":1,"name":"Accueil","item":"https:\/\/tropiques-atrium.fr\/emergence\/"},{"@type":"ListItem","position":2,"name":"Classe th\u00e9atre jeunes"}]},{"@type":"WebSite","@id":"https:\/\/tropiques-atrium.fr\/emergence\/#website","url":"https:\/\/tropiques-atrium.fr\/emergence\/","name":"Emergence","description":"Un site utilisant Les sites de Tropiques-Atrium","publisher":{"@id":"https:\/\/tropiques-atrium.fr\/emergence\/#organization"},"potentialAction":[{"@type":"SearchAction","target":{"@type":"EntryPoint","urlTemplate":"https:\/\/tropiques-atrium.fr\/emergence\/?s={search_term_string}"},"query-input":"required name=search_term_string"}],"inLanguage":"fr-FR"},{"@type":"Organization","@id":"https:\/\/tropiques-atrium.fr\/emergence\/#organization","name":"Emergence","url":"https:\/\/tropiques-atrium.fr\/emergence\/","logo":{"@type":"ImageObject","inLanguage":"fr-FR","@id":"https:\/\/tropiques-atrium.fr\/emergence\/#\/schema\/logo\/image\/","url":"https:\/\/tropiques-atrium.fr\/emergence\/wp-content\/uploads\/sites\/10\/2021\/11\/cropped-logo.jpg","contentUrl":"https:\/\/tropiques-atrium.fr\/emergence\/wp-content\/uploads\/sites\/10\/2021\/11\/cropped-logo.jpg","width":674,"height":236,"caption":"Emergence"},"image":{"@id":"https:\/\/tropiques-atrium.fr\/emergence\/#\/schema\/logo\/image\/"}}]}},"amp_enabled":false,"_links":{"self":[{"href":"https:\/\/tropiques-atrium.fr\/emergence\/wp-json\/wp\/v2\/pages\/263"}],"collection":[{"href":"https:\/\/tropiques-atrium.fr\/emergence\/wp-json\/wp\/v2\/pages"}],"about":[{"href":"https:\/\/tropiques-atrium.fr\/emergence\/wp-json\/wp\/v2\/types\/page"}],"author":[{"embeddable":true,"href":"https:\/\/tropiques-atrium.fr\/emergence\/wp-json\/wp\/v2\/users\/1"}],"replies":[{"embeddable":true,"href":"https:\/\/tropiques-atrium.fr\/emergence\/wp-json\/wp\/v2\/comments?post=263"}],"version-history":[{"count":49,"href":"https:\/\/tropiques-atrium.fr\/emergence\/wp-json\/wp\/v2\/pages\/263\/revisions"}],"predecessor-version":[{"id":452,"href":"https:\/\/tropiques-atrium.fr\/emergence\/wp-json\/wp\/v2\/pages\/263\/revisions\/452"}],"wp:attachment":[{"href":"https:\/\/tropiques-atrium.fr\/emergence\/wp-json\/wp\/v2\/media?parent=263"}],"curies":[{"name":"wp","href":"https:\/\/api.w.org\/{rel}","templated":true}]}}