{"id":549,"date":"2019-03-09T20:57:07","date_gmt":"2019-03-09T19:57:07","guid":{"rendered":"https:\/\/tropiques-atrium.fr\/rcm\/?page_id=549"},"modified":"2019-05-13T17:23:32","modified_gmt":"2019-05-13T15:23:32","slug":"la-bourse-canal","status":"publish","type":"page","link":"https:\/\/tropiques-atrium.fr\/cinemartinique\/la-bourse-canal\/","title":{"rendered":"La bourse Canal +"},"content":{"rendered":"\t\t<div data-elementor-type=\"wp-post\" data-elementor-id=\"549\" class=\"elementor elementor-549\" data-elementor-post-type=\"page\">\n\t\t\t\t\t\t<section class=\"elementor-section elementor-top-section elementor-element elementor-element-f6b4cbc elementor-section-boxed elementor-section-height-default elementor-section-height-default\" data-id=\"f6b4cbc\" data-element_type=\"section\">\n\t\t\t\t\t\t<div class=\"elementor-container elementor-column-gap-default\">\n\t\t\t\t\t<div class=\"elementor-column elementor-col-100 elementor-top-column elementor-element elementor-element-5057287\" data-id=\"5057287\" data-element_type=\"column\">\n\t\t\t<div class=\"elementor-widget-wrap elementor-element-populated\">\n\t\t\t\t\t\t<div class=\"elementor-element elementor-element-c594b4c elementor-widget elementor-widget-heading\" data-id=\"c594b4c\" data-element_type=\"widget\" data-widget_type=\"heading.default\">\n\t\t\t\t<div class=\"elementor-widget-container\">\n\t\t\t<h2 class=\"elementor-heading-title elementor-size-default\">La Bourse d'aide Canal + Cara\u00efbes<\/h2>\t\t<\/div>\n\t\t\t\t<\/div>\n\t\t\t\t\t<\/div>\n\t\t<\/div>\n\t\t\t\t\t<\/div>\n\t\t<\/section>\n\t\t\t\t<section class=\"elementor-section elementor-top-section elementor-element elementor-element-6167471 elementor-section-boxed elementor-section-height-default elementor-section-height-default\" data-id=\"6167471\" data-element_type=\"section\">\n\t\t\t\t\t\t<div class=\"elementor-container elementor-column-gap-default\">\n\t\t\t\t\t<div class=\"elementor-column elementor-col-66 elementor-top-column elementor-element elementor-element-8839cf7\" data-id=\"8839cf7\" data-element_type=\"column\">\n\t\t\t<div class=\"elementor-widget-wrap elementor-element-populated\">\n\t\t\t\t\t\t<div class=\"elementor-element elementor-element-0bb3134 elementor-widget elementor-widget-text-editor\" data-id=\"0bb3134\" data-element_type=\"widget\" data-widget_type=\"text-editor.default\">\n\t\t\t\t<div class=\"elementor-widget-container\">\n\t\t\t\t\t\t\t<p>Dans le cadre de la 14\u00e8me Edition des Rencontres cin\u00e9mas Martinique, Tropiques Atrium Sc\u00e8ne nationale de Martinique\u00a0 avec l\u2019aide de son partenaire Canal +, T\u00e9l\u00e9vision Officielle du festival, s\u2019investit encore plus dans le soutien \u00e0 la cr\u00e9ation dans nos territoires\u00a0 avec :<\/p><p>La Bourse d&#8217;aide \u00e0 la production du Festival #RCM2019 !!!<\/p><p class=\"MsoNormal\"><span style=\"font-size: 14pt; line-height: 107%;\">La Bourse du Festival c&#8217;est <u>u<\/u><\/span><u style=\"text-indent: -18pt;\">n soutien logistique<\/u><span style=\"text-indent: -18pt;\"> et <\/span><u style=\"text-indent: -18pt;\">une aide \u00e0 la production de 14\u00a0000 \u20ac<\/u><span style=\"text-indent: -18pt;\">\u00a0<\/span><span style=\"text-indent: -18pt;\"> vers\u00e9e par notre partenaire CANAL+ Antilles .\u00a0<\/span><\/p><p>\u00a0<\/p>\t\t\t\t\t\t<\/div>\n\t\t\t\t<\/div>\n\t\t\t\t\t<\/div>\n\t\t<\/div>\n\t\t\t\t<div class=\"elementor-column elementor-col-33 elementor-top-column elementor-element elementor-element-634d585\" data-id=\"634d585\" data-element_type=\"column\">\n\t\t\t<div class=\"elementor-widget-wrap\">\n\t\t\t\t\t\t\t<\/div>\n\t\t<\/div>\n\t\t\t\t\t<\/div>\n\t\t<\/section>\n\t\t\t\t<section class=\"elementor-section elementor-top-section elementor-element elementor-element-f119c8c elementor-section-boxed elementor-section-height-default elementor-section-height-default\" data-id=\"f119c8c\" data-element_type=\"section\">\n\t\t\t\t\t\t<div class=\"elementor-container elementor-column-gap-default\">\n\t\t\t\t\t<div class=\"elementor-column elementor-col-66 elementor-top-column elementor-element elementor-element-30f7dd1\" data-id=\"30f7dd1\" data-element_type=\"column\">\n\t\t\t<div class=\"elementor-widget-wrap elementor-element-populated\">\n\t\t\t\t\t\t<div class=\"elementor-element elementor-element-770b09d elementor-widget elementor-widget-text-editor\" data-id=\"770b09d\" data-element_type=\"widget\" data-widget_type=\"text-editor.default\">\n\t\t\t\t<div class=\"elementor-widget-container\">\n\t\t\t\t\t\t\t<p>Les inscriptions \u00e9tant officiellement closes depuis le 8 mars 2019, les s\u00e9lectionn\u00e9s seront annonc\u00e9s le 22 mars 2019, l&#8217;annonce des <i>Laur\u00e9ats <\/i>se fera le 30 Mars\u00a02019 et la pr\u00e9sentation des projets, entre mai et d\u00e9cembre\u00a0 2019.<\/p>\t\t\t\t\t\t<\/div>\n\t\t\t\t<\/div>\n\t\t\t\t\t<\/div>\n\t\t<\/div>\n\t\t\t\t<div class=\"elementor-column elementor-col-33 elementor-top-column elementor-element elementor-element-af5296e\" data-id=\"af5296e\" data-element_type=\"column\">\n\t\t\t<div class=\"elementor-widget-wrap elementor-element-populated\">\n\t\t\t\t\t\t<div class=\"elementor-element elementor-element-3df8c7c elementor-widget elementor-widget-image\" data-id=\"3df8c7c\" data-element_type=\"widget\" data-widget_type=\"image.default\">\n\t\t\t\t<div class=\"elementor-widget-container\">\n\t\t\t\t\t\t\t\t\t\t\t\t\t<img decoding=\"async\" width=\"237\" height=\"80\" src=\"https:\/\/tropiques-atrium.fr\/cinemartinique\/wp-content\/uploads\/sites\/3\/2019\/03\/logo-canal-plus.png\" class=\"attachment-large size-large wp-image-552\" alt=\"\" \/>\t\t\t\t\t\t\t\t\t\t\t\t\t<\/div>\n\t\t\t\t<\/div>\n\t\t\t\t\t<\/div>\n\t\t<\/div>\n\t\t\t\t\t<\/div>\n\t\t<\/section>\n\t\t\t\t<section class=\"elementor-section elementor-top-section elementor-element elementor-element-78e27c5 elementor-section-boxed elementor-section-height-default elementor-section-height-default\" data-id=\"78e27c5\" data-element_type=\"section\">\n\t\t\t\t\t\t<div class=\"elementor-container elementor-column-gap-default\">\n\t\t\t\t\t<div class=\"elementor-column elementor-col-100 elementor-top-column elementor-element elementor-element-1b79644\" data-id=\"1b79644\" data-element_type=\"column\">\n\t\t\t<div class=\"elementor-widget-wrap elementor-element-populated\">\n\t\t\t\t\t\t<div class=\"elementor-element elementor-element-da12c34 elementor-widget-divider--view-line elementor-widget elementor-widget-divider\" data-id=\"da12c34\" data-element_type=\"widget\" data-widget_type=\"divider.default\">\n\t\t\t\t<div class=\"elementor-widget-container\">\n\t\t\t\t\t<div class=\"elementor-divider\">\n\t\t\t<span class=\"elementor-divider-separator\">\n\t\t\t\t\t\t<\/span>\n\t\t<\/div>\n\t\t\t\t<\/div>\n\t\t\t\t<\/div>\n\t\t\t\t<div class=\"elementor-element elementor-element-bdd34e4 elementor-widget elementor-widget-text-editor\" data-id=\"bdd34e4\" data-element_type=\"widget\" data-widget_type=\"text-editor.default\">\n\t\t\t\t<div class=\"elementor-widget-container\">\n\t\t\t\t\t\t\t<p style=\"text-align: right;\">Mise \u00e0 jour : avril 2019<\/p>\t\t\t\t\t\t<\/div>\n\t\t\t\t<\/div>\n\t\t\t\t<div class=\"elementor-element elementor-element-f393987 elementor-widget elementor-widget-heading\" data-id=\"f393987\" data-element_type=\"widget\" data-widget_type=\"heading.default\">\n\t\t\t\t<div class=\"elementor-widget-container\">\n\t\t\t<h1 class=\"elementor-heading-title elementor-size-default\">R\u00e9sultats des comp\u00e9titions RCM 2019 :<\/h1>\t\t<\/div>\n\t\t\t\t<\/div>\n\t\t\t\t<div class=\"elementor-element elementor-element-708deeb elementor-widget elementor-widget-spacer\" data-id=\"708deeb\" data-element_type=\"widget\" data-widget_type=\"spacer.default\">\n\t\t\t\t<div class=\"elementor-widget-container\">\n\t\t\t\t\t<div class=\"elementor-spacer\">\n\t\t\t<div class=\"elementor-spacer-inner\"><\/div>\n\t\t<\/div>\n\t\t\t\t<\/div>\n\t\t\t\t<\/div>\n\t\t\t\t<div class=\"elementor-element elementor-element-0c340db elementor-grid-1 elementor-posts--thumbnail-left elementor-grid-tablet-2 elementor-grid-mobile-1 elementor-widget elementor-widget-posts\" data-id=\"0c340db\" data-element_type=\"widget\" data-settings=\"{&quot;classic_columns&quot;:&quot;1&quot;,&quot;classic_columns_tablet&quot;:&quot;2&quot;,&quot;classic_columns_mobile&quot;:&quot;1&quot;,&quot;classic_row_gap&quot;:{&quot;unit&quot;:&quot;px&quot;,&quot;size&quot;:35,&quot;sizes&quot;:[]},&quot;classic_row_gap_tablet&quot;:{&quot;unit&quot;:&quot;px&quot;,&quot;size&quot;:&quot;&quot;,&quot;sizes&quot;:[]},&quot;classic_row_gap_mobile&quot;:{&quot;unit&quot;:&quot;px&quot;,&quot;size&quot;:&quot;&quot;,&quot;sizes&quot;:[]}}\" data-widget_type=\"posts.classic\">\n\t\t\t\t<div class=\"elementor-widget-container\">\n\t\t\t\t\t<div class=\"elementor-posts-container elementor-posts elementor-posts--skin-classic elementor-grid\">\n\t\t\t\t<article class=\"elementor-post elementor-grid-item post-12771 post type-post status-publish format-standard has-post-thumbnail hentry category-actualites infinite-scroll-item\">\n\t\t\t\t<a class=\"elementor-post__thumbnail__link\" href=\"https:\/\/tropiques-atrium.fr\/cinemartinique\/2023\/07\/31\/suivez-le-guide\/\" tabindex=\"-1\" >\n\t\t\t<div class=\"elementor-post__thumbnail\"><img fetchpriority=\"high\" decoding=\"async\" width=\"768\" height=\"847\" src=\"https:\/\/tropiques-atrium.fr\/cinemartinique\/wp-content\/uploads\/sites\/3\/2023\/07\/accueil-steve-1-768x847.jpg\" class=\"attachment-medium_large size-medium_large wp-image-12766\" alt=\"\" srcset=\"https:\/\/tropiques-atrium.fr\/cinemartinique\/wp-content\/uploads\/sites\/3\/2023\/07\/accueil-steve-1-768x847.jpg 768w, https:\/\/tropiques-atrium.fr\/cinemartinique\/wp-content\/uploads\/sites\/3\/2023\/07\/accueil-steve-1-272x300.jpg 272w, https:\/\/tropiques-atrium.fr\/cinemartinique\/wp-content\/uploads\/sites\/3\/2023\/07\/accueil-steve-1-929x1024.jpg 929w, https:\/\/tropiques-atrium.fr\/cinemartinique\/wp-content\/uploads\/sites\/3\/2023\/07\/accueil-steve-1-1393x1536.jpg 1393w, https:\/\/tropiques-atrium.fr\/cinemartinique\/wp-content\/uploads\/sites\/3\/2023\/07\/accueil-steve-1-1858x2048.jpg 1858w, https:\/\/tropiques-atrium.fr\/cinemartinique\/wp-content\/uploads\/sites\/3\/2023\/07\/accueil-steve-1-585x645.jpg 585w, https:\/\/tropiques-atrium.fr\/cinemartinique\/wp-content\/uploads\/sites\/3\/2023\/07\/accueil-steve-1.jpg 2000w\" sizes=\"(max-width: 768px) 100vw, 768px\" \/><\/div>\n\t\t<\/a>\n\t\t\t\t<div class=\"elementor-post__text\">\n\t\t\t\t<h3 class=\"elementor-post__title\">\n\t\t\t<a href=\"https:\/\/tropiques-atrium.fr\/cinemartinique\/2023\/07\/31\/suivez-le-guide\/\" >\n\t\t\t\tSuivez le guide\t\t\t<\/a>\n\t\t<\/h3>\n\t\t\t\t<div class=\"elementor-post__meta-data\">\n\t\t\t\t\t<span class=\"elementor-post-date\">\n\t\t\t31 juillet 2023\t\t<\/span>\n\t\t\t\t<\/div>\n\t\t\t\t<div class=\"elementor-post__excerpt\">\n\t\t\t<p>Steve Z\u00e9bina, directeur artistique du festival Cin\u00e9martinique, nous ouvre cette ann\u00e9e les portes des coulisses de cet \u00e9v\u00e9nement incontournable d\u00e9di\u00e9 au 7\u00e8me art carib\u00e9en. \u00c0 travers ce blog il nous invite \u00e0 le suivre dans les pr\u00e9paratifs de l&#8217;\u00e9dition 2023. Cet espace sera aliment\u00e9 comme un journal de bord tout au long des mois pr\u00e9c\u00e9dant le lancement du festival. Steve y racontera son quotidien de directeur artistique, fait de rencontres, de visions de films, de choix corn\u00e9liens. Il nous fera vivre<\/p>\n\t\t<\/div>\n\t\t\n\t\t<a class=\"elementor-post__read-more\" href=\"https:\/\/tropiques-atrium.fr\/cinemartinique\/2023\/07\/31\/suivez-le-guide\/\" aria-label=\"En savoir plus sur Suivez le guide\" tabindex=\"-1\" >\n\t\t\tLire plus \u00bb\t\t<\/a>\n\n\t\t\t\t<\/div>\n\t\t\t\t<\/article>\n\t\t\t\t<article class=\"elementor-post elementor-grid-item post-1631 post type-post status-publish format-standard has-post-thumbnail hentry category-actualites category-courts-metrage category-documentaire tag-palmares infinite-scroll-item\">\n\t\t\t\t<a class=\"elementor-post__thumbnail__link\" href=\"https:\/\/tropiques-atrium.fr\/cinemartinique\/2019\/04\/03\/palmares-rcm-2019\/\" tabindex=\"-1\" >\n\t\t\t<div class=\"elementor-post__thumbnail\"><img decoding=\"async\" width=\"768\" height=\"576\" src=\"https:\/\/tropiques-atrium.fr\/cinemartinique\/wp-content\/uploads\/sites\/3\/2019\/03\/Ce\u0301re\u0301monie-de-remise-des-prix-des-RCM2019-06-768x576.jpg\" class=\"attachment-medium_large size-medium_large wp-image-1609\" alt=\"\" srcset=\"https:\/\/tropiques-atrium.fr\/cinemartinique\/wp-content\/uploads\/sites\/3\/2019\/03\/Ce\u0301re\u0301monie-de-remise-des-prix-des-RCM2019-06-768x576.jpg 768w, https:\/\/tropiques-atrium.fr\/cinemartinique\/wp-content\/uploads\/sites\/3\/2019\/03\/Ce\u0301re\u0301monie-de-remise-des-prix-des-RCM2019-06-300x225.jpg 300w, https:\/\/tropiques-atrium.fr\/cinemartinique\/wp-content\/uploads\/sites\/3\/2019\/03\/Ce\u0301re\u0301monie-de-remise-des-prix-des-RCM2019-06.jpg 960w\" sizes=\"(max-width: 768px) 100vw, 768px\" \/><\/div>\n\t\t<\/a>\n\t\t\t\t<div class=\"elementor-post__text\">\n\t\t\t\t<h3 class=\"elementor-post__title\">\n\t\t\t<a href=\"https:\/\/tropiques-atrium.fr\/cinemartinique\/2019\/04\/03\/palmares-rcm-2019\/\" >\n\t\t\t\tPalmar\u00e8s RCM 2019\t\t\t<\/a>\n\t\t<\/h3>\n\t\t\t\t<div class=\"elementor-post__meta-data\">\n\t\t\t\t\t<span class=\"elementor-post-date\">\n\t\t\t3 avril 2019\t\t<\/span>\n\t\t\t\t<\/div>\n\t\t\t\t<div class=\"elementor-post__excerpt\">\n\t\t\t<p>Tropiques Atrium Sc\u00e8ne Nationale vous pr\u00e9sente le palmar\u00e8s officiel de la 14\u00e8me \u00e9dition des Rencontres Cin\u00e9mas Martinique, soit l\u2019ensemble des prix remport\u00e9s dans nos comp\u00e9titions Documentaires et Courts-m\u00e9trages. Prix offerts par Canal + Cara\u00efbes et la Fondation Orange. Les laur\u00e9ats : Grand Prix du meilleur documentaire La m\u00fasica de las esferas\ufeff Marcel Beltr\u00e1n \u2013 Cuba Prix Antilles-Guyane du meilleur documentaire Les chaussures dor\u00e9es Jerry Spartacus \u2013 Martinique Grand Prix du meilleur court m\u00e9trage O \u00d3rf\u00e3o Carolina Markowicz \u2013 Br\u00e9sil Prix Antilles-Guyane<\/p>\n\t\t<\/div>\n\t\t\n\t\t<a class=\"elementor-post__read-more\" href=\"https:\/\/tropiques-atrium.fr\/cinemartinique\/2019\/04\/03\/palmares-rcm-2019\/\" aria-label=\"En savoir plus sur Palmar\u00e8s RCM 2019\" tabindex=\"-1\" >\n\t\t\tLire plus \u00bb\t\t<\/a>\n\n\t\t\t\t<\/div>\n\t\t\t\t<\/article>\n\t\t\t\t<\/div>\n\t\t\n\t\t\t\t<\/div>\n\t\t\t\t<\/div>\n\t\t\t\t\t<\/div>\n\t\t<\/div>\n\t\t\t\t\t<\/div>\n\t\t<\/section>\n\t\t\t\t<\/div>\n\t\t","protected":false},"excerpt":{"rendered":"<p>La Bourse d&#8217;aide Canal + Cara\u00efbes Dans le cadre de la 14\u00e8me Edition des Rencontres cin\u00e9mas Martinique, Tropiques Atrium Sc\u00e8ne nationale de Martinique\u00a0 avec l\u2019aide de son partenaire Canal +, T\u00e9l\u00e9vision Officielle du festival, s\u2019investit encore plus dans le soutien \u00e0 la cr\u00e9ation dans nos territoires\u00a0 avec : La Bourse d&#8217;aide \u00e0 la production du Festival #RCM2019 !!! La Bourse du Festival c&#8217;est un soutien logistique et une aide \u00e0 la production de 14\u00a0000 \u20ac\u00a0 vers\u00e9e par notre partenaire CANAL+ Antilles &#8230; <\/p>\n<p class=\"read-more-container\"><a title=\"Palmar\u00e8s RCM 2019\" class=\"read-more button\" href=\"https:\/\/tropiques-atrium.fr\/cinemartinique\/2019\/04\/03\/palmares-rcm-2019\/#more-1631\" aria-label=\"Plus sur Palmar\u00e8s RCM 2019\">En savoir +<\/a><\/p>\n","protected":false},"author":1,"featured_media":0,"parent":0,"menu_order":0,"comment_status":"closed","ping_status":"closed","template":"elementor_header_footer","meta":{"footnotes":""},"yoast_head":"<!-- This site is optimized with the Yoast SEO plugin v22.0 - https:\/\/yoast.com\/wordpress\/plugins\/seo\/ -->\n<title>La bourse Canal + - Cin\u00e9Martinique Festival<\/title>\n<meta name=\"robots\" content=\"index, follow, max-snippet:-1, max-image-preview:large, max-video-preview:-1\" \/>\n<link rel=\"canonical\" href=\"https:\/\/tropiques-atrium.fr\/cinemartinique\/la-bourse-canal\/\" \/>\n<meta property=\"og:locale\" content=\"fr_FR\" \/>\n<meta property=\"og:type\" content=\"article\" \/>\n<meta property=\"og:title\" content=\"La bourse Canal + - Cin\u00e9Martinique Festival\" \/>\n<meta property=\"og:description\" content=\"La Bourse d&#8217;aide Canal + Cara\u00efbes Dans le cadre de la 14\u00e8me Edition des Rencontres cin\u00e9mas Martinique, Tropiques Atrium Sc\u00e8ne nationale de Martinique\u00a0 avec l\u2019aide de son partenaire Canal +, T\u00e9l\u00e9vision Officielle du festival, s\u2019investit encore plus dans le soutien \u00e0 la cr\u00e9ation dans nos territoires\u00a0 avec : La Bourse d&#8217;aide \u00e0 la production du Festival #RCM2019 !!! La Bourse du Festival c&#8217;est un soutien logistique et une aide \u00e0 la production de 14\u00a0000 \u20ac\u00a0 vers\u00e9e par notre partenaire CANAL+ Antilles ... En savoir +\" \/>\n<meta property=\"og:url\" content=\"https:\/\/tropiques-atrium.fr\/cinemartinique\/la-bourse-canal\/\" \/>\n<meta property=\"og:site_name\" content=\"Cin\u00e9Martinique Festival\" \/>\n<meta property=\"article:modified_time\" content=\"2019-05-13T15:23:32+00:00\" \/>\n<meta property=\"og:image\" content=\"https:\/\/tropiques-atrium.fr\/rcm\/wp-content\/uploads\/sites\/3\/2019\/03\/logo-canal-plus.png\" \/>\n<meta name=\"twitter:card\" content=\"summary_large_image\" \/>\n<meta name=\"twitter:label1\" content=\"Dur\u00e9e de lecture estim\u00e9e\" \/>\n\t<meta name=\"twitter:data1\" content=\"1 minute\" \/>\n<!-- \/ Yoast SEO plugin. -->","yoast_head_json":{"title":"La bourse Canal + - Cin\u00e9Martinique Festival","robots":{"index":"index","follow":"follow","max-snippet":"max-snippet:-1","max-image-preview":"max-image-preview:large","max-video-preview":"max-video-preview:-1"},"canonical":"https:\/\/tropiques-atrium.fr\/cinemartinique\/la-bourse-canal\/","og_locale":"fr_FR","og_type":"article","og_title":"La bourse Canal + - Cin\u00e9Martinique Festival","og_description":"La Bourse d&#8217;aide Canal + Cara\u00efbes Dans le cadre de la 14\u00e8me Edition des Rencontres cin\u00e9mas Martinique, Tropiques Atrium Sc\u00e8ne nationale de Martinique\u00a0 avec l\u2019aide de son partenaire Canal +, T\u00e9l\u00e9vision Officielle du festival, s\u2019investit encore plus dans le soutien \u00e0 la cr\u00e9ation dans nos territoires\u00a0 avec : La Bourse d&#8217;aide \u00e0 la production du Festival #RCM2019 !!! La Bourse du Festival c&#8217;est un soutien logistique et une aide \u00e0 la production de 14\u00a0000 \u20ac\u00a0 vers\u00e9e par notre partenaire CANAL+ Antilles ... En savoir +","og_url":"https:\/\/tropiques-atrium.fr\/cinemartinique\/la-bourse-canal\/","og_site_name":"Cin\u00e9Martinique Festival","article_modified_time":"2019-05-13T15:23:32+00:00","og_image":[{"url":"https:\/\/tropiques-atrium.fr\/rcm\/wp-content\/uploads\/sites\/3\/2019\/03\/logo-canal-plus.png"}],"twitter_card":"summary_large_image","twitter_misc":{"Dur\u00e9e de lecture estim\u00e9e":"1 minute"},"schema":{"@context":"https:\/\/schema.org","@graph":[{"@type":"WebPage","@id":"https:\/\/tropiques-atrium.fr\/cinemartinique\/la-bourse-canal\/","url":"https:\/\/tropiques-atrium.fr\/cinemartinique\/la-bourse-canal\/","name":"La bourse Canal + - Cin\u00e9Martinique Festival","isPartOf":{"@id":"https:\/\/tropiques-atrium.fr\/cinemartinique\/#website"},"datePublished":"2019-03-09T19:57:07+00:00","dateModified":"2019-05-13T15:23:32+00:00","breadcrumb":{"@id":"https:\/\/tropiques-atrium.fr\/cinemartinique\/la-bourse-canal\/#breadcrumb"},"inLanguage":"fr-FR","potentialAction":[{"@type":"ReadAction","target":["https:\/\/tropiques-atrium.fr\/cinemartinique\/la-bourse-canal\/"]}]},{"@type":"BreadcrumbList","@id":"https:\/\/tropiques-atrium.fr\/cinemartinique\/la-bourse-canal\/#breadcrumb","itemListElement":[{"@type":"ListItem","position":1,"name":"Accueil","item":"https:\/\/tropiques-atrium.fr\/cinemartinique\/"},{"@type":"ListItem","position":2,"name":"La bourse Canal +"}]},{"@type":"WebSite","@id":"https:\/\/tropiques-atrium.fr\/cinemartinique\/#website","url":"https:\/\/tropiques-atrium.fr\/cinemartinique\/","name":"Cin\u00e9Martinique Festival","description":"","publisher":{"@id":"https:\/\/tropiques-atrium.fr\/cinemartinique\/#organization"},"potentialAction":[{"@type":"SearchAction","target":{"@type":"EntryPoint","urlTemplate":"https:\/\/tropiques-atrium.fr\/cinemartinique\/?s={search_term_string}"},"query-input":"required name=search_term_string"}],"inLanguage":"fr-FR"},{"@type":"Organization","@id":"https:\/\/tropiques-atrium.fr\/cinemartinique\/#organization","name":"Cin\u00e9Martinique Festival","url":"https:\/\/tropiques-atrium.fr\/cinemartinique\/","logo":{"@type":"ImageObject","inLanguage":"fr-FR","@id":"https:\/\/tropiques-atrium.fr\/cinemartinique\/#\/schema\/logo\/image\/","url":"https:\/\/tropiques-atrium.fr\/cinemartinique\/wp-content\/uploads\/sites\/3\/2022\/01\/CineMartinique-logo-1.png","contentUrl":"https:\/\/tropiques-atrium.fr\/cinemartinique\/wp-content\/uploads\/sites\/3\/2022\/01\/CineMartinique-logo-1.png","width":1205,"height":362,"caption":"Cin\u00e9Martinique Festival"},"image":{"@id":"https:\/\/tropiques-atrium.fr\/cinemartinique\/#\/schema\/logo\/image\/"}}]}},"amp_enabled":false,"_links":{"self":[{"href":"https:\/\/tropiques-atrium.fr\/cinemartinique\/wp-json\/wp\/v2\/pages\/549"}],"collection":[{"href":"https:\/\/tropiques-atrium.fr\/cinemartinique\/wp-json\/wp\/v2\/pages"}],"about":[{"href":"https:\/\/tropiques-atrium.fr\/cinemartinique\/wp-json\/wp\/v2\/types\/page"}],"author":[{"embeddable":true,"href":"https:\/\/tropiques-atrium.fr\/cinemartinique\/wp-json\/wp\/v2\/users\/1"}],"replies":[{"embeddable":true,"href":"https:\/\/tropiques-atrium.fr\/cinemartinique\/wp-json\/wp\/v2\/comments?post=549"}],"version-history":[{"count":9,"href":"https:\/\/tropiques-atrium.fr\/cinemartinique\/wp-json\/wp\/v2\/pages\/549\/revisions"}],"predecessor-version":[{"id":1706,"href":"https:\/\/tropiques-atrium.fr\/cinemartinique\/wp-json\/wp\/v2\/pages\/549\/revisions\/1706"}],"wp:attachment":[{"href":"https:\/\/tropiques-atrium.fr\/cinemartinique\/wp-json\/wp\/v2\/media?parent=549"}],"curies":[{"name":"wp","href":"https:\/\/api.w.org\/{rel}","templated":true}]}}