{"id":3745,"date":"2020-12-03T15:01:21","date_gmt":"2020-12-03T14:01:21","guid":{"rendered":"https:\/\/tropiques-atrium.fr\/rcm\/?page_id=3745"},"modified":"2020-12-03T17:07:53","modified_gmt":"2020-12-03T16:07:53","slug":"les-actus-cinemartinique-2020","status":"publish","type":"page","link":"https:\/\/tropiques-atrium.fr\/cinemartinique\/les-actus-cinemartinique-2020\/","title":{"rendered":"Les actus cin\u00e9martinique 2020"},"content":{"rendered":"\t\t<div data-elementor-type=\"wp-page\" data-elementor-id=\"3745\" class=\"elementor elementor-3745\" data-elementor-post-type=\"page\">\n\t\t\t\t\t\t<section class=\"elementor-section elementor-top-section elementor-element elementor-element-301b81d0 elementor-section-boxed elementor-section-height-default elementor-section-height-default\" data-id=\"301b81d0\" data-element_type=\"section\" data-settings=\"{&quot;background_background&quot;:&quot;classic&quot;}\">\n\t\t\t\t\t\t<div class=\"elementor-container elementor-column-gap-default\">\n\t\t\t\t\t<div class=\"elementor-column elementor-col-100 elementor-top-column elementor-element elementor-element-41ad1beb\" data-id=\"41ad1beb\" data-element_type=\"column\">\n\t\t\t<div class=\"elementor-widget-wrap elementor-element-populated\">\n\t\t\t\t\t\t<div class=\"elementor-element elementor-element-2198bf14 elementor-widget elementor-widget-heading\" data-id=\"2198bf14\" data-element_type=\"widget\" data-widget_type=\"heading.default\">\n\t\t\t\t<div class=\"elementor-widget-container\">\n\t\t\t<h2 class=\"elementor-heading-title elementor-size-default\">Les actus cin\u00e9martinique 2020<\/h2>\t\t<\/div>\n\t\t\t\t<\/div>\n\t\t\t\t<div class=\"elementor-element elementor-element-93d3675 elementor-grid-2 elementor-grid-tablet-2 elementor-grid-mobile-1 elementor-posts--thumbnail-top elementor-widget elementor-widget-posts\" data-id=\"93d3675\" data-element_type=\"widget\" data-settings=\"{&quot;classic_columns&quot;:&quot;2&quot;,&quot;classic_row_gap&quot;:{&quot;unit&quot;:&quot;px&quot;,&quot;size&quot;:20,&quot;sizes&quot;:[]},&quot;pagination_type&quot;:&quot;prev_next&quot;,&quot;classic_columns_tablet&quot;:&quot;2&quot;,&quot;classic_columns_mobile&quot;:&quot;1&quot;,&quot;classic_row_gap_tablet&quot;:{&quot;unit&quot;:&quot;px&quot;,&quot;size&quot;:&quot;&quot;,&quot;sizes&quot;:[]},&quot;classic_row_gap_mobile&quot;:{&quot;unit&quot;:&quot;px&quot;,&quot;size&quot;:&quot;&quot;,&quot;sizes&quot;:[]}}\" data-widget_type=\"posts.classic\">\n\t\t\t\t<div class=\"elementor-widget-container\">\n\t\t\t\t\t<div class=\"elementor-posts-container elementor-posts elementor-posts--skin-classic elementor-grid\">\n\t\t\t\t<article class=\"elementor-post elementor-grid-item post-3700 post type-post status-publish format-standard has-post-thumbnail hentry category-actualites tag-cinemartinique2020 tag-gazette-2020 infinite-scroll-item\">\n\t\t\t\t<a class=\"elementor-post__thumbnail__link\" href=\"https:\/\/tropiques-atrium.fr\/cinemartinique\/2020\/10\/29\/la-gazette-du-cinemq2020-no2\/\" tabindex=\"-1\" target=&quot;_blank&quot;>\n\t\t\t<div class=\"elementor-post__thumbnail\"><img fetchpriority=\"high\" decoding=\"async\" width=\"768\" height=\"288\" src=\"https:\/\/tropiques-atrium.fr\/cinemartinique\/wp-content\/uploads\/sites\/3\/2020\/10\/Gazette-CMF-2-3-768x288.jpg\" class=\"attachment-medium_large size-medium_large wp-image-3705\" alt=\"\" srcset=\"https:\/\/tropiques-atrium.fr\/cinemartinique\/wp-content\/uploads\/sites\/3\/2020\/10\/Gazette-CMF-2-3-768x288.jpg 768w, https:\/\/tropiques-atrium.fr\/cinemartinique\/wp-content\/uploads\/sites\/3\/2020\/10\/Gazette-CMF-2-3-300x112.jpg 300w, https:\/\/tropiques-atrium.fr\/cinemartinique\/wp-content\/uploads\/sites\/3\/2020\/10\/Gazette-CMF-2-3-1024x384.jpg 1024w, https:\/\/tropiques-atrium.fr\/cinemartinique\/wp-content\/uploads\/sites\/3\/2020\/10\/Gazette-CMF-2-3-1536x576.jpg 1536w, https:\/\/tropiques-atrium.fr\/cinemartinique\/wp-content\/uploads\/sites\/3\/2020\/10\/Gazette-CMF-2-3-2048x768.jpg 2048w\" sizes=\"(max-width: 768px) 100vw, 768px\" \/><\/div>\n\t\t<\/a>\n\t\t\t\t<div class=\"elementor-post__text\">\n\t\t\t\t<h3 class=\"elementor-post__title\">\n\t\t\t<a href=\"https:\/\/tropiques-atrium.fr\/cinemartinique\/2020\/10\/29\/la-gazette-du-cinemq2020-no2\/\" target=&quot;_blank&quot;>\n\t\t\t\tLa Gazette du #Cin\u00e9Mq2020 : no2 !\t\t\t<\/a>\n\t\t<\/h3>\n\t\t\t\t<div class=\"elementor-post__meta-data\">\n\t\t\t\t\t<span class=\"elementor-post-date\">\n\t\t\t29 octobre 2020\t\t<\/span>\n\t\t\t\t<\/div>\n\t\t\t\t<div class=\"elementor-post__excerpt\">\n\t\t\t<p>Tout au long de cette 15\u00e8me \u00e9dition du cin\u00e9martinique festival, nos b\u00e9n\u00e9voles Am\u00e9lie, Mich\u00e8le et Jacqueline, aid\u00e9es par Alicja, vous feront vivre le quotidien et les coulisses du festival avec la Gazette ! Le no2 est \u00e0&nbsp;d\u00e9couvrir et t\u00e9l\u00e9charger ici&nbsp;ou en cliquant sur l\u2019image ci-dessous :<\/p>\n\t\t<\/div>\n\t\t\n\t\t<a class=\"elementor-post__read-more\" href=\"https:\/\/tropiques-atrium.fr\/cinemartinique\/2020\/10\/29\/la-gazette-du-cinemq2020-no2\/\" aria-label=\"En savoir plus sur La Gazette du #Cin\u00e9Mq2020 : no2 !\" tabindex=\"-1\" target=\"_blank\">\n\t\t\tLire la suite \u00bb\t\t<\/a>\n\n\t\t\t\t<\/div>\n\t\t\t\t<\/article>\n\t\t\t\t<article class=\"elementor-post elementor-grid-item post-3674 post type-post status-publish format-standard has-post-thumbnail hentry category-actualites tag-cinemartinique2020 infinite-scroll-item\">\n\t\t\t\t<a class=\"elementor-post__thumbnail__link\" href=\"https:\/\/tropiques-atrium.fr\/cinemartinique\/2020\/10\/25\/le-cinemq2020-dans-les-ecoles-et-colleges\/\" tabindex=\"-1\" target=&quot;_blank&quot;>\n\t\t\t<div class=\"elementor-post__thumbnail\"><img decoding=\"async\" width=\"768\" height=\"576\" src=\"https:\/\/tropiques-atrium.fr\/cinemartinique\/wp-content\/uploads\/sites\/3\/2020\/10\/CMF-scolaires-colle\u0300ge-3-03-768x576.jpeg\" class=\"attachment-medium_large size-medium_large wp-image-3677\" alt=\"\" srcset=\"https:\/\/tropiques-atrium.fr\/cinemartinique\/wp-content\/uploads\/sites\/3\/2020\/10\/CMF-scolaires-colle\u0300ge-3-03-768x576.jpeg 768w, https:\/\/tropiques-atrium.fr\/cinemartinique\/wp-content\/uploads\/sites\/3\/2020\/10\/CMF-scolaires-colle\u0300ge-3-03-300x225.jpeg 300w, https:\/\/tropiques-atrium.fr\/cinemartinique\/wp-content\/uploads\/sites\/3\/2020\/10\/CMF-scolaires-colle\u0300ge-3-03-1024x768.jpeg 1024w, https:\/\/tropiques-atrium.fr\/cinemartinique\/wp-content\/uploads\/sites\/3\/2020\/10\/CMF-scolaires-colle\u0300ge-3-03-600x450.jpeg 600w, https:\/\/tropiques-atrium.fr\/cinemartinique\/wp-content\/uploads\/sites\/3\/2020\/10\/CMF-scolaires-colle\u0300ge-3-03.jpeg 1280w\" sizes=\"(max-width: 768px) 100vw, 768px\" \/><\/div>\n\t\t<\/a>\n\t\t\t\t<div class=\"elementor-post__text\">\n\t\t\t\t<h3 class=\"elementor-post__title\">\n\t\t\t<a href=\"https:\/\/tropiques-atrium.fr\/cinemartinique\/2020\/10\/25\/le-cinemq2020-dans-les-ecoles-et-colleges\/\" target=&quot;_blank&quot;>\n\t\t\t\tLe #Cin\u00e9mq2020 dans les \u00e9coles et coll\u00e8ges !\t\t\t<\/a>\n\t\t<\/h3>\n\t\t\t\t<div class=\"elementor-post__meta-data\">\n\t\t\t\t\t<span class=\"elementor-post-date\">\n\t\t\t25 octobre 2020\t\t<\/span>\n\t\t\t\t<\/div>\n\t\t\t\t<div class=\"elementor-post__excerpt\">\n\t\t\t<p>Le cin\u00e9martinique festival 2020 est all\u00e9, comme chaque ann\u00e9e, dans les \u00e9coles et coll\u00e8ges, \u00e0 la rencontre des publics scolaires : Cette intervention de DJ Kasbah (Nadir MOUSSAOUI) s&#8217;est faite dans 3 coll\u00e8ges. Les \u00e9l\u00e8ves ont \u00e9t\u00e9 ravis d&#8217;avoir pu d\u00e9couvrir la MAO (musique assist\u00e9e par ordinateur), avec enregistrement de sons en ext\u00e9rieur puis retour en salle pour composer \u00e0 chaque fois.<\/p>\n\t\t<\/div>\n\t\t\n\t\t<a class=\"elementor-post__read-more\" href=\"https:\/\/tropiques-atrium.fr\/cinemartinique\/2020\/10\/25\/le-cinemq2020-dans-les-ecoles-et-colleges\/\" aria-label=\"En savoir plus sur Le #Cin\u00e9mq2020 dans les \u00e9coles et coll\u00e8ges !\" tabindex=\"-1\" target=\"_blank\">\n\t\t\tLire la suite \u00bb\t\t<\/a>\n\n\t\t\t\t<\/div>\n\t\t\t\t<\/article>\n\t\t\t\t<article class=\"elementor-post elementor-grid-item post-3669 post type-post status-publish format-standard has-post-thumbnail hentry category-actualites tag-cinemartinique2020 tag-gazette-2020 infinite-scroll-item\">\n\t\t\t\t<a class=\"elementor-post__thumbnail__link\" href=\"https:\/\/tropiques-atrium.fr\/cinemartinique\/2020\/10\/25\/la-gazette-du-cinemq2020-no1\/\" tabindex=\"-1\" target=&quot;_blank&quot;>\n\t\t\t<div class=\"elementor-post__thumbnail\"><img decoding=\"async\" width=\"768\" height=\"512\" src=\"https:\/\/tropiques-atrium.fr\/cinemartinique\/wp-content\/uploads\/sites\/3\/2020\/10\/La-Gazette-CMF-1-2-768x512.jpg\" class=\"attachment-medium_large size-medium_large wp-image-3670\" alt=\"\" srcset=\"https:\/\/tropiques-atrium.fr\/cinemartinique\/wp-content\/uploads\/sites\/3\/2020\/10\/La-Gazette-CMF-1-2-768x512.jpg 768w, https:\/\/tropiques-atrium.fr\/cinemartinique\/wp-content\/uploads\/sites\/3\/2020\/10\/La-Gazette-CMF-1-2-300x200.jpg 300w, https:\/\/tropiques-atrium.fr\/cinemartinique\/wp-content\/uploads\/sites\/3\/2020\/10\/La-Gazette-CMF-1-2-1024x683.jpg 1024w, https:\/\/tropiques-atrium.fr\/cinemartinique\/wp-content\/uploads\/sites\/3\/2020\/10\/La-Gazette-CMF-1-2-1536x1024.jpg 1536w, https:\/\/tropiques-atrium.fr\/cinemartinique\/wp-content\/uploads\/sites\/3\/2020\/10\/La-Gazette-CMF-1-2-2048x1365.jpg 2048w\" sizes=\"(max-width: 768px) 100vw, 768px\" \/><\/div>\n\t\t<\/a>\n\t\t\t\t<div class=\"elementor-post__text\">\n\t\t\t\t<h3 class=\"elementor-post__title\">\n\t\t\t<a href=\"https:\/\/tropiques-atrium.fr\/cinemartinique\/2020\/10\/25\/la-gazette-du-cinemq2020-no1\/\" target=&quot;_blank&quot;>\n\t\t\t\tLa Gazette du #Cin\u00e9Mq2020 : no1 !\t\t\t<\/a>\n\t\t<\/h3>\n\t\t\t\t<div class=\"elementor-post__meta-data\">\n\t\t\t\t\t<span class=\"elementor-post-date\">\n\t\t\t25 octobre 2020\t\t<\/span>\n\t\t\t\t<\/div>\n\t\t\t\t<div class=\"elementor-post__excerpt\">\n\t\t\t<p>Tout au long de cette 15\u00e8me \u00e9dition du cin\u00e9martinique festival, nos b\u00e9n\u00e9voles Am\u00e9lie et Jacqueline, aid\u00e9es par Alicja, vous feront vivre le quotidien et les coulisses du festival avec la Gazette ! Le no1 est \u00e0&nbsp;d\u00e9couvrir et t\u00e9l\u00e9charger ici&nbsp;ou en cliquant sur l\u2019image ci-dessous :<\/p>\n\t\t<\/div>\n\t\t\n\t\t<a class=\"elementor-post__read-more\" href=\"https:\/\/tropiques-atrium.fr\/cinemartinique\/2020\/10\/25\/la-gazette-du-cinemq2020-no1\/\" aria-label=\"En savoir plus sur La Gazette du #Cin\u00e9Mq2020 : no1 !\" tabindex=\"-1\" target=\"_blank\">\n\t\t\tLire la suite \u00bb\t\t<\/a>\n\n\t\t\t\t<\/div>\n\t\t\t\t<\/article>\n\t\t\t\t<article class=\"elementor-post elementor-grid-item post-3326 post type-post status-publish format-standard has-post-thumbnail hentry category-actualites tag-cinemartinique2020 infinite-scroll-item\">\n\t\t\t\t<a class=\"elementor-post__thumbnail__link\" href=\"https:\/\/tropiques-atrium.fr\/cinemartinique\/2020\/10\/19\/les-invites-du-cinemartinique2020\/\" tabindex=\"-1\" target=&quot;_blank&quot;>\n\t\t\t<div class=\"elementor-post__thumbnail\"><img loading=\"lazy\" decoding=\"async\" width=\"768\" height=\"512\" src=\"https:\/\/tropiques-atrium.fr\/cinemartinique\/wp-content\/uploads\/sites\/3\/2019\/03\/piqsels.com-id-ijjav-768x512.jpg\" class=\"attachment-medium_large size-medium_large wp-image-3333\" alt=\"\" srcset=\"https:\/\/tropiques-atrium.fr\/cinemartinique\/wp-content\/uploads\/sites\/3\/2019\/03\/piqsels.com-id-ijjav-768x512.jpg 768w, https:\/\/tropiques-atrium.fr\/cinemartinique\/wp-content\/uploads\/sites\/3\/2019\/03\/piqsels.com-id-ijjav-300x200.jpg 300w, https:\/\/tropiques-atrium.fr\/cinemartinique\/wp-content\/uploads\/sites\/3\/2019\/03\/piqsels.com-id-ijjav-1024x683.jpg 1024w, https:\/\/tropiques-atrium.fr\/cinemartinique\/wp-content\/uploads\/sites\/3\/2019\/03\/piqsels.com-id-ijjav-1536x1024.jpg 1536w, https:\/\/tropiques-atrium.fr\/cinemartinique\/wp-content\/uploads\/sites\/3\/2019\/03\/piqsels.com-id-ijjav-2048x1365.jpg 2048w\" sizes=\"(max-width: 768px) 100vw, 768px\" \/><\/div>\n\t\t<\/a>\n\t\t\t\t<div class=\"elementor-post__text\">\n\t\t\t\t<h3 class=\"elementor-post__title\">\n\t\t\t<a href=\"https:\/\/tropiques-atrium.fr\/cinemartinique\/2020\/10\/19\/les-invites-du-cinemartinique2020\/\" target=&quot;_blank&quot;>\n\t\t\t\tLes invit\u00e9s du #cin\u00e9martinique2020\t\t\t<\/a>\n\t\t<\/h3>\n\t\t\t\t<div class=\"elementor-post__meta-data\">\n\t\t\t\t\t<span class=\"elementor-post-date\">\n\t\t\t19 octobre 2020\t\t<\/span>\n\t\t\t\t<\/div>\n\t\t\t\t<div class=\"elementor-post__excerpt\">\n\t\t\t<p>La liste des invit\u00e9s de cette 15eme \u00e9dition du cin\u00e9martinique festival de Tropiques Atrium : Nadir MOUSSAOUI &#8211; DJ Kasbah Nabil DJEDOUANI &#8211; R\u00e9alisateur Fanny YVONNET &#8211; Productrice Jane ROGER &#8211; Distributrice Olivier ARSON &#8211; Compositeur Dominique LEGITIMUS &#8211; Compositeur Lucile HUMBERT WOZNIAK &#8211; Coordinatrice P\u00f4le Audiovisuel Mus\u00e9e national de l\u2019Histoire de l\u2019immigration Morgan SIMON &#8211; R\u00e9alisateur Nelson FOIX &#8211; R\u00e9alisateur Jil SERVANT &#8211; R\u00e9alisateur et producteur Patricia MONPIERRE &#8211; Association pour le D\u00e9veloppement du Cin\u00e9ma d\u2019Art et d\u2019Essaien Guadeloupe<\/p>\n\t\t<\/div>\n\t\t\n\t\t<a class=\"elementor-post__read-more\" href=\"https:\/\/tropiques-atrium.fr\/cinemartinique\/2020\/10\/19\/les-invites-du-cinemartinique2020\/\" aria-label=\"En savoir plus sur Les invit\u00e9s du #cin\u00e9martinique2020\" tabindex=\"-1\" target=\"_blank\">\n\t\t\tLire la suite \u00bb\t\t<\/a>\n\n\t\t\t\t<\/div>\n\t\t\t\t<\/article>\n\t\t\t\t<\/div>\n\t\t\n\t\t\t\t<\/div>\n\t\t\t\t<\/div>\n\t\t\t\t<div class=\"elementor-element elementor-element-51a51b9 elementor-widget elementor-widget-spacer\" data-id=\"51a51b9\" data-element_type=\"widget\" data-widget_type=\"spacer.default\">\n\t\t\t\t<div class=\"elementor-widget-container\">\n\t\t\t\t\t<div class=\"elementor-spacer\">\n\t\t\t<div class=\"elementor-spacer-inner\"><\/div>\n\t\t<\/div>\n\t\t\t\t<\/div>\n\t\t\t\t<\/div>\n\t\t\t\t\t<\/div>\n\t\t<\/div>\n\t\t\t\t\t<\/div>\n\t\t<\/section>\n\t\t\t\t<\/div>\n\t\t","protected":false},"excerpt":{"rendered":"<p>Les actus cin\u00e9martinique 2020<\/p>\n","protected":false},"author":2,"featured_media":0,"parent":0,"menu_order":0,"comment_status":"closed","ping_status":"closed","template":"elementor_header_footer","meta":{"footnotes":""},"yoast_head":"<!-- This site is optimized with the Yoast SEO plugin v22.0 - https:\/\/yoast.com\/wordpress\/plugins\/seo\/ -->\n<title>Les actus cin\u00e9martinique 2020 - Cin\u00e9Martinique Festival<\/title>\n<meta name=\"robots\" content=\"index, follow, max-snippet:-1, max-image-preview:large, max-video-preview:-1\" \/>\n<link rel=\"canonical\" href=\"https:\/\/tropiques-atrium.fr\/cinemartinique\/les-actus-cinemartinique-2020\/\" \/>\n<meta property=\"og:locale\" content=\"fr_FR\" \/>\n<meta property=\"og:type\" content=\"article\" \/>\n<meta property=\"og:title\" content=\"Les actus cin\u00e9martinique 2020 - Cin\u00e9Martinique Festival\" \/>\n<meta property=\"og:description\" content=\"Les actus cin\u00e9martinique 2020\" \/>\n<meta property=\"og:url\" content=\"https:\/\/tropiques-atrium.fr\/cinemartinique\/les-actus-cinemartinique-2020\/\" \/>\n<meta property=\"og:site_name\" content=\"Cin\u00e9Martinique Festival\" \/>\n<meta property=\"article:modified_time\" content=\"2020-12-03T16:07:53+00:00\" \/>\n<meta name=\"twitter:card\" content=\"summary_large_image\" \/>\n<!-- \/ Yoast SEO plugin. -->","yoast_head_json":{"title":"Les actus cin\u00e9martinique 2020 - Cin\u00e9Martinique Festival","robots":{"index":"index","follow":"follow","max-snippet":"max-snippet:-1","max-image-preview":"max-image-preview:large","max-video-preview":"max-video-preview:-1"},"canonical":"https:\/\/tropiques-atrium.fr\/cinemartinique\/les-actus-cinemartinique-2020\/","og_locale":"fr_FR","og_type":"article","og_title":"Les actus cin\u00e9martinique 2020 - Cin\u00e9Martinique Festival","og_description":"Les actus cin\u00e9martinique 2020","og_url":"https:\/\/tropiques-atrium.fr\/cinemartinique\/les-actus-cinemartinique-2020\/","og_site_name":"Cin\u00e9Martinique Festival","article_modified_time":"2020-12-03T16:07:53+00:00","twitter_card":"summary_large_image","schema":{"@context":"https:\/\/schema.org","@graph":[{"@type":"WebPage","@id":"https:\/\/tropiques-atrium.fr\/cinemartinique\/les-actus-cinemartinique-2020\/","url":"https:\/\/tropiques-atrium.fr\/cinemartinique\/les-actus-cinemartinique-2020\/","name":"Les actus cin\u00e9martinique 2020 - Cin\u00e9Martinique Festival","isPartOf":{"@id":"https:\/\/tropiques-atrium.fr\/cinemartinique\/#website"},"datePublished":"2020-12-03T14:01:21+00:00","dateModified":"2020-12-03T16:07:53+00:00","breadcrumb":{"@id":"https:\/\/tropiques-atrium.fr\/cinemartinique\/les-actus-cinemartinique-2020\/#breadcrumb"},"inLanguage":"fr-FR","potentialAction":[{"@type":"ReadAction","target":["https:\/\/tropiques-atrium.fr\/cinemartinique\/les-actus-cinemartinique-2020\/"]}]},{"@type":"BreadcrumbList","@id":"https:\/\/tropiques-atrium.fr\/cinemartinique\/les-actus-cinemartinique-2020\/#breadcrumb","itemListElement":[{"@type":"ListItem","position":1,"name":"Accueil","item":"https:\/\/tropiques-atrium.fr\/cinemartinique\/"},{"@type":"ListItem","position":2,"name":"Les actus cin\u00e9martinique 2020"}]},{"@type":"WebSite","@id":"https:\/\/tropiques-atrium.fr\/cinemartinique\/#website","url":"https:\/\/tropiques-atrium.fr\/cinemartinique\/","name":"Cin\u00e9Martinique Festival","description":"","publisher":{"@id":"https:\/\/tropiques-atrium.fr\/cinemartinique\/#organization"},"potentialAction":[{"@type":"SearchAction","target":{"@type":"EntryPoint","urlTemplate":"https:\/\/tropiques-atrium.fr\/cinemartinique\/?s={search_term_string}"},"query-input":"required name=search_term_string"}],"inLanguage":"fr-FR"},{"@type":"Organization","@id":"https:\/\/tropiques-atrium.fr\/cinemartinique\/#organization","name":"Cin\u00e9Martinique Festival","url":"https:\/\/tropiques-atrium.fr\/cinemartinique\/","logo":{"@type":"ImageObject","inLanguage":"fr-FR","@id":"https:\/\/tropiques-atrium.fr\/cinemartinique\/#\/schema\/logo\/image\/","url":"https:\/\/tropiques-atrium.fr\/cinemartinique\/wp-content\/uploads\/sites\/3\/2022\/01\/CineMartinique-logo-1.png","contentUrl":"https:\/\/tropiques-atrium.fr\/cinemartinique\/wp-content\/uploads\/sites\/3\/2022\/01\/CineMartinique-logo-1.png","width":1205,"height":362,"caption":"Cin\u00e9Martinique Festival"},"image":{"@id":"https:\/\/tropiques-atrium.fr\/cinemartinique\/#\/schema\/logo\/image\/"}}]}},"amp_enabled":false,"_links":{"self":[{"href":"https:\/\/tropiques-atrium.fr\/cinemartinique\/wp-json\/wp\/v2\/pages\/3745"}],"collection":[{"href":"https:\/\/tropiques-atrium.fr\/cinemartinique\/wp-json\/wp\/v2\/pages"}],"about":[{"href":"https:\/\/tropiques-atrium.fr\/cinemartinique\/wp-json\/wp\/v2\/types\/page"}],"author":[{"embeddable":true,"href":"https:\/\/tropiques-atrium.fr\/cinemartinique\/wp-json\/wp\/v2\/users\/2"}],"replies":[{"embeddable":true,"href":"https:\/\/tropiques-atrium.fr\/cinemartinique\/wp-json\/wp\/v2\/comments?post=3745"}],"version-history":[{"count":4,"href":"https:\/\/tropiques-atrium.fr\/cinemartinique\/wp-json\/wp\/v2\/pages\/3745\/revisions"}],"predecessor-version":[{"id":3770,"href":"https:\/\/tropiques-atrium.fr\/cinemartinique\/wp-json\/wp\/v2\/pages\/3745\/revisions\/3770"}],"wp:attachment":[{"href":"https:\/\/tropiques-atrium.fr\/cinemartinique\/wp-json\/wp\/v2\/media?parent=3745"}],"curies":[{"name":"wp","href":"https:\/\/api.w.org\/{rel}","templated":true}]}}