{"id":13450,"date":"2023-10-03T02:07:40","date_gmt":"2023-10-03T00:07:40","guid":{"rendered":"https:\/\/tropiques-atrium.fr\/cinemartinique\/?page_id=13450"},"modified":"2024-10-05T00:48:31","modified_gmt":"2024-10-04T22:48:31","slug":"themas","status":"publish","type":"page","link":"https:\/\/tropiques-atrium.fr\/cinemartinique\/themas\/","title":{"rendered":"Th\u00e9mas"},"content":{"rendered":"\t\t<div data-elementor-type=\"wp-page\" data-elementor-id=\"13450\" class=\"elementor elementor-13450\" data-elementor-post-type=\"page\">\n\t\t\t\t\t\t<section class=\"elementor-section elementor-top-section elementor-element elementor-element-f8920a1 elementor-section-boxed elementor-section-height-default elementor-section-height-default\" data-id=\"f8920a1\" data-element_type=\"section\">\n\t\t\t\t\t\t<div class=\"elementor-container elementor-column-gap-default\">\n\t\t\t\t\t<div class=\"elementor-column elementor-col-100 elementor-top-column elementor-element elementor-element-f43c4d1\" data-id=\"f43c4d1\" data-element_type=\"column\">\n\t\t\t<div class=\"elementor-widget-wrap elementor-element-populated\">\n\t\t\t\t\t\t\t<\/div>\n\t\t<\/div>\n\t\t\t\t\t<\/div>\n\t\t<\/section>\n\t\t\t\t<section class=\"elementor-section elementor-top-section elementor-element elementor-element-409fcc0 elementor-section-boxed elementor-section-height-default elementor-section-height-default\" data-id=\"409fcc0\" data-element_type=\"section\">\n\t\t\t\t\t\t<div class=\"elementor-container elementor-column-gap-default\">\n\t\t\t\t\t<div class=\"elementor-column elementor-col-33 elementor-top-column elementor-element elementor-element-d7c82dd\" data-id=\"d7c82dd\" data-element_type=\"column\">\n\t\t\t<div class=\"elementor-widget-wrap elementor-element-populated\">\n\t\t\t\t\t\t<div class=\"elementor-element elementor-element-b676f06 elementor-widget elementor-widget-image\" data-id=\"b676f06\" data-element_type=\"widget\" data-widget_type=\"image.default\">\n\t\t\t\t<div class=\"elementor-widget-container\">\n\t\t\t\t\t\t\t\t\t\t\t\t\t\t<a href=\"https:\/\/tropiques-atrium.fr\/cinemartinique\/les-films-animation\/\">\n\t\t\t\t\t\t\t<img fetchpriority=\"high\" decoding=\"async\" width=\"1024\" height=\"1024\" src=\"https:\/\/tropiques-atrium.fr\/cinemartinique\/wp-content\/uploads\/sites\/3\/2024\/10\/anime.jpg\" class=\"attachment-large size-large wp-image-15194\" alt=\"\" srcset=\"https:\/\/tropiques-atrium.fr\/cinemartinique\/wp-content\/uploads\/sites\/3\/2024\/10\/anime.jpg 1024w, https:\/\/tropiques-atrium.fr\/cinemartinique\/wp-content\/uploads\/sites\/3\/2024\/10\/anime-300x300.jpg 300w, https:\/\/tropiques-atrium.fr\/cinemartinique\/wp-content\/uploads\/sites\/3\/2024\/10\/anime-150x150.jpg 150w, https:\/\/tropiques-atrium.fr\/cinemartinique\/wp-content\/uploads\/sites\/3\/2024\/10\/anime-768x768.jpg 768w, https:\/\/tropiques-atrium.fr\/cinemartinique\/wp-content\/uploads\/sites\/3\/2024\/10\/anime-100x100.jpg 100w, https:\/\/tropiques-atrium.fr\/cinemartinique\/wp-content\/uploads\/sites\/3\/2024\/10\/anime-585x585.jpg 585w, https:\/\/tropiques-atrium.fr\/cinemartinique\/wp-content\/uploads\/sites\/3\/2024\/10\/anime-220x220.jpg 220w, https:\/\/tropiques-atrium.fr\/cinemartinique\/wp-content\/uploads\/sites\/3\/2024\/10\/anime-80x80.jpg 80w\" sizes=\"(max-width: 1024px) 100vw, 1024px\" \/>\t\t\t\t\t\t\t\t<\/a>\n\t\t\t\t\t\t\t\t\t\t\t\t\t<\/div>\n\t\t\t\t<\/div>\n\t\t\t\t\t<\/div>\n\t\t<\/div>\n\t\t\t\t<div class=\"elementor-column elementor-col-33 elementor-top-column elementor-element elementor-element-54f0846\" data-id=\"54f0846\" data-element_type=\"column\">\n\t\t\t<div class=\"elementor-widget-wrap elementor-element-populated\">\n\t\t\t\t\t\t<div class=\"elementor-element elementor-element-31f6adc elementor-widget elementor-widget-image\" data-id=\"31f6adc\" data-element_type=\"widget\" data-widget_type=\"image.default\">\n\t\t\t\t<div class=\"elementor-widget-container\">\n\t\t\t\t\t\t\t\t\t\t\t\t\t\t<a href=\"https:\/\/tropiques-atrium.fr\/cinemartinique\/themas\/les-films-jeune-public\/\">\n\t\t\t\t\t\t\t<img decoding=\"async\" width=\"1024\" height=\"1024\" src=\"https:\/\/tropiques-atrium.fr\/cinemartinique\/wp-content\/uploads\/sites\/3\/2024\/10\/jeune.jpg\" class=\"attachment-large size-large wp-image-15193\" alt=\"\" srcset=\"https:\/\/tropiques-atrium.fr\/cinemartinique\/wp-content\/uploads\/sites\/3\/2024\/10\/jeune.jpg 1024w, https:\/\/tropiques-atrium.fr\/cinemartinique\/wp-content\/uploads\/sites\/3\/2024\/10\/jeune-300x300.jpg 300w, https:\/\/tropiques-atrium.fr\/cinemartinique\/wp-content\/uploads\/sites\/3\/2024\/10\/jeune-150x150.jpg 150w, https:\/\/tropiques-atrium.fr\/cinemartinique\/wp-content\/uploads\/sites\/3\/2024\/10\/jeune-768x768.jpg 768w, https:\/\/tropiques-atrium.fr\/cinemartinique\/wp-content\/uploads\/sites\/3\/2024\/10\/jeune-100x100.jpg 100w, https:\/\/tropiques-atrium.fr\/cinemartinique\/wp-content\/uploads\/sites\/3\/2024\/10\/jeune-585x585.jpg 585w, https:\/\/tropiques-atrium.fr\/cinemartinique\/wp-content\/uploads\/sites\/3\/2024\/10\/jeune-220x220.jpg 220w, https:\/\/tropiques-atrium.fr\/cinemartinique\/wp-content\/uploads\/sites\/3\/2024\/10\/jeune-80x80.jpg 80w\" sizes=\"(max-width: 1024px) 100vw, 1024px\" \/>\t\t\t\t\t\t\t\t<\/a>\n\t\t\t\t\t\t\t\t\t\t\t\t\t<\/div>\n\t\t\t\t<\/div>\n\t\t\t\t\t<\/div>\n\t\t<\/div>\n\t\t\t\t<div class=\"elementor-column elementor-col-33 elementor-top-column elementor-element elementor-element-2642ff9\" data-id=\"2642ff9\" data-element_type=\"column\">\n\t\t\t<div class=\"elementor-widget-wrap elementor-element-populated\">\n\t\t\t\t\t\t<div class=\"elementor-element elementor-element-6109039 elementor-widget elementor-widget-image\" data-id=\"6109039\" data-element_type=\"widget\" data-widget_type=\"image.default\">\n\t\t\t\t<div class=\"elementor-widget-container\">\n\t\t\t\t\t\t\t\t\t\t\t\t\t\t<a href=\"https:\/\/tropiques-atrium.fr\/cinemartinique\/themas\/les-court-metrages\/\">\n\t\t\t\t\t\t\t<img decoding=\"async\" width=\"1024\" height=\"1024\" src=\"https:\/\/tropiques-atrium.fr\/cinemartinique\/wp-content\/uploads\/sites\/3\/2024\/10\/courts_2.jpg\" class=\"attachment-large size-large wp-image-15187\" alt=\"\" srcset=\"https:\/\/tropiques-atrium.fr\/cinemartinique\/wp-content\/uploads\/sites\/3\/2024\/10\/courts_2.jpg 1024w, https:\/\/tropiques-atrium.fr\/cinemartinique\/wp-content\/uploads\/sites\/3\/2024\/10\/courts_2-300x300.jpg 300w, https:\/\/tropiques-atrium.fr\/cinemartinique\/wp-content\/uploads\/sites\/3\/2024\/10\/courts_2-150x150.jpg 150w, https:\/\/tropiques-atrium.fr\/cinemartinique\/wp-content\/uploads\/sites\/3\/2024\/10\/courts_2-768x768.jpg 768w, https:\/\/tropiques-atrium.fr\/cinemartinique\/wp-content\/uploads\/sites\/3\/2024\/10\/courts_2-100x100.jpg 100w, https:\/\/tropiques-atrium.fr\/cinemartinique\/wp-content\/uploads\/sites\/3\/2024\/10\/courts_2-585x585.jpg 585w, https:\/\/tropiques-atrium.fr\/cinemartinique\/wp-content\/uploads\/sites\/3\/2024\/10\/courts_2-220x220.jpg 220w, https:\/\/tropiques-atrium.fr\/cinemartinique\/wp-content\/uploads\/sites\/3\/2024\/10\/courts_2-80x80.jpg 80w\" sizes=\"(max-width: 1024px) 100vw, 1024px\" \/>\t\t\t\t\t\t\t\t<\/a>\n\t\t\t\t\t\t\t\t\t\t\t\t\t<\/div>\n\t\t\t\t<\/div>\n\t\t\t\t\t<\/div>\n\t\t<\/div>\n\t\t\t\t\t<\/div>\n\t\t<\/section>\n\t\t\t\t<section class=\"elementor-section elementor-top-section elementor-element elementor-element-f063fa8 elementor-section-boxed elementor-section-height-default elementor-section-height-default\" data-id=\"f063fa8\" data-element_type=\"section\">\n\t\t\t\t\t\t<div class=\"elementor-container elementor-column-gap-default\">\n\t\t\t\t\t<div class=\"elementor-column elementor-col-33 elementor-top-column elementor-element elementor-element-4548167\" data-id=\"4548167\" data-element_type=\"column\">\n\t\t\t<div class=\"elementor-widget-wrap elementor-element-populated\">\n\t\t\t\t\t\t<div class=\"elementor-element elementor-element-64dc7ba elementor-widget elementor-widget-image\" data-id=\"64dc7ba\" data-element_type=\"widget\" data-widget_type=\"image.default\">\n\t\t\t\t<div class=\"elementor-widget-container\">\n\t\t\t\t\t\t\t\t\t\t\t\t\t\t<a href=\"https:\/\/tropiques-atrium.fr\/cinemartinique\/themas\/les-longs-metrages\/\">\n\t\t\t\t\t\t\t<img loading=\"lazy\" decoding=\"async\" width=\"1024\" height=\"1024\" src=\"https:\/\/tropiques-atrium.fr\/cinemartinique\/wp-content\/uploads\/sites\/3\/2024\/10\/longs.jpg\" class=\"attachment-large size-large wp-image-15183\" alt=\"\" srcset=\"https:\/\/tropiques-atrium.fr\/cinemartinique\/wp-content\/uploads\/sites\/3\/2024\/10\/longs.jpg 1024w, https:\/\/tropiques-atrium.fr\/cinemartinique\/wp-content\/uploads\/sites\/3\/2024\/10\/longs-300x300.jpg 300w, https:\/\/tropiques-atrium.fr\/cinemartinique\/wp-content\/uploads\/sites\/3\/2024\/10\/longs-150x150.jpg 150w, https:\/\/tropiques-atrium.fr\/cinemartinique\/wp-content\/uploads\/sites\/3\/2024\/10\/longs-768x768.jpg 768w, https:\/\/tropiques-atrium.fr\/cinemartinique\/wp-content\/uploads\/sites\/3\/2024\/10\/longs-100x100.jpg 100w, https:\/\/tropiques-atrium.fr\/cinemartinique\/wp-content\/uploads\/sites\/3\/2024\/10\/longs-585x585.jpg 585w, https:\/\/tropiques-atrium.fr\/cinemartinique\/wp-content\/uploads\/sites\/3\/2024\/10\/longs-220x220.jpg 220w, https:\/\/tropiques-atrium.fr\/cinemartinique\/wp-content\/uploads\/sites\/3\/2024\/10\/longs-80x80.jpg 80w\" sizes=\"(max-width: 1024px) 100vw, 1024px\" \/>\t\t\t\t\t\t\t\t<\/a>\n\t\t\t\t\t\t\t\t\t\t\t\t\t<\/div>\n\t\t\t\t<\/div>\n\t\t\t\t\t<\/div>\n\t\t<\/div>\n\t\t\t\t<div class=\"elementor-column elementor-col-33 elementor-top-column elementor-element elementor-element-01a02a4\" data-id=\"01a02a4\" data-element_type=\"column\">\n\t\t\t<div class=\"elementor-widget-wrap elementor-element-populated\">\n\t\t\t\t\t\t<div class=\"elementor-element elementor-element-9abdabf elementor-widget elementor-widget-image\" data-id=\"9abdabf\" data-element_type=\"widget\" data-widget_type=\"image.default\">\n\t\t\t\t<div class=\"elementor-widget-container\">\n\t\t\t\t\t\t\t\t\t\t\t\t\t\t<a href=\"https:\/\/tropiques-atrium.fr\/cinemartinique\/les-competitions\/documentaires-en-competition\/\">\n\t\t\t\t\t\t\t<img loading=\"lazy\" decoding=\"async\" width=\"1024\" height=\"1024\" src=\"https:\/\/tropiques-atrium.fr\/cinemartinique\/wp-content\/uploads\/sites\/3\/2024\/10\/docs.jpg\" class=\"attachment-large size-large wp-image-15182\" alt=\"\" srcset=\"https:\/\/tropiques-atrium.fr\/cinemartinique\/wp-content\/uploads\/sites\/3\/2024\/10\/docs.jpg 1024w, https:\/\/tropiques-atrium.fr\/cinemartinique\/wp-content\/uploads\/sites\/3\/2024\/10\/docs-300x300.jpg 300w, https:\/\/tropiques-atrium.fr\/cinemartinique\/wp-content\/uploads\/sites\/3\/2024\/10\/docs-150x150.jpg 150w, https:\/\/tropiques-atrium.fr\/cinemartinique\/wp-content\/uploads\/sites\/3\/2024\/10\/docs-768x768.jpg 768w, https:\/\/tropiques-atrium.fr\/cinemartinique\/wp-content\/uploads\/sites\/3\/2024\/10\/docs-100x100.jpg 100w, https:\/\/tropiques-atrium.fr\/cinemartinique\/wp-content\/uploads\/sites\/3\/2024\/10\/docs-585x585.jpg 585w, https:\/\/tropiques-atrium.fr\/cinemartinique\/wp-content\/uploads\/sites\/3\/2024\/10\/docs-220x220.jpg 220w, https:\/\/tropiques-atrium.fr\/cinemartinique\/wp-content\/uploads\/sites\/3\/2024\/10\/docs-80x80.jpg 80w\" sizes=\"(max-width: 1024px) 100vw, 1024px\" \/>\t\t\t\t\t\t\t\t<\/a>\n\t\t\t\t\t\t\t\t\t\t\t\t\t<\/div>\n\t\t\t\t<\/div>\n\t\t\t\t\t<\/div>\n\t\t<\/div>\n\t\t\t\t<div class=\"elementor-column elementor-col-33 elementor-top-column elementor-element elementor-element-2b75236\" data-id=\"2b75236\" data-element_type=\"column\">\n\t\t\t<div class=\"elementor-widget-wrap elementor-element-populated\">\n\t\t\t\t\t\t<div class=\"elementor-element elementor-element-6946cfb elementor-widget elementor-widget-image\" data-id=\"6946cfb\" data-element_type=\"widget\" data-widget_type=\"image.default\">\n\t\t\t\t<div class=\"elementor-widget-container\">\n\t\t\t\t\t\t\t\t\t\t\t\t\t\t<a href=\"https:\/\/tropiques-atrium.fr\/cinemartinique\/les-competitions\/court-metrages-en-competition\/\">\n\t\t\t\t\t\t\t<img loading=\"lazy\" decoding=\"async\" width=\"1024\" height=\"1024\" src=\"https:\/\/tropiques-atrium.fr\/cinemartinique\/wp-content\/uploads\/sites\/3\/2024\/10\/courts.jpg\" class=\"attachment-large size-large wp-image-15180\" alt=\"\" srcset=\"https:\/\/tropiques-atrium.fr\/cinemartinique\/wp-content\/uploads\/sites\/3\/2024\/10\/courts.jpg 1024w, https:\/\/tropiques-atrium.fr\/cinemartinique\/wp-content\/uploads\/sites\/3\/2024\/10\/courts-300x300.jpg 300w, https:\/\/tropiques-atrium.fr\/cinemartinique\/wp-content\/uploads\/sites\/3\/2024\/10\/courts-150x150.jpg 150w, https:\/\/tropiques-atrium.fr\/cinemartinique\/wp-content\/uploads\/sites\/3\/2024\/10\/courts-768x768.jpg 768w, https:\/\/tropiques-atrium.fr\/cinemartinique\/wp-content\/uploads\/sites\/3\/2024\/10\/courts-100x100.jpg 100w, https:\/\/tropiques-atrium.fr\/cinemartinique\/wp-content\/uploads\/sites\/3\/2024\/10\/courts-585x585.jpg 585w, https:\/\/tropiques-atrium.fr\/cinemartinique\/wp-content\/uploads\/sites\/3\/2024\/10\/courts-220x220.jpg 220w, https:\/\/tropiques-atrium.fr\/cinemartinique\/wp-content\/uploads\/sites\/3\/2024\/10\/courts-80x80.jpg 80w\" sizes=\"(max-width: 1024px) 100vw, 1024px\" \/>\t\t\t\t\t\t\t\t<\/a>\n\t\t\t\t\t\t\t\t\t\t\t\t\t<\/div>\n\t\t\t\t<\/div>\n\t\t\t\t\t<\/div>\n\t\t<\/div>\n\t\t\t\t\t<\/div>\n\t\t<\/section>\n\t\t\t\t<section class=\"elementor-section elementor-top-section elementor-element elementor-element-3bbc7af elementor-section-boxed elementor-section-height-default elementor-section-height-default\" data-id=\"3bbc7af\" data-element_type=\"section\">\n\t\t\t\t\t\t<div class=\"elementor-container elementor-column-gap-default\">\n\t\t\t\t\t<div class=\"elementor-column elementor-col-100 elementor-top-column elementor-element elementor-element-02ff688\" data-id=\"02ff688\" data-element_type=\"column\">\n\t\t\t<div class=\"elementor-widget-wrap elementor-element-populated\">\n\t\t\t\t\t\t<div class=\"elementor-element elementor-element-b3d96d2 elementor-widget elementor-widget-text-editor\" data-id=\"b3d96d2\" data-element_type=\"widget\" data-widget_type=\"text-editor.default\">\n\t\t\t\t<div class=\"elementor-widget-container\">\n\t\t\t\t\t\t\t<p>Le Cin\u00e9martinique Festival 2023 met en valeur la diversit\u00e9 cin\u00e9matographique des rivages de tous les continents, l&#8217;Asie, l&#8217;Afrique, de l&#8217;Am\u00e9rique, les Cara\u00efbes.<\/p><p>Cet \u00e9v\u00e9nement est une c\u00e9l\u00e9bration de l&#8217;art narratif et visuel. Une plateforme o\u00f9 les visions du monde se rencontrent, dialoguent et tissent ensemble le tissu d&#8217;un patrimoine riche.<\/p><p><a href=\"https:\/\/tropiques-atrium.fr\/cinemartinique\/themas\/les-films-afro-americains\/\">Les Films Afro-Am\u00e9ricains sont \u00e0 l&#8217;honneur cette ann\u00e9e<\/a>, apportant avec eux des r\u00e9cits puissants qui explorent les racines, les luttes et les triomphes des Black du continent. Une plong\u00e9e dans des v\u00e9cus profonds, une exploration de l&#8217;identit\u00e9 et de la r\u00e9silience de cette communaut\u00e9 qui r\u00e9sonne au-del\u00e0 des fronti\u00e8res.<br \/>Les \u0153uvres carib\u00e9ennes sont une vague de cr\u00e9ativit\u00e9 qui refl\u00e8te la beaut\u00e9 et la complexit\u00e9 des cultures insulaires.<\/p><p>Les nouveaut\u00e9s et avant-premi\u00e8res sont les perles rares du festival, offrant aux spectateurs des p\u00e9pites cin\u00e9matographiques \u00e0 venir.\u00a0<\/p><p>Notre s\u00e9lection des films Jeune Public est une fen\u00eatre ouverte sur l&#8217;imaginaire.\u00a0 Ces films sont des graines sem\u00e9es dans les esprits jeunes.<\/p><p>Les films de Patrimoine sont un voyage dans le temps qui permet de red\u00e9couvrir nos joyaux. Passerelle entre le pass\u00e9 et le pr\u00e9sent.<\/p><p>Enfin, l&#8217;immersion offerte par la R\u00e9alit\u00e9 Virtuelle (VR) fait le pont vers un des futurs du cin\u00e9ma.<\/p><p>Les explorations en VR diffus\u00e9es cette ann\u00e9e, transcendent les conventions narratives traditionnelles. Venez d\u00e9couvrir une dimension interactive et immersive qui \u00e9largit les horizons de la storytelling.<\/p>\t\t\t\t\t\t<\/div>\n\t\t\t\t<\/div>\n\t\t\t\t\t<\/div>\n\t\t<\/div>\n\t\t\t\t\t<\/div>\n\t\t<\/section>\n\t\t\t\t<section class=\"elementor-section elementor-top-section elementor-element elementor-element-38044f0 elementor-section-boxed elementor-section-height-default elementor-section-height-default\" data-id=\"38044f0\" data-element_type=\"section\">\n\t\t\t\t\t\t<div class=\"elementor-container elementor-column-gap-default\">\n\t\t\t\t\t<div class=\"elementor-column elementor-col-50 elementor-top-column elementor-element elementor-element-56f29a7\" data-id=\"56f29a7\" data-element_type=\"column\">\n\t\t\t<div class=\"elementor-widget-wrap\">\n\t\t\t\t\t\t\t<\/div>\n\t\t<\/div>\n\t\t\t\t<div class=\"elementor-column elementor-col-50 elementor-top-column elementor-element elementor-element-dc90783\" data-id=\"dc90783\" data-element_type=\"column\">\n\t\t\t<div class=\"elementor-widget-wrap\">\n\t\t\t\t\t\t\t<\/div>\n\t\t<\/div>\n\t\t\t\t\t<\/div>\n\t\t<\/section>\n\t\t\t\t<\/div>\n\t\t","protected":false},"excerpt":{"rendered":"<p>Le Cin\u00e9martinique Festival 2023 met en valeur la diversit\u00e9 cin\u00e9matographique des rivages de tous les continents, l&#8217;Asie, l&#8217;Afrique, de l&#8217;Am\u00e9rique, les Cara\u00efbes. Cet \u00e9v\u00e9nement est une c\u00e9l\u00e9bration de l&#8217;art narratif et visuel. Une plateforme o\u00f9 les visions du monde se rencontrent, dialoguent et tissent ensemble le tissu d&#8217;un patrimoine riche. Les Films Afro-Am\u00e9ricains sont \u00e0 l&#8217;honneur cette ann\u00e9e, apportant avec eux des r\u00e9cits puissants qui explorent les racines, les luttes et les triomphes des Black du continent. Une plong\u00e9e dans des &#8230; <\/p>\n<p class=\"read-more-container\"><a title=\"Th\u00e9mas\" class=\"read-more button\" href=\"https:\/\/tropiques-atrium.fr\/cinemartinique\/themas\/#more-13450\" aria-label=\"Plus sur Th\u00e9mas\">En savoir +<\/a><\/p>\n","protected":false},"author":1,"featured_media":0,"parent":0,"menu_order":0,"comment_status":"closed","ping_status":"closed","template":"","meta":{"footnotes":""},"yoast_head":"<!-- This site is optimized with the Yoast SEO plugin v22.0 - https:\/\/yoast.com\/wordpress\/plugins\/seo\/ -->\n<title>Th\u00e9mas - Cin\u00e9Martinique Festival<\/title>\n<meta name=\"robots\" content=\"index, follow, max-snippet:-1, max-image-preview:large, max-video-preview:-1\" \/>\n<link rel=\"canonical\" href=\"https:\/\/tropiques-atrium.fr\/cinemartinique\/themas\/\" \/>\n<meta property=\"og:locale\" content=\"fr_FR\" \/>\n<meta property=\"og:type\" content=\"article\" \/>\n<meta property=\"og:title\" content=\"Th\u00e9mas - Cin\u00e9Martinique Festival\" \/>\n<meta property=\"og:description\" content=\"Le Cin\u00e9martinique Festival 2023 met en valeur la diversit\u00e9 cin\u00e9matographique des rivages de tous les continents, l&#8217;Asie, l&#8217;Afrique, de l&#8217;Am\u00e9rique, les Cara\u00efbes. Cet \u00e9v\u00e9nement est une c\u00e9l\u00e9bration de l&#8217;art narratif et visuel. Une plateforme o\u00f9 les visions du monde se rencontrent, dialoguent et tissent ensemble le tissu d&#8217;un patrimoine riche. Les Films Afro-Am\u00e9ricains sont \u00e0 l&#8217;honneur cette ann\u00e9e, apportant avec eux des r\u00e9cits puissants qui explorent les racines, les luttes et les triomphes des Black du continent. Une plong\u00e9e dans des ... En savoir +\" \/>\n<meta property=\"og:url\" content=\"https:\/\/tropiques-atrium.fr\/cinemartinique\/themas\/\" \/>\n<meta property=\"og:site_name\" content=\"Cin\u00e9Martinique Festival\" \/>\n<meta property=\"article:modified_time\" content=\"2024-10-04T22:48:31+00:00\" \/>\n<meta property=\"og:image\" content=\"https:\/\/tropiques-atrium.fr\/cinemartinique\/wp-content\/uploads\/sites\/3\/2024\/10\/anime.jpg\" \/>\n<meta name=\"twitter:card\" content=\"summary_large_image\" \/>\n<meta name=\"twitter:label1\" content=\"Dur\u00e9e de lecture estim\u00e9e\" \/>\n\t<meta name=\"twitter:data1\" content=\"3 minutes\" \/>\n<!-- \/ Yoast SEO plugin. -->","yoast_head_json":{"title":"Th\u00e9mas - Cin\u00e9Martinique Festival","robots":{"index":"index","follow":"follow","max-snippet":"max-snippet:-1","max-image-preview":"max-image-preview:large","max-video-preview":"max-video-preview:-1"},"canonical":"https:\/\/tropiques-atrium.fr\/cinemartinique\/themas\/","og_locale":"fr_FR","og_type":"article","og_title":"Th\u00e9mas - Cin\u00e9Martinique Festival","og_description":"Le Cin\u00e9martinique Festival 2023 met en valeur la diversit\u00e9 cin\u00e9matographique des rivages de tous les continents, l&#8217;Asie, l&#8217;Afrique, de l&#8217;Am\u00e9rique, les Cara\u00efbes. Cet \u00e9v\u00e9nement est une c\u00e9l\u00e9bration de l&#8217;art narratif et visuel. Une plateforme o\u00f9 les visions du monde se rencontrent, dialoguent et tissent ensemble le tissu d&#8217;un patrimoine riche. Les Films Afro-Am\u00e9ricains sont \u00e0 l&#8217;honneur cette ann\u00e9e, apportant avec eux des r\u00e9cits puissants qui explorent les racines, les luttes et les triomphes des Black du continent. Une plong\u00e9e dans des ... En savoir +","og_url":"https:\/\/tropiques-atrium.fr\/cinemartinique\/themas\/","og_site_name":"Cin\u00e9Martinique Festival","article_modified_time":"2024-10-04T22:48:31+00:00","og_image":[{"url":"https:\/\/tropiques-atrium.fr\/cinemartinique\/wp-content\/uploads\/sites\/3\/2024\/10\/anime.jpg"}],"twitter_card":"summary_large_image","twitter_misc":{"Dur\u00e9e de lecture estim\u00e9e":"3 minutes"},"schema":{"@context":"https:\/\/schema.org","@graph":[{"@type":"WebPage","@id":"https:\/\/tropiques-atrium.fr\/cinemartinique\/themas\/","url":"https:\/\/tropiques-atrium.fr\/cinemartinique\/themas\/","name":"Th\u00e9mas - Cin\u00e9Martinique Festival","isPartOf":{"@id":"https:\/\/tropiques-atrium.fr\/cinemartinique\/#website"},"datePublished":"2023-10-03T00:07:40+00:00","dateModified":"2024-10-04T22:48:31+00:00","breadcrumb":{"@id":"https:\/\/tropiques-atrium.fr\/cinemartinique\/themas\/#breadcrumb"},"inLanguage":"fr-FR","potentialAction":[{"@type":"ReadAction","target":["https:\/\/tropiques-atrium.fr\/cinemartinique\/themas\/"]}]},{"@type":"BreadcrumbList","@id":"https:\/\/tropiques-atrium.fr\/cinemartinique\/themas\/#breadcrumb","itemListElement":[{"@type":"ListItem","position":1,"name":"Accueil","item":"https:\/\/tropiques-atrium.fr\/cinemartinique\/"},{"@type":"ListItem","position":2,"name":"Th\u00e9mas"}]},{"@type":"WebSite","@id":"https:\/\/tropiques-atrium.fr\/cinemartinique\/#website","url":"https:\/\/tropiques-atrium.fr\/cinemartinique\/","name":"Cin\u00e9Martinique Festival","description":"","publisher":{"@id":"https:\/\/tropiques-atrium.fr\/cinemartinique\/#organization"},"potentialAction":[{"@type":"SearchAction","target":{"@type":"EntryPoint","urlTemplate":"https:\/\/tropiques-atrium.fr\/cinemartinique\/?s={search_term_string}"},"query-input":"required name=search_term_string"}],"inLanguage":"fr-FR"},{"@type":"Organization","@id":"https:\/\/tropiques-atrium.fr\/cinemartinique\/#organization","name":"Cin\u00e9Martinique Festival","url":"https:\/\/tropiques-atrium.fr\/cinemartinique\/","logo":{"@type":"ImageObject","inLanguage":"fr-FR","@id":"https:\/\/tropiques-atrium.fr\/cinemartinique\/#\/schema\/logo\/image\/","url":"https:\/\/tropiques-atrium.fr\/cinemartinique\/wp-content\/uploads\/sites\/3\/2022\/01\/CineMartinique-logo-1.png","contentUrl":"https:\/\/tropiques-atrium.fr\/cinemartinique\/wp-content\/uploads\/sites\/3\/2022\/01\/CineMartinique-logo-1.png","width":1205,"height":362,"caption":"Cin\u00e9Martinique Festival"},"image":{"@id":"https:\/\/tropiques-atrium.fr\/cinemartinique\/#\/schema\/logo\/image\/"}}]}},"amp_enabled":true,"_links":{"self":[{"href":"https:\/\/tropiques-atrium.fr\/cinemartinique\/wp-json\/wp\/v2\/pages\/13450"}],"collection":[{"href":"https:\/\/tropiques-atrium.fr\/cinemartinique\/wp-json\/wp\/v2\/pages"}],"about":[{"href":"https:\/\/tropiques-atrium.fr\/cinemartinique\/wp-json\/wp\/v2\/types\/page"}],"author":[{"embeddable":true,"href":"https:\/\/tropiques-atrium.fr\/cinemartinique\/wp-json\/wp\/v2\/users\/1"}],"replies":[{"embeddable":true,"href":"https:\/\/tropiques-atrium.fr\/cinemartinique\/wp-json\/wp\/v2\/comments?post=13450"}],"version-history":[{"count":40,"href":"https:\/\/tropiques-atrium.fr\/cinemartinique\/wp-json\/wp\/v2\/pages\/13450\/revisions"}],"predecessor-version":[{"id":15210,"href":"https:\/\/tropiques-atrium.fr\/cinemartinique\/wp-json\/wp\/v2\/pages\/13450\/revisions\/15210"}],"wp:attachment":[{"href":"https:\/\/tropiques-atrium.fr\/cinemartinique\/wp-json\/wp\/v2\/media?parent=13450"}],"curies":[{"name":"wp","href":"https:\/\/api.w.org\/{rel}","templated":true}]}}