{"id":12258,"date":"2022-10-12T13:51:14","date_gmt":"2022-10-12T11:51:14","guid":{"rendered":"https:\/\/tropiques-atrium.fr\/cinemartinique\/?page_id=12258"},"modified":"2022-10-12T21:54:46","modified_gmt":"2022-10-12T19:54:46","slug":"soiree-de-cloture-du-festival","status":"publish","type":"page","link":"https:\/\/tropiques-atrium.fr\/cinemartinique\/le-programme-complet-du-festival\/soiree-de-cloture-du-festival\/","title":{"rendered":"Soir\u00e9e de cl\u00f4ture du Festival"},"content":{"rendered":"\t\t<div data-elementor-type=\"wp-page\" data-elementor-id=\"12258\" class=\"elementor elementor-12258\" data-elementor-post-type=\"page\">\n\t\t\t\t\t\t<section class=\"elementor-section elementor-top-section elementor-element elementor-element-5f330ccf elementor-section-boxed elementor-section-height-default elementor-section-height-default\" data-id=\"5f330ccf\" data-element_type=\"section\">\n\t\t\t\t\t\t<div class=\"elementor-container elementor-column-gap-default\">\n\t\t\t\t\t<div class=\"elementor-column elementor-col-100 elementor-top-column elementor-element elementor-element-20fa4b8\" data-id=\"20fa4b8\" data-element_type=\"column\">\n\t\t\t<div class=\"elementor-widget-wrap elementor-element-populated\">\n\t\t\t\t\t\t<div class=\"elementor-element elementor-element-2b2f4ae7 elementor-align-left elementor-widget elementor-widget-breadcrumbs\" data-id=\"2b2f4ae7\" data-element_type=\"widget\" data-widget_type=\"breadcrumbs.default\">\n\t\t\t\t<div class=\"elementor-widget-container\">\n\t\t\t<p id=\"breadcrumbs\"><span><span><a href=\"https:\/\/tropiques-atrium.fr\/cinemartinique\/\">Accueil<\/a><\/span><\/span><\/p>\t\t<\/div>\n\t\t\t\t<\/div>\n\t\t\t\t<div class=\"elementor-element elementor-element-59268396 elementor-widget-divider--view-line elementor-widget elementor-widget-divider\" data-id=\"59268396\" data-element_type=\"widget\" data-widget_type=\"divider.default\">\n\t\t\t\t<div class=\"elementor-widget-container\">\n\t\t\t\t\t<div class=\"elementor-divider\">\n\t\t\t<span class=\"elementor-divider-separator\">\n\t\t\t\t\t\t<\/span>\n\t\t<\/div>\n\t\t\t\t<\/div>\n\t\t\t\t<\/div>\n\t\t\t\t\t<\/div>\n\t\t<\/div>\n\t\t\t\t\t<\/div>\n\t\t<\/section>\n\t\t\t\t<section class=\"elementor-section elementor-top-section elementor-element elementor-element-5c7d5e0 elementor-section-boxed elementor-section-height-default elementor-section-height-default\" data-id=\"5c7d5e0\" data-element_type=\"section\">\n\t\t\t\t\t\t<div class=\"elementor-container elementor-column-gap-default\">\n\t\t\t\t\t<div class=\"elementor-column elementor-col-100 elementor-top-column elementor-element elementor-element-dce65df\" data-id=\"dce65df\" data-element_type=\"column\">\n\t\t\t<div class=\"elementor-widget-wrap elementor-element-populated\">\n\t\t\t\t\t\t<div class=\"elementor-element elementor-element-3659664 elementor-widget elementor-widget-image\" data-id=\"3659664\" data-element_type=\"widget\" data-widget_type=\"image.default\">\n\t\t\t\t<div class=\"elementor-widget-container\">\n\t\t\t\t\t\t\t\t\t\t\t\t\t\t<a href=\"https:\/\/tropiques-atrium.fr\/cinemartinique\/wp-content\/uploads\/sites\/3\/2022\/10\/CineMque_Mag_OCT2022BAT-4.jpg\" data-elementor-open-lightbox=\"yes\" data-elementor-lightbox-title=\"CineMque_Mag_OCT2022BAT-4\" data-e-action-hash=\"#elementor-action%3Aaction%3Dlightbox%26settings%3DeyJpZCI6MTIxNTgsInVybCI6Imh0dHBzOlwvXC90cm9waXF1ZXMtYXRyaXVtLmZyXC9jaW5lbWFydGluaXF1ZVwvd3AtY29udGVudFwvdXBsb2Fkc1wvc2l0ZXNcLzNcLzIwMjJcLzEwXC9DaW5lTXF1ZV9NYWdfT0NUMjAyMkJBVC00LmpwZyJ9\">\n\t\t\t\t\t\t\t<img fetchpriority=\"high\" decoding=\"async\" width=\"846\" height=\"1024\" src=\"https:\/\/tropiques-atrium.fr\/cinemartinique\/wp-content\/uploads\/sites\/3\/2022\/10\/CineMque_Mag_OCT2022BAT-4-846x1024.jpg\" class=\"attachment-large size-large wp-image-12158\" alt=\"\" srcset=\"https:\/\/tropiques-atrium.fr\/cinemartinique\/wp-content\/uploads\/sites\/3\/2022\/10\/CineMque_Mag_OCT2022BAT-4-846x1024.jpg 846w, https:\/\/tropiques-atrium.fr\/cinemartinique\/wp-content\/uploads\/sites\/3\/2022\/10\/CineMque_Mag_OCT2022BAT-4-248x300.jpg 248w, https:\/\/tropiques-atrium.fr\/cinemartinique\/wp-content\/uploads\/sites\/3\/2022\/10\/CineMque_Mag_OCT2022BAT-4-768x929.jpg 768w, https:\/\/tropiques-atrium.fr\/cinemartinique\/wp-content\/uploads\/sites\/3\/2022\/10\/CineMque_Mag_OCT2022BAT-4-1269x1536.jpg 1269w, https:\/\/tropiques-atrium.fr\/cinemartinique\/wp-content\/uploads\/sites\/3\/2022\/10\/CineMque_Mag_OCT2022BAT-4.jpg 1280w\" sizes=\"(max-width: 846px) 100vw, 846px\" \/>\t\t\t\t\t\t\t\t<\/a>\n\t\t\t\t\t\t\t\t\t\t\t\t\t<\/div>\n\t\t\t\t<\/div>\n\t\t\t\t\t<\/div>\n\t\t<\/div>\n\t\t\t\t\t<\/div>\n\t\t<\/section>\n\t\t\t\t<\/div>\n\t\t","protected":false},"excerpt":{"rendered":"","protected":false},"author":1,"featured_media":0,"parent":12169,"menu_order":0,"comment_status":"closed","ping_status":"closed","template":"","meta":{"footnotes":""},"yoast_head":"<!-- This site is optimized with the Yoast SEO plugin v22.0 - https:\/\/yoast.com\/wordpress\/plugins\/seo\/ -->\n<title>Soir\u00e9e de cl\u00f4ture du Festival - Cin\u00e9Martinique Festival<\/title>\n<meta name=\"robots\" content=\"index, follow, max-snippet:-1, max-image-preview:large, max-video-preview:-1\" \/>\n<link rel=\"canonical\" href=\"https:\/\/tropiques-atrium.fr\/cinemartinique\/le-programme-complet-du-festival\/soiree-de-cloture-du-festival\/\" \/>\n<meta property=\"og:locale\" content=\"fr_FR\" \/>\n<meta property=\"og:type\" content=\"article\" \/>\n<meta property=\"og:title\" content=\"Soir\u00e9e de cl\u00f4ture du Festival - Cin\u00e9Martinique Festival\" \/>\n<meta property=\"og:url\" content=\"https:\/\/tropiques-atrium.fr\/cinemartinique\/le-programme-complet-du-festival\/soiree-de-cloture-du-festival\/\" \/>\n<meta property=\"og:site_name\" content=\"Cin\u00e9Martinique Festival\" \/>\n<meta property=\"article:modified_time\" content=\"2022-10-12T19:54:46+00:00\" \/>\n<meta property=\"og:image\" content=\"https:\/\/tropiques-atrium.fr\/cinemartinique\/wp-content\/uploads\/sites\/3\/2022\/10\/CineMque_Mag_OCT2022BAT-4-846x1024.jpg\" \/>\n<meta name=\"twitter:card\" content=\"summary_large_image\" \/>\n<meta name=\"twitter:label1\" content=\"Dur\u00e9e de lecture estim\u00e9e\" \/>\n\t<meta name=\"twitter:data1\" content=\"1 minute\" \/>\n<!-- \/ Yoast SEO plugin. -->","yoast_head_json":{"title":"Soir\u00e9e de cl\u00f4ture du Festival - Cin\u00e9Martinique Festival","robots":{"index":"index","follow":"follow","max-snippet":"max-snippet:-1","max-image-preview":"max-image-preview:large","max-video-preview":"max-video-preview:-1"},"canonical":"https:\/\/tropiques-atrium.fr\/cinemartinique\/le-programme-complet-du-festival\/soiree-de-cloture-du-festival\/","og_locale":"fr_FR","og_type":"article","og_title":"Soir\u00e9e de cl\u00f4ture du Festival - Cin\u00e9Martinique Festival","og_url":"https:\/\/tropiques-atrium.fr\/cinemartinique\/le-programme-complet-du-festival\/soiree-de-cloture-du-festival\/","og_site_name":"Cin\u00e9Martinique Festival","article_modified_time":"2022-10-12T19:54:46+00:00","og_image":[{"url":"https:\/\/tropiques-atrium.fr\/cinemartinique\/wp-content\/uploads\/sites\/3\/2022\/10\/CineMque_Mag_OCT2022BAT-4-846x1024.jpg"}],"twitter_card":"summary_large_image","twitter_misc":{"Dur\u00e9e de lecture estim\u00e9e":"1 minute"},"schema":{"@context":"https:\/\/schema.org","@graph":[{"@type":"WebPage","@id":"https:\/\/tropiques-atrium.fr\/cinemartinique\/le-programme-complet-du-festival\/soiree-de-cloture-du-festival\/","url":"https:\/\/tropiques-atrium.fr\/cinemartinique\/le-programme-complet-du-festival\/soiree-de-cloture-du-festival\/","name":"Soir\u00e9e de cl\u00f4ture du Festival - Cin\u00e9Martinique Festival","isPartOf":{"@id":"https:\/\/tropiques-atrium.fr\/cinemartinique\/#website"},"datePublished":"2022-10-12T11:51:14+00:00","dateModified":"2022-10-12T19:54:46+00:00","breadcrumb":{"@id":"https:\/\/tropiques-atrium.fr\/cinemartinique\/le-programme-complet-du-festival\/soiree-de-cloture-du-festival\/#breadcrumb"},"inLanguage":"fr-FR","potentialAction":[{"@type":"ReadAction","target":["https:\/\/tropiques-atrium.fr\/cinemartinique\/le-programme-complet-du-festival\/soiree-de-cloture-du-festival\/"]}]},{"@type":"BreadcrumbList","@id":"https:\/\/tropiques-atrium.fr\/cinemartinique\/le-programme-complet-du-festival\/soiree-de-cloture-du-festival\/#breadcrumb","itemListElement":[{"@type":"ListItem","position":1,"name":"Accueil","item":"https:\/\/tropiques-atrium.fr\/cinemartinique\/"},{"@type":"ListItem","position":2,"name":"Le programme complet du festival","item":"https:\/\/tropiques-atrium.fr\/cinemartinique\/le-programme-complet-du-festival\/"},{"@type":"ListItem","position":3,"name":"Soir\u00e9e de cl\u00f4ture du Festival"}]},{"@type":"WebSite","@id":"https:\/\/tropiques-atrium.fr\/cinemartinique\/#website","url":"https:\/\/tropiques-atrium.fr\/cinemartinique\/","name":"Cin\u00e9Martinique Festival","description":"","publisher":{"@id":"https:\/\/tropiques-atrium.fr\/cinemartinique\/#organization"},"potentialAction":[{"@type":"SearchAction","target":{"@type":"EntryPoint","urlTemplate":"https:\/\/tropiques-atrium.fr\/cinemartinique\/?s={search_term_string}"},"query-input":"required name=search_term_string"}],"inLanguage":"fr-FR"},{"@type":"Organization","@id":"https:\/\/tropiques-atrium.fr\/cinemartinique\/#organization","name":"Cin\u00e9Martinique Festival","url":"https:\/\/tropiques-atrium.fr\/cinemartinique\/","logo":{"@type":"ImageObject","inLanguage":"fr-FR","@id":"https:\/\/tropiques-atrium.fr\/cinemartinique\/#\/schema\/logo\/image\/","url":"https:\/\/tropiques-atrium.fr\/cinemartinique\/wp-content\/uploads\/sites\/3\/2022\/01\/CineMartinique-logo-1.png","contentUrl":"https:\/\/tropiques-atrium.fr\/cinemartinique\/wp-content\/uploads\/sites\/3\/2022\/01\/CineMartinique-logo-1.png","width":1205,"height":362,"caption":"Cin\u00e9Martinique Festival"},"image":{"@id":"https:\/\/tropiques-atrium.fr\/cinemartinique\/#\/schema\/logo\/image\/"}}]}},"amp_enabled":true,"_links":{"self":[{"href":"https:\/\/tropiques-atrium.fr\/cinemartinique\/wp-json\/wp\/v2\/pages\/12258"}],"collection":[{"href":"https:\/\/tropiques-atrium.fr\/cinemartinique\/wp-json\/wp\/v2\/pages"}],"about":[{"href":"https:\/\/tropiques-atrium.fr\/cinemartinique\/wp-json\/wp\/v2\/types\/page"}],"author":[{"embeddable":true,"href":"https:\/\/tropiques-atrium.fr\/cinemartinique\/wp-json\/wp\/v2\/users\/1"}],"replies":[{"embeddable":true,"href":"https:\/\/tropiques-atrium.fr\/cinemartinique\/wp-json\/wp\/v2\/comments?post=12258"}],"version-history":[{"count":11,"href":"https:\/\/tropiques-atrium.fr\/cinemartinique\/wp-json\/wp\/v2\/pages\/12258\/revisions"}],"predecessor-version":[{"id":12462,"href":"https:\/\/tropiques-atrium.fr\/cinemartinique\/wp-json\/wp\/v2\/pages\/12258\/revisions\/12462"}],"up":[{"embeddable":true,"href":"https:\/\/tropiques-atrium.fr\/cinemartinique\/wp-json\/wp\/v2\/pages\/12169"}],"wp:attachment":[{"href":"https:\/\/tropiques-atrium.fr\/cinemartinique\/wp-json\/wp\/v2\/media?parent=12258"}],"curies":[{"name":"wp","href":"https:\/\/api.w.org\/{rel}","templated":true}]}}