{"id":1219,"date":"2019-03-18T20:12:14","date_gmt":"2019-03-18T19:12:14","guid":{"rendered":"https:\/\/tropiques-atrium.fr\/rcm\/?page_id=1219"},"modified":"2019-03-26T18:33:41","modified_gmt":"2019-03-26T17:33:41","slug":"contacts","status":"publish","type":"page","link":"https:\/\/tropiques-atrium.fr\/cinemartinique\/contacts\/","title":{"rendered":"Contacts"},"content":{"rendered":"\t\t<div data-elementor-type=\"wp-post\" data-elementor-id=\"1219\" class=\"elementor elementor-1219 elementor-bc-flex-widget\" data-elementor-post-type=\"page\">\n\t\t\t\t\t\t<section class=\"elementor-section elementor-top-section elementor-element elementor-element-932e8ae elementor-section-boxed elementor-section-height-default elementor-section-height-default\" data-id=\"932e8ae\" data-element_type=\"section\">\n\t\t\t\t\t\t<div class=\"elementor-container elementor-column-gap-default\">\n\t\t\t\t\t<div class=\"elementor-column elementor-col-66 elementor-top-column elementor-element elementor-element-74bd98a\" data-id=\"74bd98a\" data-element_type=\"column\">\n\t\t\t<div class=\"elementor-widget-wrap elementor-element-populated\">\n\t\t\t\t\t\t<div class=\"elementor-element elementor-element-3979947 elementor-widget elementor-widget-spacer\" data-id=\"3979947\" data-element_type=\"widget\" data-widget_type=\"spacer.default\">\n\t\t\t\t<div class=\"elementor-widget-container\">\n\t\t\t\t\t<div class=\"elementor-spacer\">\n\t\t\t<div class=\"elementor-spacer-inner\"><\/div>\n\t\t<\/div>\n\t\t\t\t<\/div>\n\t\t\t\t<\/div>\n\t\t\t\t<div class=\"elementor-element elementor-element-93292c5 elementor-widget elementor-widget-heading\" data-id=\"93292c5\" data-element_type=\"widget\" data-widget_type=\"heading.default\">\n\t\t\t\t<div class=\"elementor-widget-container\">\n\t\t\t<h2 class=\"elementor-heading-title elementor-size-default\">Contacts :<\/h2>\t\t<\/div>\n\t\t\t\t<\/div>\n\t\t\t\t<div class=\"elementor-element elementor-element-30e855c elementor-widget elementor-widget-spacer\" data-id=\"30e855c\" data-element_type=\"widget\" data-widget_type=\"spacer.default\">\n\t\t\t\t<div class=\"elementor-widget-container\">\n\t\t\t\t\t<div class=\"elementor-spacer\">\n\t\t\t<div class=\"elementor-spacer-inner\"><\/div>\n\t\t<\/div>\n\t\t\t\t<\/div>\n\t\t\t\t<\/div>\n\t\t\t\t<div class=\"elementor-element elementor-element-0657b6b elementor-widget elementor-widget-text-editor\" data-id=\"0657b6b\" data-element_type=\"widget\" data-widget_type=\"text-editor.default\">\n\t\t\t\t<div class=\"elementor-widget-container\">\n\t\t\t\t\t\t\t<h1 style=\"font-family: -apple-system, system-ui, BlinkMacSystemFont, 'Segoe UI', Helvetica, Arial, sans-serif, 'Apple Color Emoji', 'Segoe UI Emoji', 'Segoe UI Symbol'; font-style: normal; text-align: center;\"><strong>Billetterie : 0596 70 79 29<\/strong><\/h1><h1 style=\"font-family: -apple-system, system-ui, BlinkMacSystemFont, 'Segoe UI', Helvetica, Arial, sans-serif, 'Apple Color Emoji', 'Segoe UI Emoji', 'Segoe UI Symbol'; font-style: normal; text-align: center;\"><strong>Mail :\u00a0<a href=\"mailto:rcmfestival@gmail.com\">rcmfestival@gmail.com<\/a><\/strong><\/h1>\t\t\t\t\t\t<\/div>\n\t\t\t\t<\/div>\n\t\t\t\t\t<\/div>\n\t\t<\/div>\n\t\t\t\t<div class=\"elementor-column elementor-col-33 elementor-top-column elementor-element elementor-element-963047e\" data-id=\"963047e\" data-element_type=\"column\">\n\t\t\t<div class=\"elementor-widget-wrap elementor-element-populated\">\n\t\t\t\t\t\t<div class=\"elementor-element elementor-element-3b7d635 elementor-search-form--skin-classic elementor-search-form--button-type-icon elementor-search-form--icon-search elementor-widget elementor-widget-search-form\" data-id=\"3b7d635\" data-element_type=\"widget\" data-settings=\"{&quot;skin&quot;:&quot;classic&quot;}\" data-widget_type=\"search-form.default\">\n\t\t\t\t<div class=\"elementor-widget-container\">\n\t\t\t\t\t<search role=\"search\">\n\t\t\t<form class=\"elementor-search-form\" action=\"https:\/\/tropiques-atrium.fr\/cinemartinique\" method=\"get\">\n\t\t\t\t\t\t\t\t\t\t\t\t<div class=\"elementor-search-form__container\">\n\t\t\t\t\t<label class=\"elementor-screen-only\" for=\"elementor-search-form-3b7d635\">Rechercher <\/label>\n\n\t\t\t\t\t\n\t\t\t\t\t<input id=\"elementor-search-form-3b7d635\" placeholder=\"Rechercher ...\" class=\"elementor-search-form__input\" type=\"search\" name=\"s\" value=\"\">\n\t\t\t\t\t\n\t\t\t\t\t\t\t\t\t\t\t<button class=\"elementor-search-form__submit\" type=\"submit\" aria-label=\"Rechercher \">\n\t\t\t\t\t\t\t\t\t\t\t\t\t\t\t<i aria-hidden=\"true\" class=\"fas fa-search\"><\/i>\t\t\t\t\t\t\t\t<span class=\"elementor-screen-only\">Rechercher <\/span>\n\t\t\t\t\t\t\t\t\t\t\t\t\t<\/button>\n\t\t\t\t\t\n\t\t\t\t\t\t\t\t\t<\/div>\n\t\t\t<\/form>\n\t\t<\/search>\n\t\t\t\t<\/div>\n\t\t\t\t<\/div>\n\t\t\t\t<div class=\"elementor-element elementor-element-9d130a4 elementor-widget elementor-widget-heading\" data-id=\"9d130a4\" data-element_type=\"widget\" data-widget_type=\"heading.default\">\n\t\t\t\t<div class=\"elementor-widget-container\">\n\t\t\t<h3 class=\"elementor-heading-title elementor-size-default\">Les news des Rencontres<\/h3>\t\t<\/div>\n\t\t\t\t<\/div>\n\t\t\t\t<div class=\"elementor-element elementor-element-eac0689 elementor-grid-1 elementor-grid-tablet-2 elementor-grid-mobile-1 elementor-posts--thumbnail-top elementor-card-shadow-yes elementor-posts__hover-gradient elementor-widget elementor-widget-posts\" data-id=\"eac0689\" data-element_type=\"widget\" data-settings=\"{&quot;cards_columns&quot;:&quot;1&quot;,&quot;cards_row_gap&quot;:{&quot;unit&quot;:&quot;px&quot;,&quot;size&quot;:10,&quot;sizes&quot;:[]},&quot;pagination_type&quot;:&quot;numbers&quot;,&quot;cards_columns_tablet&quot;:&quot;2&quot;,&quot;cards_columns_mobile&quot;:&quot;1&quot;,&quot;cards_row_gap_tablet&quot;:{&quot;unit&quot;:&quot;px&quot;,&quot;size&quot;:&quot;&quot;,&quot;sizes&quot;:[]},&quot;cards_row_gap_mobile&quot;:{&quot;unit&quot;:&quot;px&quot;,&quot;size&quot;:&quot;&quot;,&quot;sizes&quot;:[]}}\" data-widget_type=\"posts.cards\">\n\t\t\t\t<div class=\"elementor-widget-container\">\n\t\t\t\t\t<div class=\"elementor-posts-container elementor-posts elementor-posts--skin-cards elementor-grid\">\n\t\t\t\t<article class=\"elementor-post elementor-grid-item post-15830 post type-post status-publish format-standard has-post-thumbnail hentry category-actualites infinite-scroll-item\">\n\t\t\t<div class=\"elementor-post__card\">\n\t\t\t\t<a class=\"elementor-post__thumbnail__link\" href=\"https:\/\/tropiques-atrium.fr\/cinemartinique\/2025\/10\/29\/le-palmares-de-lespri-sinema\/\" tabindex=\"-1\" ><div class=\"elementor-post__thumbnail\"><img fetchpriority=\"high\" decoding=\"async\" width=\"300\" height=\"188\" src=\"https:\/\/tropiques-atrium.fr\/cinemartinique\/wp-content\/uploads\/sites\/3\/2019\/03\/Le-palmares-de-Lespri-Sinema-2025-Tropiques-Atrium-1-300x188.jpg\" class=\"attachment-medium size-medium wp-image-15829\" alt=\"\" srcset=\"https:\/\/tropiques-atrium.fr\/cinemartinique\/wp-content\/uploads\/sites\/3\/2019\/03\/Le-palmares-de-Lespri-Sinema-2025-Tropiques-Atrium-1-300x188.jpg 300w, https:\/\/tropiques-atrium.fr\/cinemartinique\/wp-content\/uploads\/sites\/3\/2019\/03\/Le-palmares-de-Lespri-Sinema-2025-Tropiques-Atrium-1-1024x640.jpg 1024w, https:\/\/tropiques-atrium.fr\/cinemartinique\/wp-content\/uploads\/sites\/3\/2019\/03\/Le-palmares-de-Lespri-Sinema-2025-Tropiques-Atrium-1-768x480.jpg 768w, https:\/\/tropiques-atrium.fr\/cinemartinique\/wp-content\/uploads\/sites\/3\/2019\/03\/Le-palmares-de-Lespri-Sinema-2025-Tropiques-Atrium-1-1536x960.jpg 1536w, https:\/\/tropiques-atrium.fr\/cinemartinique\/wp-content\/uploads\/sites\/3\/2019\/03\/Le-palmares-de-Lespri-Sinema-2025-Tropiques-Atrium-1-420x265.jpg 420w, https:\/\/tropiques-atrium.fr\/cinemartinique\/wp-content\/uploads\/sites\/3\/2019\/03\/Le-palmares-de-Lespri-Sinema-2025-Tropiques-Atrium-1-585x366.jpg 585w, https:\/\/tropiques-atrium.fr\/cinemartinique\/wp-content\/uploads\/sites\/3\/2019\/03\/Le-palmares-de-Lespri-Sinema-2025-Tropiques-Atrium-1.jpg 1600w\" sizes=\"(max-width: 300px) 100vw, 300px\" \/><\/div><\/a>\n\t\t\t\t<div class=\"elementor-post__text\">\n\t\t\t\t<h3 class=\"elementor-post__title\">\n\t\t\t<a href=\"https:\/\/tropiques-atrium.fr\/cinemartinique\/2025\/10\/29\/le-palmares-de-lespri-sinema\/\" >\n\t\t\t\tLe palmar\u00e8s de Lespri Sin\u00e9ma\t\t\t<\/a>\n\t\t<\/h3>\n\t\t\t\t<div class=\"elementor-post__excerpt\">\n\t\t\t<p>Cat\u00e9gorie Documentaire : Mention Sp\u00e9ciale du JuryCE FEU QUON TAIT \/ fragments d&#8217;une jeunesse queerde Antoinette GIRET et Julien BONNAIRE Prix du juryKOUKEKOUT de Jospeh HILLEL prix offert par Le Grand PrixAL OESTE EN ZAPATA de Divad BIM prix offert par Cat\u00e9gorie Court-M\u00e9trage : Prix du PublicADAN NANM EK KO de Ella MOUN prix offert par Prix du Jury JeuneA RIVER HOLDS A PERFECT MEMORY de Hope STRICKLAND Mention Sp\u00e9ciale du JuryADAN NANM EK KO de Ella MOUN prix offert par<\/p>\n\t\t<\/div>\n\t\t\n\t\t<a class=\"elementor-post__read-more\" href=\"https:\/\/tropiques-atrium.fr\/cinemartinique\/2025\/10\/29\/le-palmares-de-lespri-sinema\/\" aria-label=\"En savoir plus sur Le palmar\u00e8s de Lespri Sin\u00e9ma\" tabindex=\"-1\" >\n\t\t\tLire plus \u00bb\t\t<\/a>\n\n\t\t\t\t<\/div>\n\t\t\t\t\t<\/div>\n\t\t<\/article>\n\t\t\t\t<article class=\"elementor-post elementor-grid-item post-15818 post type-post status-publish format-standard has-post-thumbnail hentry category-545 category-actualites-2025 infinite-scroll-item\">\n\t\t\t<div class=\"elementor-post__card\">\n\t\t\t\t<a class=\"elementor-post__thumbnail__link\" href=\"https:\/\/tropiques-atrium.fr\/cinemartinique\/2025\/10\/21\/la-vr-a-tropiques-atrium-pendant-lespri-sinema-2025\/\" tabindex=\"-1\" ><div class=\"elementor-post__thumbnail\"><img decoding=\"async\" width=\"300\" height=\"188\" src=\"https:\/\/tropiques-atrium.fr\/cinemartinique\/wp-content\/uploads\/sites\/3\/2025\/10\/2025-10-20-Lespri-Sinema-VR-\u00a9showda-05-300x188.jpg\" class=\"attachment-medium size-medium wp-image-15825\" alt=\"\" srcset=\"https:\/\/tropiques-atrium.fr\/cinemartinique\/wp-content\/uploads\/sites\/3\/2025\/10\/2025-10-20-Lespri-Sinema-VR-\u00a9showda-05-300x188.jpg 300w, https:\/\/tropiques-atrium.fr\/cinemartinique\/wp-content\/uploads\/sites\/3\/2025\/10\/2025-10-20-Lespri-Sinema-VR-\u00a9showda-05-1024x640.jpg 1024w, https:\/\/tropiques-atrium.fr\/cinemartinique\/wp-content\/uploads\/sites\/3\/2025\/10\/2025-10-20-Lespri-Sinema-VR-\u00a9showda-05-768x480.jpg 768w, https:\/\/tropiques-atrium.fr\/cinemartinique\/wp-content\/uploads\/sites\/3\/2025\/10\/2025-10-20-Lespri-Sinema-VR-\u00a9showda-05-1536x960.jpg 1536w, https:\/\/tropiques-atrium.fr\/cinemartinique\/wp-content\/uploads\/sites\/3\/2025\/10\/2025-10-20-Lespri-Sinema-VR-\u00a9showda-05-420x265.jpg 420w, https:\/\/tropiques-atrium.fr\/cinemartinique\/wp-content\/uploads\/sites\/3\/2025\/10\/2025-10-20-Lespri-Sinema-VR-\u00a9showda-05-585x366.jpg 585w, https:\/\/tropiques-atrium.fr\/cinemartinique\/wp-content\/uploads\/sites\/3\/2025\/10\/2025-10-20-Lespri-Sinema-VR-\u00a9showda-05.jpg 2000w\" sizes=\"(max-width: 300px) 100vw, 300px\" \/><\/div><\/a>\n\t\t\t\t<div class=\"elementor-post__text\">\n\t\t\t\t<h3 class=\"elementor-post__title\">\n\t\t\t<a href=\"https:\/\/tropiques-atrium.fr\/cinemartinique\/2025\/10\/21\/la-vr-a-tropiques-atrium-pendant-lespri-sinema-2025\/\" >\n\t\t\t\tLa VR \u00e0 Tropiques Atrium pendant Lespri Sin\u00e9ma 2025\t\t\t<\/a>\n\t\t<\/h3>\n\t\t\t\t<div class=\"elementor-post__excerpt\">\n\t\t\t<p>D\u00e9couvrez nos films en R\u00e9alit\u00e9 Virtuelle \u00e0 Tropiques Atrium S\u00e9ances tous les jours durant Lespri Sin\u00e9ma, de 16h \u00e0 19h, \u00e0 la biblioth\u00e8que de Tropiques Atrium, avec les films : Dream Builders Arnaud Desjardins | France, 2021, 8 min. Un jardin entour\u00e9 de brume\u2026 Une gigantesque coupole monumentale appara\u00eetlentement devant nos yeux. La sph\u00e8re qui \u00e9merge devant nous est appel\u00e9e leC\u00e9notaphe pour Isaac Newton et n\u2019a jamais \u00e9t\u00e9 construite. L&#8217;oubli que nous serons Jonathan Hagard | Japon, 2024, 8 min. Explorez<\/p>\n\t\t<\/div>\n\t\t\n\t\t<a class=\"elementor-post__read-more\" href=\"https:\/\/tropiques-atrium.fr\/cinemartinique\/2025\/10\/21\/la-vr-a-tropiques-atrium-pendant-lespri-sinema-2025\/\" aria-label=\"En savoir plus sur La VR \u00e0 Tropiques Atrium pendant Lespri Sin\u00e9ma 2025\" tabindex=\"-1\" >\n\t\t\tLire plus \u00bb\t\t<\/a>\n\n\t\t\t\t<\/div>\n\t\t\t\t\t<\/div>\n\t\t<\/article>\n\t\t\t\t<article class=\"elementor-post elementor-grid-item post-15554 post type-post status-publish format-standard has-post-thumbnail hentry category-545 category-actualites-2025 tag-atelier tag-lesprisinema tag-lesprisinema2025 infinite-scroll-item\">\n\t\t\t<div class=\"elementor-post__card\">\n\t\t\t\t<a class=\"elementor-post__thumbnail__link\" href=\"https:\/\/tropiques-atrium.fr\/cinemartinique\/2025\/10\/08\/atelier-de-realisation-pour-les-12-14-ans\/\" tabindex=\"-1\" ><div class=\"elementor-post__thumbnail\"><img decoding=\"async\" width=\"300\" height=\"200\" src=\"https:\/\/tropiques-atrium.fr\/cinemartinique\/wp-content\/uploads\/sites\/3\/2019\/03\/Atelier-Jeunes-Lespri-Sinema-25-Tropiques-Atrium-01-300x200.jpg\" class=\"attachment-medium size-medium wp-image-15549\" alt=\"\" srcset=\"https:\/\/tropiques-atrium.fr\/cinemartinique\/wp-content\/uploads\/sites\/3\/2019\/03\/Atelier-Jeunes-Lespri-Sinema-25-Tropiques-Atrium-01-300x200.jpg 300w, https:\/\/tropiques-atrium.fr\/cinemartinique\/wp-content\/uploads\/sites\/3\/2019\/03\/Atelier-Jeunes-Lespri-Sinema-25-Tropiques-Atrium-01-1024x683.jpg 1024w, https:\/\/tropiques-atrium.fr\/cinemartinique\/wp-content\/uploads\/sites\/3\/2019\/03\/Atelier-Jeunes-Lespri-Sinema-25-Tropiques-Atrium-01-768x512.jpg 768w, https:\/\/tropiques-atrium.fr\/cinemartinique\/wp-content\/uploads\/sites\/3\/2019\/03\/Atelier-Jeunes-Lespri-Sinema-25-Tropiques-Atrium-01-585x390.jpg 585w, https:\/\/tropiques-atrium.fr\/cinemartinique\/wp-content\/uploads\/sites\/3\/2019\/03\/Atelier-Jeunes-Lespri-Sinema-25-Tropiques-Atrium-01.jpg 1345w\" sizes=\"(max-width: 300px) 100vw, 300px\" \/><\/div><\/a>\n\t\t\t\t<div class=\"elementor-post__text\">\n\t\t\t\t<h3 class=\"elementor-post__title\">\n\t\t\t<a href=\"https:\/\/tropiques-atrium.fr\/cinemartinique\/2025\/10\/08\/atelier-de-realisation-pour-les-12-14-ans\/\" >\n\t\t\t\tAtelier de r\u00e9alisation, pour les 12-14 ans\t\t\t<\/a>\n\t\t<\/h3>\n\t\t\t\t<div class=\"elementor-post__excerpt\">\n\t\t\t<p>Et si tu passais derri\u00e8re la cam\u00e9ra ! Dans le cadre de&nbsp;Lespri Sin\u00e9ma, Tropiques Atrium propose un atelier de r\u00e9alisation sp\u00e9cialement con\u00e7u pour les 12-14 ans. Encadr\u00e9s par Nadia Charlery, r\u00e9alisatrice et directrice de casting, les participants d\u00e9couvriront les bases de la mise en sc\u00e8ne, du tournage et de la direction d\u2019acteurs \u00e0 travers une exp\u00e9rience ludique et cr\u00e9ative. \ud83d\udcc5 21, 22 et 23 octobre \u2013 de 9h \u00e0 12h\ud83d\udccd Tropiques Atrium Sc\u00e8ne nationale\ud83d\udcb6 Tarif : 90 \u20ac \ud83d\udce7 Inscriptions :<\/p>\n\t\t<\/div>\n\t\t\n\t\t<a class=\"elementor-post__read-more\" href=\"https:\/\/tropiques-atrium.fr\/cinemartinique\/2025\/10\/08\/atelier-de-realisation-pour-les-12-14-ans\/\" aria-label=\"En savoir plus sur Atelier de r\u00e9alisation, pour les 12-14 ans\" tabindex=\"-1\" >\n\t\t\tLire plus \u00bb\t\t<\/a>\n\n\t\t\t\t<\/div>\n\t\t\t\t\t<\/div>\n\t\t<\/article>\n\t\t\t\t<article class=\"elementor-post elementor-grid-item post-15386 post type-post status-publish format-standard has-post-thumbnail hentry category-actualites infinite-scroll-item\">\n\t\t\t<div class=\"elementor-post__card\">\n\t\t\t\t<a class=\"elementor-post__thumbnail__link\" href=\"https:\/\/tropiques-atrium.fr\/cinemartinique\/2024\/10\/22\/les-laureats-lespri-sinema-2024\/\" tabindex=\"-1\" ><div class=\"elementor-post__thumbnail\"><img loading=\"lazy\" decoding=\"async\" width=\"300\" height=\"200\" src=\"https:\/\/tropiques-atrium.fr\/cinemartinique\/wp-content\/uploads\/sites\/3\/2019\/03\/2024-10-19-Remise-des-prix-Lespri-Sinema-\u00a9showda-24-300x200.jpg\" class=\"attachment-medium size-medium wp-image-15393\" alt=\"\" srcset=\"https:\/\/tropiques-atrium.fr\/cinemartinique\/wp-content\/uploads\/sites\/3\/2019\/03\/2024-10-19-Remise-des-prix-Lespri-Sinema-\u00a9showda-24-300x200.jpg 300w, https:\/\/tropiques-atrium.fr\/cinemartinique\/wp-content\/uploads\/sites\/3\/2019\/03\/2024-10-19-Remise-des-prix-Lespri-Sinema-\u00a9showda-24-1024x683.jpg 1024w, https:\/\/tropiques-atrium.fr\/cinemartinique\/wp-content\/uploads\/sites\/3\/2019\/03\/2024-10-19-Remise-des-prix-Lespri-Sinema-\u00a9showda-24-768x512.jpg 768w, https:\/\/tropiques-atrium.fr\/cinemartinique\/wp-content\/uploads\/sites\/3\/2019\/03\/2024-10-19-Remise-des-prix-Lespri-Sinema-\u00a9showda-24-1536x1024.jpg 1536w, https:\/\/tropiques-atrium.fr\/cinemartinique\/wp-content\/uploads\/sites\/3\/2019\/03\/2024-10-19-Remise-des-prix-Lespri-Sinema-\u00a9showda-24-2048x1365.jpg 2048w, https:\/\/tropiques-atrium.fr\/cinemartinique\/wp-content\/uploads\/sites\/3\/2019\/03\/2024-10-19-Remise-des-prix-Lespri-Sinema-\u00a9showda-24-585x390.jpg 585w\" sizes=\"(max-width: 300px) 100vw, 300px\" \/><\/div><\/a>\n\t\t\t\t<div class=\"elementor-post__text\">\n\t\t\t\t<h3 class=\"elementor-post__title\">\n\t\t\t<a href=\"https:\/\/tropiques-atrium.fr\/cinemartinique\/2024\/10\/22\/les-laureats-lespri-sinema-2024\/\" >\n\t\t\t\tLes laureats Lespri Sin\u00e9ma 2024\t\t\t<\/a>\n\t\t<\/h3>\n\t\t\t\t<div class=\"elementor-post__excerpt\">\n\t\t\t<p>Mention Sp\u00e9ciale Court-m\u00e9trage P\u00e1ssaro Mem\u00f3ria : A bird called MemoryDe L\u00e9onardo Martinelli &#8211; Br\u00e9sil Prix Coup de C\u0153ur Court-m\u00e9trage Le g\u00e9nieDe Enricka M.H &#8211; France Prix Antilles-Guyane Court-m\u00e9trage BonnarienDe Adiel Goliot &#8211; Guyane Grand prix Court-m\u00e9trage Des r\u00eaves en bateau papierDe Samuel Suffren &#8211; Ha\u00efti Prix Coup de C\u0153ur Documentaire The Enignma of Sonny LadooDe Richard Fung &#8211; Trinidad et Tobago | Canada Prix Antilles-Guyane Documentaire L&#8217;homme-vertigeDe Malaury Eloi Paisley &#8211; France Grand prix Documentaire Kout\u00e9 vwaDe Maxime Jean-Baptiste &#8211; Belgique,<\/p>\n\t\t<\/div>\n\t\t\n\t\t<a class=\"elementor-post__read-more\" href=\"https:\/\/tropiques-atrium.fr\/cinemartinique\/2024\/10\/22\/les-laureats-lespri-sinema-2024\/\" aria-label=\"En savoir plus sur Les laureats Lespri Sin\u00e9ma 2024\" tabindex=\"-1\" >\n\t\t\tLire plus \u00bb\t\t<\/a>\n\n\t\t\t\t<\/div>\n\t\t\t\t\t<\/div>\n\t\t<\/article>\n\t\t\t\t<\/div>\n\t\t\n\t\t\t\t<div class=\"e-load-more-anchor\" data-page=\"1\" data-max-page=\"34\" data-next-page=\"https:\/\/tropiques-atrium.fr\/cinemartinique\/wp-json\/wp\/v2\/pages\/1219\/page\/2\/\"><\/div>\n\t\t\t\t<nav class=\"elementor-pagination\" aria-label=\"Pagination\">\n\t\t\t<span aria-current=\"page\" class=\"page-numbers current\"><span class=\"elementor-screen-only\">Page<\/span>1<\/span>\n<a class=\"page-numbers\" href=\"https:\/\/tropiques-atrium.fr\/cinemartinique\/wp-json\/wp\/v2\/pages\/1219\/page\/2\/\"><span class=\"elementor-screen-only\">Page<\/span>2<\/a>\n<a class=\"page-numbers\" href=\"https:\/\/tropiques-atrium.fr\/cinemartinique\/wp-json\/wp\/v2\/pages\/1219\/page\/3\/\"><span class=\"elementor-screen-only\">Page<\/span>3<\/a>\n<a class=\"page-numbers\" href=\"https:\/\/tropiques-atrium.fr\/cinemartinique\/wp-json\/wp\/v2\/pages\/1219\/page\/4\/\"><span class=\"elementor-screen-only\">Page<\/span>4<\/a>\t\t<\/nav>\n\t\t\t\t<\/div>\n\t\t\t\t<\/div>\n\t\t\t\t\t<\/div>\n\t\t<\/div>\n\t\t\t\t\t<\/div>\n\t\t<\/section>\n\t\t\t\t<\/div>\n\t\t","protected":false},"excerpt":{"rendered":"<p>Contacts : Billetterie : 0596 70 79 29 Mail :\u00a0rcmfestival@gmail.com Les news des Rencontres<\/p>\n","protected":false},"author":2,"featured_media":0,"parent":0,"menu_order":0,"comment_status":"closed","ping_status":"closed","template":"elementor_header_footer","meta":{"footnotes":""},"yoast_head":"<!-- This site is optimized with the Yoast SEO plugin v22.0 - https:\/\/yoast.com\/wordpress\/plugins\/seo\/ -->\n<title>Contacts - Cin\u00e9Martinique Festival<\/title>\n<meta name=\"robots\" content=\"index, follow, max-snippet:-1, max-image-preview:large, max-video-preview:-1\" \/>\n<link rel=\"canonical\" href=\"https:\/\/tropiques-atrium.fr\/cinemartinique\/contacts\/\" \/>\n<meta property=\"og:locale\" content=\"fr_FR\" \/>\n<meta property=\"og:type\" content=\"article\" \/>\n<meta property=\"og:title\" content=\"Contacts - Cin\u00e9Martinique Festival\" \/>\n<meta property=\"og:description\" content=\"Contacts : Billetterie : 0596 70 79 29 Mail :\u00a0rcmfestival@gmail.com Les news des Rencontres\" \/>\n<meta property=\"og:url\" content=\"https:\/\/tropiques-atrium.fr\/cinemartinique\/contacts\/\" \/>\n<meta property=\"og:site_name\" content=\"Cin\u00e9Martinique Festival\" \/>\n<meta property=\"article:modified_time\" content=\"2019-03-26T17:33:41+00:00\" \/>\n<meta name=\"twitter:card\" content=\"summary_large_image\" \/>\n<!-- \/ Yoast SEO plugin. -->","yoast_head_json":{"title":"Contacts - Cin\u00e9Martinique Festival","robots":{"index":"index","follow":"follow","max-snippet":"max-snippet:-1","max-image-preview":"max-image-preview:large","max-video-preview":"max-video-preview:-1"},"canonical":"https:\/\/tropiques-atrium.fr\/cinemartinique\/contacts\/","og_locale":"fr_FR","og_type":"article","og_title":"Contacts - Cin\u00e9Martinique Festival","og_description":"Contacts : Billetterie : 0596 70 79 29 Mail :\u00a0rcmfestival@gmail.com Les news des Rencontres","og_url":"https:\/\/tropiques-atrium.fr\/cinemartinique\/contacts\/","og_site_name":"Cin\u00e9Martinique Festival","article_modified_time":"2019-03-26T17:33:41+00:00","twitter_card":"summary_large_image","schema":{"@context":"https:\/\/schema.org","@graph":[{"@type":"WebPage","@id":"https:\/\/tropiques-atrium.fr\/cinemartinique\/contacts\/","url":"https:\/\/tropiques-atrium.fr\/cinemartinique\/contacts\/","name":"Contacts - Cin\u00e9Martinique Festival","isPartOf":{"@id":"https:\/\/tropiques-atrium.fr\/cinemartinique\/#website"},"datePublished":"2019-03-18T19:12:14+00:00","dateModified":"2019-03-26T17:33:41+00:00","breadcrumb":{"@id":"https:\/\/tropiques-atrium.fr\/cinemartinique\/contacts\/#breadcrumb"},"inLanguage":"fr-FR","potentialAction":[{"@type":"ReadAction","target":["https:\/\/tropiques-atrium.fr\/cinemartinique\/contacts\/"]}]},{"@type":"BreadcrumbList","@id":"https:\/\/tropiques-atrium.fr\/cinemartinique\/contacts\/#breadcrumb","itemListElement":[{"@type":"ListItem","position":1,"name":"Accueil","item":"https:\/\/tropiques-atrium.fr\/cinemartinique\/"},{"@type":"ListItem","position":2,"name":"Contacts"}]},{"@type":"WebSite","@id":"https:\/\/tropiques-atrium.fr\/cinemartinique\/#website","url":"https:\/\/tropiques-atrium.fr\/cinemartinique\/","name":"Cin\u00e9Martinique Festival","description":"","publisher":{"@id":"https:\/\/tropiques-atrium.fr\/cinemartinique\/#organization"},"potentialAction":[{"@type":"SearchAction","target":{"@type":"EntryPoint","urlTemplate":"https:\/\/tropiques-atrium.fr\/cinemartinique\/?s={search_term_string}"},"query-input":"required name=search_term_string"}],"inLanguage":"fr-FR"},{"@type":"Organization","@id":"https:\/\/tropiques-atrium.fr\/cinemartinique\/#organization","name":"Cin\u00e9Martinique Festival","url":"https:\/\/tropiques-atrium.fr\/cinemartinique\/","logo":{"@type":"ImageObject","inLanguage":"fr-FR","@id":"https:\/\/tropiques-atrium.fr\/cinemartinique\/#\/schema\/logo\/image\/","url":"https:\/\/tropiques-atrium.fr\/cinemartinique\/wp-content\/uploads\/sites\/3\/2022\/01\/CineMartinique-logo-1.png","contentUrl":"https:\/\/tropiques-atrium.fr\/cinemartinique\/wp-content\/uploads\/sites\/3\/2022\/01\/CineMartinique-logo-1.png","width":1205,"height":362,"caption":"Cin\u00e9Martinique Festival"},"image":{"@id":"https:\/\/tropiques-atrium.fr\/cinemartinique\/#\/schema\/logo\/image\/"}}]}},"amp_enabled":false,"_links":{"self":[{"href":"https:\/\/tropiques-atrium.fr\/cinemartinique\/wp-json\/wp\/v2\/pages\/1219"}],"collection":[{"href":"https:\/\/tropiques-atrium.fr\/cinemartinique\/wp-json\/wp\/v2\/pages"}],"about":[{"href":"https:\/\/tropiques-atrium.fr\/cinemartinique\/wp-json\/wp\/v2\/types\/page"}],"author":[{"embeddable":true,"href":"https:\/\/tropiques-atrium.fr\/cinemartinique\/wp-json\/wp\/v2\/users\/2"}],"replies":[{"embeddable":true,"href":"https:\/\/tropiques-atrium.fr\/cinemartinique\/wp-json\/wp\/v2\/comments?post=1219"}],"version-history":[{"count":8,"href":"https:\/\/tropiques-atrium.fr\/cinemartinique\/wp-json\/wp\/v2\/pages\/1219\/revisions"}],"predecessor-version":[{"id":1528,"href":"https:\/\/tropiques-atrium.fr\/cinemartinique\/wp-json\/wp\/v2\/pages\/1219\/revisions\/1528"}],"wp:attachment":[{"href":"https:\/\/tropiques-atrium.fr\/cinemartinique\/wp-json\/wp\/v2\/media?parent=1219"}],"curies":[{"name":"wp","href":"https:\/\/api.w.org\/{rel}","templated":true}]}}