{"id":11979,"date":"2022-10-12T02:10:33","date_gmt":"2022-10-12T00:10:33","guid":{"rendered":"https:\/\/tropiques-atrium.fr\/cinemartinique\/?page_id=11979"},"modified":"2022-10-13T23:22:36","modified_gmt":"2022-10-13T21:22:36","slug":"prix-du-documentaire-2","status":"publish","type":"page","link":"https:\/\/tropiques-atrium.fr\/cinemartinique\/les-films-en-competition\/prix-du-documentaire-2\/","title":{"rendered":"Prix du documentaire"},"content":{"rendered":"\t\t<div data-elementor-type=\"wp-page\" data-elementor-id=\"11979\" class=\"elementor elementor-11979\" data-elementor-post-type=\"page\">\n\t\t\t\t\t\t<section class=\"elementor-section elementor-top-section elementor-element elementor-element-74efd6c elementor-section-boxed elementor-section-height-default elementor-section-height-default\" data-id=\"74efd6c\" data-element_type=\"section\">\n\t\t\t\t\t\t<div class=\"elementor-container elementor-column-gap-default\">\n\t\t\t\t\t<div class=\"elementor-column elementor-col-100 elementor-top-column elementor-element elementor-element-0b5bb39\" data-id=\"0b5bb39\" data-element_type=\"column\">\n\t\t\t<div class=\"elementor-widget-wrap elementor-element-populated\">\n\t\t\t\t\t\t<div class=\"elementor-element elementor-element-e7035bb elementor-align-left elementor-widget elementor-widget-breadcrumbs\" data-id=\"e7035bb\" data-element_type=\"widget\" data-widget_type=\"breadcrumbs.default\">\n\t\t\t\t<div class=\"elementor-widget-container\">\n\t\t\t<p id=\"breadcrumbs\"><span><span><a href=\"https:\/\/tropiques-atrium.fr\/cinemartinique\/\">Accueil<\/a><\/span><\/span><\/p>\t\t<\/div>\n\t\t\t\t<\/div>\n\t\t\t\t<div class=\"elementor-element elementor-element-3f3d954 elementor-widget-divider--view-line elementor-widget elementor-widget-divider\" data-id=\"3f3d954\" data-element_type=\"widget\" data-widget_type=\"divider.default\">\n\t\t\t\t<div class=\"elementor-widget-container\">\n\t\t\t\t\t<div class=\"elementor-divider\">\n\t\t\t<span class=\"elementor-divider-separator\">\n\t\t\t\t\t\t<\/span>\n\t\t<\/div>\n\t\t\t\t<\/div>\n\t\t\t\t<\/div>\n\t\t\t\t\t<\/div>\n\t\t<\/div>\n\t\t\t\t\t<\/div>\n\t\t<\/section>\n\t\t\t\t<section class=\"elementor-section elementor-top-section elementor-element elementor-element-1cb8d05 elementor-section-boxed elementor-section-height-default elementor-section-height-default\" data-id=\"1cb8d05\" data-element_type=\"section\">\n\t\t\t\t\t\t<div class=\"elementor-container elementor-column-gap-default\">\n\t\t\t\t\t<div class=\"elementor-column elementor-col-100 elementor-top-column elementor-element elementor-element-4e79620\" data-id=\"4e79620\" data-element_type=\"column\">\n\t\t\t<div class=\"elementor-widget-wrap elementor-element-populated\">\n\t\t\t\t\t\t<div class=\"elementor-element elementor-element-ff37159 elementor-headline--style-highlight elementor-widget elementor-widget-animated-headline\" data-id=\"ff37159\" data-element_type=\"widget\" data-settings=\"{&quot;marker&quot;:&quot;double_underline&quot;,&quot;highlighted_text&quot;:&quot;carib\\u00e9en&quot;,&quot;headline_style&quot;:&quot;highlight&quot;,&quot;loop&quot;:&quot;yes&quot;,&quot;highlight_animation_duration&quot;:1200,&quot;highlight_iteration_delay&quot;:8000}\" data-widget_type=\"animated-headline.default\">\n\t\t\t\t<div class=\"elementor-widget-container\">\n\t\t\t\t\t<h3 class=\"elementor-headline\">\n\t\t\t\t\t<span class=\"elementor-headline-plain-text elementor-headline-text-wrapper\">Cin\u00e9ma<\/span>\n\t\t\t\t<span class=\"elementor-headline-dynamic-wrapper elementor-headline-text-wrapper\">\n\t\t\t\t\t<span class=\"elementor-headline-dynamic-text elementor-headline-text-active\">carib\u00e9en<\/span>\n\t\t\t\t<\/span>\n\t\t\t\t<\/h3>\n\t\t\t\t<\/div>\n\t\t\t\t<\/div>\n\t\t\t\t<div class=\"elementor-element elementor-element-4f544ee elementor-widget elementor-widget-text-editor\" data-id=\"4f544ee\" data-element_type=\"widget\" data-widget_type=\"text-editor.default\">\n\t\t\t\t<div class=\"elementor-widget-container\">\n\t\t\t\t\t\t\t<p>Prix du documentaire.<br \/>LES DOCUMENTAIRES EN COMP\u00c9TITION<\/p>\t\t\t\t\t\t<\/div>\n\t\t\t\t<\/div>\n\t\t\t\t\t<\/div>\n\t\t<\/div>\n\t\t\t\t\t<\/div>\n\t\t<\/section>\n\t\t\t\t<section class=\"elementor-section elementor-top-section elementor-element elementor-element-20f9f71 elementor-section-boxed elementor-section-height-default elementor-section-height-default\" data-id=\"20f9f71\" data-element_type=\"section\">\n\t\t\t\t\t\t<div class=\"elementor-container elementor-column-gap-default\">\n\t\t\t\t\t<div class=\"elementor-column elementor-col-100 elementor-top-column elementor-element elementor-element-cffe082\" data-id=\"cffe082\" data-element_type=\"column\">\n\t\t\t<div class=\"elementor-widget-wrap elementor-element-populated\">\n\t\t\t\t\t\t<div class=\"elementor-element elementor-element-e02ed2d elementor-widget-divider--view-line elementor-widget elementor-widget-divider\" data-id=\"e02ed2d\" data-element_type=\"widget\" data-widget_type=\"divider.default\">\n\t\t\t\t<div class=\"elementor-widget-container\">\n\t\t\t\t\t<div class=\"elementor-divider\">\n\t\t\t<span class=\"elementor-divider-separator\">\n\t\t\t\t\t\t<\/span>\n\t\t<\/div>\n\t\t\t\t<\/div>\n\t\t\t\t<\/div>\n\t\t\t\t<div class=\"elementor-element elementor-element-a0f36df elementor-widget elementor-widget-text-editor\" data-id=\"a0f36df\" data-element_type=\"widget\" data-widget_type=\"text-editor.default\">\n\t\t\t\t<div class=\"elementor-widget-container\">\n\t\t\t\t\t\t\t<p>Le jury<\/p>\t\t\t\t\t\t<\/div>\n\t\t\t\t<\/div>\n\t\t\t\t\t<\/div>\n\t\t<\/div>\n\t\t\t\t\t<\/div>\n\t\t<\/section>\n\t\t\t\t<section class=\"elementor-section elementor-top-section elementor-element elementor-element-2fecd0b elementor-section-boxed elementor-section-height-default elementor-section-height-default\" data-id=\"2fecd0b\" data-element_type=\"section\">\n\t\t\t\t\t\t<div class=\"elementor-container elementor-column-gap-default\">\n\t\t\t\t\t<div class=\"elementor-column elementor-col-25 elementor-top-column elementor-element elementor-element-19e3ed5\" data-id=\"19e3ed5\" data-element_type=\"column\">\n\t\t\t<div class=\"elementor-widget-wrap elementor-element-populated\">\n\t\t\t\t\t\t<div class=\"elementor-element elementor-element-88adb0a elementor-position-left elementor-vertical-align-top elementor-widget elementor-widget-image-box\" data-id=\"88adb0a\" data-element_type=\"widget\" data-widget_type=\"image-box.default\">\n\t\t\t\t<div class=\"elementor-widget-container\">\n\t\t\t<div class=\"elementor-image-box-wrapper\"><figure class=\"elementor-image-box-img\"><img fetchpriority=\"high\" decoding=\"async\" width=\"253\" height=\"253\" src=\"https:\/\/tropiques-atrium.fr\/cinemartinique\/wp-content\/uploads\/sites\/3\/2022\/10\/lavra.jpg\" class=\"attachment-full size-full wp-image-12601\" alt=\"\" srcset=\"https:\/\/tropiques-atrium.fr\/cinemartinique\/wp-content\/uploads\/sites\/3\/2022\/10\/lavra.jpg 253w, https:\/\/tropiques-atrium.fr\/cinemartinique\/wp-content\/uploads\/sites\/3\/2022\/10\/lavra-150x150.jpg 150w\" sizes=\"(max-width: 253px) 100vw, 253px\" \/><\/figure><div class=\"elementor-image-box-content\"><h3 class=\"elementor-image-box-title\">Paola Lavra<\/h3><p class=\"elementor-image-box-description\">Professeure d\u2019anthropologie appliqu\u00e9e \u00e0 l\u2019art<\/p><\/div><\/div>\t\t<\/div>\n\t\t\t\t<\/div>\n\t\t\t\t\t<\/div>\n\t\t<\/div>\n\t\t\t\t<div class=\"elementor-column elementor-col-25 elementor-top-column elementor-element elementor-element-fa570e2\" data-id=\"fa570e2\" data-element_type=\"column\">\n\t\t\t<div class=\"elementor-widget-wrap elementor-element-populated\">\n\t\t\t\t\t\t<div class=\"elementor-element elementor-element-1093c5c elementor-position-left elementor-vertical-align-top elementor-widget elementor-widget-image-box\" data-id=\"1093c5c\" data-element_type=\"widget\" data-widget_type=\"image-box.default\">\n\t\t\t\t<div class=\"elementor-widget-container\">\n\t\t\t<div class=\"elementor-image-box-wrapper\"><figure class=\"elementor-image-box-img\"><img decoding=\"async\" width=\"384\" height=\"384\" src=\"https:\/\/tropiques-atrium.fr\/cinemartinique\/wp-content\/uploads\/sites\/3\/2022\/10\/david-donat.jpg\" class=\"attachment-full size-full wp-image-12606\" alt=\"\" srcset=\"https:\/\/tropiques-atrium.fr\/cinemartinique\/wp-content\/uploads\/sites\/3\/2022\/10\/david-donat.jpg 384w, https:\/\/tropiques-atrium.fr\/cinemartinique\/wp-content\/uploads\/sites\/3\/2022\/10\/david-donat-300x300.jpg 300w, https:\/\/tropiques-atrium.fr\/cinemartinique\/wp-content\/uploads\/sites\/3\/2022\/10\/david-donat-150x150.jpg 150w\" sizes=\"(max-width: 384px) 100vw, 384px\" \/><\/figure><div class=\"elementor-image-box-content\"><h3 class=\"elementor-image-box-title\">David Donat<\/h3><p class=\"elementor-image-box-description\">Producteur<\/p><\/div><\/div>\t\t<\/div>\n\t\t\t\t<\/div>\n\t\t\t\t\t<\/div>\n\t\t<\/div>\n\t\t\t\t<div class=\"elementor-column elementor-col-25 elementor-top-column elementor-element elementor-element-4f03663\" data-id=\"4f03663\" data-element_type=\"column\">\n\t\t\t<div class=\"elementor-widget-wrap elementor-element-populated\">\n\t\t\t\t\t\t<div class=\"elementor-element elementor-element-eee9470 elementor-position-left elementor-vertical-align-top elementor-widget elementor-widget-image-box\" data-id=\"eee9470\" data-element_type=\"widget\" data-widget_type=\"image-box.default\">\n\t\t\t\t<div class=\"elementor-widget-container\">\n\t\t\t<div class=\"elementor-image-box-wrapper\"><figure class=\"elementor-image-box-img\"><img decoding=\"async\" width=\"640\" height=\"640\" src=\"https:\/\/tropiques-atrium.fr\/cinemartinique\/wp-content\/uploads\/sites\/3\/2022\/10\/Patricia-Monpierre.png\" class=\"attachment-full size-full wp-image-12602\" alt=\"\" srcset=\"https:\/\/tropiques-atrium.fr\/cinemartinique\/wp-content\/uploads\/sites\/3\/2022\/10\/Patricia-Monpierre.png 640w, https:\/\/tropiques-atrium.fr\/cinemartinique\/wp-content\/uploads\/sites\/3\/2022\/10\/Patricia-Monpierre-300x300.png 300w, https:\/\/tropiques-atrium.fr\/cinemartinique\/wp-content\/uploads\/sites\/3\/2022\/10\/Patricia-Monpierre-150x150.png 150w\" sizes=\"(max-width: 640px) 100vw, 640px\" \/><\/figure><div class=\"elementor-image-box-content\"><h3 class=\"elementor-image-box-title\">Patricia Monpierre<\/h3><p class=\"elementor-image-box-description\">Interreg Cinuca<\/p><\/div><\/div>\t\t<\/div>\n\t\t\t\t<\/div>\n\t\t\t\t\t<\/div>\n\t\t<\/div>\n\t\t\t\t<div class=\"elementor-column elementor-col-25 elementor-top-column elementor-element elementor-element-b0089a4\" data-id=\"b0089a4\" data-element_type=\"column\">\n\t\t\t<div class=\"elementor-widget-wrap\">\n\t\t\t\t\t\t\t<\/div>\n\t\t<\/div>\n\t\t\t\t\t<\/div>\n\t\t<\/section>\n\t\t\t\t<section class=\"elementor-section elementor-top-section elementor-element elementor-element-d99ddb8 elementor-section-boxed elementor-section-height-default elementor-section-height-default\" data-id=\"d99ddb8\" data-element_type=\"section\" data-settings=\"{&quot;background_background&quot;:&quot;classic&quot;}\">\n\t\t\t\t\t\t<div class=\"elementor-container elementor-column-gap-default\">\n\t\t\t\t\t<div class=\"elementor-column elementor-col-100 elementor-top-column elementor-element elementor-element-6968c2d\" data-id=\"6968c2d\" data-element_type=\"column\">\n\t\t\t<div class=\"elementor-widget-wrap elementor-element-populated\">\n\t\t\t\t\t\t<div class=\"elementor-element elementor-element-3f0c3dc elementor-widget elementor-widget-text-editor\" data-id=\"3f0c3dc\" data-element_type=\"widget\" data-widget_type=\"text-editor.default\">\n\t\t\t\t<div class=\"elementor-widget-container\">\n\t\t\t\t\t\t\t<p id=\"evo_set_shortcodes\"><!-- EventON Calendar --><div id='evcal_calendar_392' class='ajde_evcal_calendar sev cev color esty_2 etttc_custom ajax_loading_cal' data-cal=''><div id='evcal_head' class='calendar_header evcal_nosort' ><div class='evo_cal_above evodfx evofx_dr_r marb5 evofx_ww'><button class='cal_head_btn evo-gototoday-btn' style='' data-mo='4' data-yr='2026' data-dy='' aria-label='Go to today'>Ce mois-ci<\/button><\/div><div class='evo_cal_above_content'><\/div><div class='evo_header_title '><div class='evo_header_mo evodfx evofx_ai_c'><div class='evo_loading_bar_holder h100 noMinH swipe' style=''><div class='evo_loading_bar wid_80% hi_40px' style='width:80%; height:40px; '><\/div><\/div><\/div><\/div><\/div><div class='evo_filter_bar evo_main_filter_bar eventon_sorting_section '><div class='evo_filter_container evodfx evo_fx_ai_c'><div class='evo_filter_container_in'><div class='eventon_filter_line' ><div class='evo_loading_bar_holder h100 loading_filters swipe' style='min-height:30px;'><div class='nesthold r g10'><div class='evo_loading_bar wid_100% hi_30px' style='width:100%; height:30px; margin-bottom:1px;'><\/div><div class='evo_loading_bar wid_100% hi_30px' style='width:100%; height:30px; margin-bottom:1px;'><\/div><div class='evo_loading_bar wid_100% hi_30px' style='width:100%; height:30px; margin-bottom:1px;'><\/div><div class='evo_loading_bar wid_100% hi_30px' style='width:100%; height:30px; margin-bottom:1px;'><\/div><div class='evo_loading_bar wid_100% hi_30px' style='width:100%; height:30px; margin-bottom:1px;'><\/div><\/div><\/div><\/div><\/div><div class='evo_filter_nav evo_filter_l'><i class='fa fa-chevron-left'><\/i><\/div><div class='evo_filter_nav evo_filter_r'><i class='fa fa-chevron-right'><\/i><\/div><\/div><div class='evo_filter_aply_btns'><\/div><div class='evo_filter_menu'><\/div><\/div><div id='eventon_loadbar_section'><div id='eventon_loadbar'><\/div><\/div><!-- Events List --><div class='evo_events_list_box'><div id='evcal_list' class='eventon_events_list '><div class='evo_loading_bar_holder h100 loading_e swipe' style=''><div class='nest nest1 e'><div class='nesthold r g10'><div class='nest nest2 e1'><div class='evo_loading_bar wid_100px hi_95px' style='width:100px; height:95px; '><\/div><\/div><div class='nest nest2 e2'><div class='evo_loading_bar wid_50% hi_55px' style='width:50%; height:55px; '><\/div><div class='evo_loading_bar wid_90% hi_30px' style='width:90%; height:30px; '><\/div><\/div><\/div><\/div><div class='nest nest1 e'><div class='nesthold r g10'><div class='nest nest2 e1'><div class='evo_loading_bar wid_100px hi_95px' style='width:100px; height:95px; '><\/div><\/div><div class='nest nest2 e2'><div class='evo_loading_bar wid_50% hi_55px' style='width:50%; height:55px; '><\/div><div class='evo_loading_bar wid_90% hi_30px' style='width:90%; height:30px; '><\/div><\/div><\/div><\/div><div class='nest nest1 e'><div class='nesthold r g10'><div class='nest nest2 e1'><div class='evo_loading_bar wid_100px hi_95px' style='width:100px; height:95px; '><\/div><\/div><div class='nest nest2 e2'><div class='evo_loading_bar wid_50% hi_55px' style='width:50%; height:55px; '><\/div><div class='evo_loading_bar wid_90% hi_30px' style='width:90%; height:30px; '><\/div><\/div><\/div><\/div><\/div>\t\t\t<\/div>\r\n\t\t\t<\/div><!-- evo_events_list_box -->\t\r\n\t\t\t<div class='clear'><\/div>\r\n\t\t\t\t\t \t<div id='evcal_footer' class='evo_bottom' style='display:none'>\r\n\t\t \t\t<div class='evo_cal_data' data-sc=\"{&quot;accord&quot;:&quot;no&quot;,&quot;bottom_nav&quot;:&quot;no&quot;,&quot;cal_id&quot;:&quot;&quot;,&quot;cal_init_nonajax&quot;:&quot;no&quot;,&quot;calendar_type&quot;:&quot;default&quot;,&quot;day_incre&quot;:0,&quot;ep_fields&quot;:&quot;&quot;,&quot;etc_override&quot;:&quot;no&quot;,&quot;evc_open&quot;:&quot;no&quot;,&quot;event_count&quot;:0,&quot;event_location&quot;:&quot;all&quot;,&quot;event_order&quot;:&quot;ASC&quot;,&quot;event_organizer&quot;:&quot;all&quot;,&quot;event_parts&quot;:&quot;no&quot;,&quot;event_past_future&quot;:&quot;all&quot;,&quot;event_status&quot;:&quot;all&quot;,&quot;event_tag&quot;:&quot;all&quot;,&quot;event_type&quot;:&quot;6,10&quot;,&quot;event_type_2&quot;:&quot;all&quot;,&quot;event_virtual&quot;:&quot;all&quot;,&quot;eventtop_date_style&quot;:0,&quot;eventtop_style&quot;:&quot;2&quot;,&quot;exp_jumper&quot;:&quot;no&quot;,&quot;exp_so&quot;:&quot;no&quot;,&quot;filter_relationship&quot;:&quot;AND&quot;,&quot;filter_show_set_only&quot;:&quot;yes&quot;,&quot;filter_style&quot;:&quot;default&quot;,&quot;filter_type&quot;:&quot;default&quot;,&quot;filters&quot;:&quot;yes&quot;,&quot;fixed_day&quot;:&quot;24&quot;,&quot;fixed_month&quot;:&quot;4&quot;,&quot;fixed_year&quot;:&quot;2026&quot;,&quot;focus_end_date_range&quot;:&quot;1777607999&quot;,&quot;focus_start_date_range&quot;:&quot;1775016000&quot;,&quot;ft_event_priority&quot;:&quot;no&quot;,&quot;grid_ux&quot;:0,&quot;heat&quot;:&quot;no&quot;,&quot;hide_arrows&quot;:&quot;no&quot;,&quot;hide_cancels&quot;:&quot;no&quot;,&quot;hide_empty_months&quot;:&quot;no&quot;,&quot;hide_end_time&quot;:&quot;no&quot;,&quot;hide_et_dn&quot;:&quot;no&quot;,&quot;hide_et_extra&quot;:&quot;no&quot;,&quot;hide_et_tags&quot;:&quot;no&quot;,&quot;hide_et_tl&quot;:&quot;no&quot;,&quot;hide_ft&quot;:&quot;no&quot;,&quot;hide_ft_img&quot;:&quot;no&quot;,&quot;hide_month_headers&quot;:&quot;no&quot;,&quot;hide_mult_occur&quot;:&quot;no&quot;,&quot;hide_past&quot;:&quot;no&quot;,&quot;hide_past_by&quot;:&quot;ee&quot;,&quot;hide_so&quot;:&quot;no&quot;,&quot;hide_sort_options&quot;:&quot;no&quot;,&quot;hover&quot;:&quot;number&quot;,&quot;ics&quot;:&quot;no&quot;,&quot;jumper&quot;:&quot;no&quot;,&quot;jumper_count&quot;:5,&quot;jumper_offset&quot;:&quot;0&quot;,&quot;lang&quot;:&quot;L1&quot;,&quot;layout_changer&quot;:&quot;no&quot;,&quot;livenow_bar&quot;:&quot;yes&quot;,&quot;load_fullmonth&quot;:&quot;no&quot;,&quot;mapformat&quot;:&quot;roadmap&quot;,&quot;mapiconurl&quot;:&quot;&quot;,&quot;maps_load&quot;:&quot;yes&quot;,&quot;mapscroll&quot;:&quot;true&quot;,&quot;mapzoom&quot;:&quot;18&quot;,&quot;members_only&quot;:&quot;no&quot;,&quot;ml_priority&quot;:&quot;no&quot;,&quot;ml_toend&quot;:&quot;no&quot;,&quot;mo1st&quot;:&quot;&quot;,&quot;month_incre&quot;:0,&quot;nexttogrid&quot;:&quot;no&quot;,&quot;number_of_months&quot;:&quot;1&quot;,&quot;only_ft&quot;:&quot;no&quot;,&quot;pec&quot;:&quot;&quot;,&quot;s&quot;:&quot;&quot;,&quot;search&quot;:&quot;&quot;,&quot;search_all&quot;:&quot;no&quot;,&quot;sep_month&quot;:&quot;no&quot;,&quot;show_et_ft_img&quot;:&quot;yes&quot;,&quot;show_limit&quot;:&quot;no&quot;,&quot;show_limit_ajax&quot;:&quot;no&quot;,&quot;show_limit_paged&quot;:1,&quot;show_limit_redir&quot;:&quot;&quot;,&quot;show_repeats&quot;:&quot;no&quot;,&quot;show_search&quot;:&quot;no&quot;,&quot;show_upcoming&quot;:0,&quot;show_year&quot;:&quot;no&quot;,&quot;social_share&quot;:&quot;no&quot;,&quot;sort_by&quot;:&quot;sort_date&quot;,&quot;style&quot;:&quot;&quot;,&quot;tile_bg&quot;:0,&quot;tile_bg_size&quot;:&quot;full&quot;,&quot;tile_count&quot;:2,&quot;tile_height&quot;:0,&quot;tile_style&quot;:0,&quot;tiles&quot;:&quot;no&quot;,&quot;ux_val&quot;:&quot;0&quot;,&quot;view_switcher&quot;:&quot;no&quot;,&quot;wpml_l1&quot;:&quot;&quot;,&quot;wpml_l2&quot;:&quot;&quot;,&quot;wpml_l3&quot;:&quot;&quot;,&quot;x_ids&quot;:&quot;&quot;,&quot;yl_priority&quot;:&quot;no&quot;,&quot;yl_toend&quot;:&quot;no&quot;,&quot;_cver&quot;:&quot;5.0.8&quot;}\" data-filter_data=\"{&quot;event_type&quot;:{&quot;__name&quot;:&quot;Genre&quot;,&quot;__tax&quot;:&quot;event_type&quot;,&quot;__filter_type&quot;:&quot;tax&quot;,&quot;__def_val&quot;:[6,10],&quot;__invals&quot;:[&quot;6&quot;,&quot;10&quot;],&quot;__notvals&quot;:[],&quot;__list&quot;:{&quot;documentaire&quot;:[10,&quot;Documentaire&quot;,false,&quot;y&quot;,&quot;&quot;],&quot;en-competition&quot;:[6,&quot;En comp\\u00e9tition&quot;,false,&quot;y&quot;,&quot;&quot;]},&quot;nterms&quot;:[6,10],&quot;tterms&quot;:[6,10],&quot;terms&quot;:[6,10]},&quot;event_type_2&quot;:{&quot;__name&quot;:&quot;Event Type 2&quot;,&quot;__tax&quot;:&quot;event_type_2&quot;,&quot;__filter_type&quot;:&quot;tax&quot;,&quot;__def_val&quot;:[&quot;all&quot;],&quot;__invals&quot;:[&quot;all&quot;],&quot;__notvals&quot;:[],&quot;__list&quot;:[],&quot;nterms&quot;:[&quot;all&quot;],&quot;tterms&quot;:[&quot;all&quot;],&quot;terms&quot;:[&quot;all&quot;]}}\" data-nav_data=\"{&quot;month_title&quot;:&quot;&lt;p id=&#039;evcal_cur&#039; class=&#039;evo_month_title padr10&#039;&gt; avril, 2026&lt;\\\/p&gt;&quot;}\" data-od=\"{&quot;lang_no_events&quot;:&quot;No Events&quot;,&quot;cal_tz_offset&quot;:-240,&quot;cal_tz&quot;:&quot;America\\\/New_York&quot;}\" ><\/div>\r\n\t\t \t\t<div class='evo_cal_events' data-events=\"\"><\/div>\r\n\t\t \t<\/div>\r\n\t\t\t\t\r\n\t\t\t\r\n\t\t\t\t\t\t<\/div><!-- EventON End -->\r\n\t\t\t<\/p>\t\t\t\t\t\t<\/div>\n\t\t\t\t<\/div>\n\t\t\t\t\t<\/div>\n\t\t<\/div>\n\t\t\t\t\t<\/div>\n\t\t<\/section>\n\t\t\t\t<\/div>\n\t\t","protected":false},"excerpt":{"rendered":"<p>Cin\u00e9ma carib\u00e9en Prix du documentaire.LES DOCUMENTAIRES EN COMP\u00c9TITION Le jury Paola Lavra Professeure d\u2019anthropologie appliqu\u00e9e \u00e0 l\u2019art David Donat Producteur Patricia Monpierre Interreg Cinuca<\/p>\n","protected":false},"author":1,"featured_media":0,"parent":12095,"menu_order":1,"comment_status":"closed","ping_status":"closed","template":"elementor_header_footer","meta":{"footnotes":""},"yoast_head":"<!-- This site is optimized with the Yoast SEO plugin v22.0 - https:\/\/yoast.com\/wordpress\/plugins\/seo\/ -->\n<title>Prix du documentaire - Cin\u00e9Martinique Festival<\/title>\n<meta name=\"robots\" content=\"index, follow, max-snippet:-1, max-image-preview:large, max-video-preview:-1\" \/>\n<link rel=\"canonical\" href=\"https:\/\/tropiques-atrium.fr\/cinemartinique\/les-films-en-competition\/prix-du-documentaire-2\/\" \/>\n<meta property=\"og:locale\" content=\"fr_FR\" \/>\n<meta property=\"og:type\" content=\"article\" \/>\n<meta property=\"og:title\" content=\"Prix du documentaire - Cin\u00e9Martinique Festival\" \/>\n<meta property=\"og:description\" content=\"Cin\u00e9ma carib\u00e9en Prix du documentaire.LES DOCUMENTAIRES EN COMP\u00c9TITION Le jury Paola Lavra Professeure d\u2019anthropologie appliqu\u00e9e \u00e0 l\u2019art David Donat Producteur Patricia Monpierre Interreg Cinuca\" \/>\n<meta property=\"og:url\" content=\"https:\/\/tropiques-atrium.fr\/cinemartinique\/les-films-en-competition\/prix-du-documentaire-2\/\" \/>\n<meta property=\"og:site_name\" content=\"Cin\u00e9Martinique Festival\" \/>\n<meta property=\"article:modified_time\" content=\"2022-10-13T21:22:36+00:00\" \/>\n<meta property=\"og:image\" content=\"https:\/\/tropiques-atrium.fr\/cinemartinique\/wp-content\/uploads\/sites\/3\/2022\/10\/lavra.jpg\" \/>\n<meta name=\"twitter:card\" content=\"summary_large_image\" \/>\n<meta name=\"twitter:label1\" content=\"Dur\u00e9e de lecture estim\u00e9e\" \/>\n\t<meta name=\"twitter:data1\" content=\"1 minute\" \/>\n<!-- \/ Yoast SEO plugin. -->","yoast_head_json":{"title":"Prix du documentaire - Cin\u00e9Martinique Festival","robots":{"index":"index","follow":"follow","max-snippet":"max-snippet:-1","max-image-preview":"max-image-preview:large","max-video-preview":"max-video-preview:-1"},"canonical":"https:\/\/tropiques-atrium.fr\/cinemartinique\/les-films-en-competition\/prix-du-documentaire-2\/","og_locale":"fr_FR","og_type":"article","og_title":"Prix du documentaire - Cin\u00e9Martinique Festival","og_description":"Cin\u00e9ma carib\u00e9en Prix du documentaire.LES DOCUMENTAIRES EN COMP\u00c9TITION Le jury Paola Lavra Professeure d\u2019anthropologie appliqu\u00e9e \u00e0 l\u2019art David Donat Producteur Patricia Monpierre Interreg Cinuca","og_url":"https:\/\/tropiques-atrium.fr\/cinemartinique\/les-films-en-competition\/prix-du-documentaire-2\/","og_site_name":"Cin\u00e9Martinique Festival","article_modified_time":"2022-10-13T21:22:36+00:00","og_image":[{"url":"https:\/\/tropiques-atrium.fr\/cinemartinique\/wp-content\/uploads\/sites\/3\/2022\/10\/lavra.jpg"}],"twitter_card":"summary_large_image","twitter_misc":{"Dur\u00e9e de lecture estim\u00e9e":"1 minute"},"schema":{"@context":"https:\/\/schema.org","@graph":[{"@type":"WebPage","@id":"https:\/\/tropiques-atrium.fr\/cinemartinique\/les-films-en-competition\/prix-du-documentaire-2\/","url":"https:\/\/tropiques-atrium.fr\/cinemartinique\/les-films-en-competition\/prix-du-documentaire-2\/","name":"Prix du documentaire - Cin\u00e9Martinique Festival","isPartOf":{"@id":"https:\/\/tropiques-atrium.fr\/cinemartinique\/#website"},"datePublished":"2022-10-12T00:10:33+00:00","dateModified":"2022-10-13T21:22:36+00:00","breadcrumb":{"@id":"https:\/\/tropiques-atrium.fr\/cinemartinique\/les-films-en-competition\/prix-du-documentaire-2\/#breadcrumb"},"inLanguage":"fr-FR","potentialAction":[{"@type":"ReadAction","target":["https:\/\/tropiques-atrium.fr\/cinemartinique\/les-films-en-competition\/prix-du-documentaire-2\/"]}]},{"@type":"BreadcrumbList","@id":"https:\/\/tropiques-atrium.fr\/cinemartinique\/les-films-en-competition\/prix-du-documentaire-2\/#breadcrumb","itemListElement":[{"@type":"ListItem","position":1,"name":"Accueil","item":"https:\/\/tropiques-atrium.fr\/cinemartinique\/"},{"@type":"ListItem","position":2,"name":"Les films en comp\u00e9tition","item":"https:\/\/tropiques-atrium.fr\/cinemartinique\/les-films-en-competition\/"},{"@type":"ListItem","position":3,"name":"Prix du documentaire"}]},{"@type":"WebSite","@id":"https:\/\/tropiques-atrium.fr\/cinemartinique\/#website","url":"https:\/\/tropiques-atrium.fr\/cinemartinique\/","name":"Cin\u00e9Martinique Festival","description":"","publisher":{"@id":"https:\/\/tropiques-atrium.fr\/cinemartinique\/#organization"},"potentialAction":[{"@type":"SearchAction","target":{"@type":"EntryPoint","urlTemplate":"https:\/\/tropiques-atrium.fr\/cinemartinique\/?s={search_term_string}"},"query-input":"required name=search_term_string"}],"inLanguage":"fr-FR"},{"@type":"Organization","@id":"https:\/\/tropiques-atrium.fr\/cinemartinique\/#organization","name":"Cin\u00e9Martinique Festival","url":"https:\/\/tropiques-atrium.fr\/cinemartinique\/","logo":{"@type":"ImageObject","inLanguage":"fr-FR","@id":"https:\/\/tropiques-atrium.fr\/cinemartinique\/#\/schema\/logo\/image\/","url":"https:\/\/tropiques-atrium.fr\/cinemartinique\/wp-content\/uploads\/sites\/3\/2022\/01\/CineMartinique-logo-1.png","contentUrl":"https:\/\/tropiques-atrium.fr\/cinemartinique\/wp-content\/uploads\/sites\/3\/2022\/01\/CineMartinique-logo-1.png","width":1205,"height":362,"caption":"Cin\u00e9Martinique Festival"},"image":{"@id":"https:\/\/tropiques-atrium.fr\/cinemartinique\/#\/schema\/logo\/image\/"}}]}},"amp_enabled":false,"_links":{"self":[{"href":"https:\/\/tropiques-atrium.fr\/cinemartinique\/wp-json\/wp\/v2\/pages\/11979"}],"collection":[{"href":"https:\/\/tropiques-atrium.fr\/cinemartinique\/wp-json\/wp\/v2\/pages"}],"about":[{"href":"https:\/\/tropiques-atrium.fr\/cinemartinique\/wp-json\/wp\/v2\/types\/page"}],"author":[{"embeddable":true,"href":"https:\/\/tropiques-atrium.fr\/cinemartinique\/wp-json\/wp\/v2\/users\/1"}],"replies":[{"embeddable":true,"href":"https:\/\/tropiques-atrium.fr\/cinemartinique\/wp-json\/wp\/v2\/comments?post=11979"}],"version-history":[{"count":80,"href":"https:\/\/tropiques-atrium.fr\/cinemartinique\/wp-json\/wp\/v2\/pages\/11979\/revisions"}],"predecessor-version":[{"id":12662,"href":"https:\/\/tropiques-atrium.fr\/cinemartinique\/wp-json\/wp\/v2\/pages\/11979\/revisions\/12662"}],"up":[{"embeddable":true,"href":"https:\/\/tropiques-atrium.fr\/cinemartinique\/wp-json\/wp\/v2\/pages\/12095"}],"wp:attachment":[{"href":"https:\/\/tropiques-atrium.fr\/cinemartinique\/wp-json\/wp\/v2\/media?parent=11979"}],"curies":[{"name":"wp","href":"https:\/\/api.w.org\/{rel}","templated":true}]}}